{"id":999,"date":"2022-10-19T16:53:26","date_gmt":"2022-10-19T14:53:26","guid":{"rendered":"http:\/\/www.shinemusicrental.com\/product\/bajo-electrico-yamaha-rbx374\/"},"modified":"2022-10-19T16:53:26","modified_gmt":"2022-10-19T14:53:26","slug":"bajo-electrico-yamaha-rbx374","status":"publish","type":"product","link":"https:\/\/shinemusicrental.com\/es\/product\/bajo-electrico-yamaha-rbx374\/","title":{"rendered":"Bajo El\u00e9ctrico Yamaha RBX374"},"content":{"rendered":"<p>El bajo el\u00e9ctrico Yamaha RBX374 ofrece una experiencia de bajo c\u00f3modo pero potente, todo envuelto en un paquete singularmente hermoso que har\u00e1 que cualquier actuaci\u00f3n o pr\u00e1ctica brille. Su cuerpo de aliso y m\u00e1stil de arce est\u00e1n dise\u00f1ados para durar, por lo que no te decepcionar\u00e1 incluso con las actuaciones m\u00e1s vigorosas, mientras que el humbucking de cer\u00e1mica de alto rendimiento y el potenci\u00f3metro de selecci\u00f3n te permiten seleccionar el tono rico que mejor se adapte a tu estilo de actuaci\u00f3n individual. Alquile este bajo o similar a nuestro muy competitiva tarifa.<\/p>\n<p>Instrument Rental Barcelona es parte de la red de escuelas de Shine School of Music. Ofrecemos una amplia gama de lecciones de m\u00fasica, lugares para la celebraci\u00f3n de eventos, espacios para practicar m\u00fasica y espacios adicionales de trabajo conjunto.<\/p>\n","protected":false},"excerpt":{"rendered":"<p><strong>Dep\u00f3sito: \u20ac160<\/strong><\/p>\n<p>El bajo el\u00e9ctrico Yamaha RBX374 ofrece una experiencia de bajo c\u00f3modo pero potente, todo envuelto en un paquete singularmente hermoso que har\u00e1 que cualquier actuaci\u00f3n o pr\u00e1ctica brille.<\/p>\n","protected":false},"featured_media":995,"comment_status":"open","ping_status":"closed","template":"","meta":{"_acf_changed":false,"content-type":""},"product_brand":[],"product_cat":[177,187],"product_tag":[461,560,584,463,591,557,527,531,453,455,529,559,632,593],"class_list":{"0":"post-999","1":"product","2":"type-product","3":"status-publish","4":"has-post-thumbnail","6":"product_cat-guitarras-y-bajos","7":"product_cat-bajos-electricos","8":"product_tag-alquiler-de-instrumentos","9":"product_tag-alquiler-de-instrumentos-es","10":"product_tag-alquiler-de-instrumentos-es-2","11":"product_tag-alquiler-de-instrumentos-barcelona","12":"product_tag-alquiler-de-instrumentos-espana-es","13":"product_tag-alquiler-de-instrumentos-espana","14":"product_tag-bajos-barcelona","15":"product_tag-bajos-de-alquiler","16":"product_tag-bajos-electricos","17":"product_tag-bajos-electricos-es","18":"product_tag-bajos-espana","19":"product_tag-instrumentos-de-contratacion","20":"product_tag-renting-instruments-barcelona-share-es","21":"product_tag-yamaha-es","23":"first","24":"instock","25":"sold-individually","26":"shipping-taxable","27":"purchasable","28":"product-type-booking"},"booking_location":"","booking_location_type":"","booking_duration":1,"booking_duration_unit":"day","booking_buffer":0,"booking_cost":0,"booking_resources":[],"exclude_global_add_ons":false,"addons":[{"name":"Dep\u00f3sito","type":"checkbox","position":0,"required":false,"title_format":"hide","default":"","description_enable":false,"description":"","placeholder_enable":false,"placeholder":"","display":"select","restrictions_type":"any_text","adjust_price":false,"price":"","price_type":"flat_fee","restrictions":false,"min":"0","max":"0","options":[{"label":"Dep\u00f3sito","price":"160","price_type":"flat_fee","image":0,"visibility":true}]}],"acf":{"set_to_be_sold":false,"sale_description":"","sale_price":""},"_links":{"self":[{"href":"https:\/\/shinemusicrental.com\/es\/wp-json\/wp\/v2\/product\/999","targetHints":{"allow":["GET"]}}],"collection":[{"href":"https:\/\/shinemusicrental.com\/es\/wp-json\/wp\/v2\/product"}],"about":[{"href":"https:\/\/shinemusicrental.com\/es\/wp-json\/wp\/v2\/types\/product"}],"replies":[{"embeddable":true,"href":"https:\/\/shinemusicrental.com\/es\/wp-json\/wp\/v2\/comments?post=999"}],"wp:featuredmedia":[{"embeddable":true,"href":"https:\/\/shinemusicrental.com\/es\/wp-json\/wp\/v2\/media\/995"}],"wp:attachment":[{"href":"https:\/\/shinemusicrental.com\/es\/wp-json\/wp\/v2\/media?parent=999"}],"wp:term":[{"taxonomy":"product_brand","embeddable":true,"href":"https:\/\/shinemusicrental.com\/es\/wp-json\/wp\/v2\/product_brand?post=999"},{"taxonomy":"product_cat","embeddable":true,"href":"https:\/\/shinemusicrental.com\/es\/wp-json\/wp\/v2\/product_cat?post=999"},{"taxonomy":"product_tag","embeddable":true,"href":"https:\/\/shinemusicrental.com\/es\/wp-json\/wp\/v2\/product_tag?post=999"}],"curies":[{"name":"wp","href":"https:\/\/api.w.org\/{rel}","templated":true}]}}