{"id":990,"date":"2022-10-19T16:44:24","date_gmt":"2022-10-19T14:44:24","guid":{"rendered":"http:\/\/www.shinemusicrental.com\/product\/set-de-altavoces-alto-truesonic-ts312\/"},"modified":"2024-04-22T12:47:01","modified_gmt":"2024-04-22T10:47:01","slug":"set-de-altavoces-alto-truesonic-ts312","status":"publish","type":"product","link":"https:\/\/shinemusicrental.com\/es\/product\/set-de-altavoces-alto-truesonic-ts312\/","title":{"rendered":"Set de Altavoces Alto Truesonic TS312"},"content":{"rendered":"<p>Estos altavoces de gabinete de alta precisi\u00f3n son perfectos para actuaciones profesionales cuando los altavoces de su casa no le sirvan. El dise\u00f1o trapezoidal proyecta un sonido m\u00e1s verdadero y preciso que las esquinas agudas, y con 800 vatios de potencia m\u00e1xima, no tendr\u00e1 problemas para llegar a la \u00faltima fila de una escuela, iglesia u otro auditorio mediano. Una carcasa de polipropileno mantiene el peso al m\u00ednimo para el transporte y la configuraci\u00f3n, y una forma apilable que acomoda las patas de goma antideslizantes y antideslizantes tambi\u00e9n simplifica el almacenamiento. Alquile este altavoz o similar a nuestra muy competitiva tarifa.<\/p>\n<p>Instrument Rental Barcelona es parte de la red de escuelas de Shine School of Music. Ofrecemos una amplia gama de lecciones de m\u00fasica, lugares para la celebraci\u00f3n de eventos, espacios para practicar m\u00fasica y espacios adicionales de trabajo conjunto.<\/p>\n","protected":false},"excerpt":{"rendered":"<p><strong>Dep\u00f3sito: \u20ac270<\/strong><\/p>\n<p>Estos altavoces de gabinete de alta precisi\u00f3n son perfectos para actuaciones profesionales cuando los altavoces de su casa no le sirvan.<\/p>\n","protected":false},"featured_media":985,"comment_status":"open","ping_status":"closed","template":"","meta":{"_acf_changed":false,"content-type":""},"product_brand":[],"product_cat":[331,347,345],"product_tag":[461,560,584,463,489,591,557,795,796,799,505,507,511,509,513,503,559],"class_list":{"0":"post-990","1":"product","2":"type-product","3":"status-publish","4":"has-post-thumbnail","6":"product_cat-equipos-pa-y-de-audiodifusion","7":"product_cat-altavoces","8":"product_cat-altavoces-y-sets-de-pa","9":"product_tag-alquiler-de-instrumentos","10":"product_tag-alquiler-de-instrumentos-es","11":"product_tag-alquiler-de-instrumentos-es-2","12":"product_tag-alquiler-de-instrumentos-barcelona","13":"product_tag-alquiler-de-instrumentos-barcelona-es","14":"product_tag-alquiler-de-instrumentos-espana-es","15":"product_tag-alquiler-de-instrumentos-espana","16":"product_tag-altavoces-de-alquiler","17":"product_tag-altavoz","18":"product_tag-alto-truesonic-es","19":"product_tag-equipo-de-estudio","20":"product_tag-equipo-de-estudio-barcelona","21":"product_tag-equipo-de-estudio-de-alquiler","22":"product_tag-equipo-de-estudio-es","23":"product_tag-equipo-de-estudio-espana","24":"product_tag-estudio","25":"product_tag-instrumentos-de-contratacion","27":"first","28":"instock","29":"sold-individually","30":"shipping-taxable","31":"purchasable","32":"product-type-booking"},"booking_location":"","booking_location_type":"","booking_duration":1,"booking_duration_unit":"day","booking_buffer":0,"booking_cost":0,"booking_resources":[],"exclude_global_add_ons":false,"addons":[{"name":"Dep\u00f3sito","type":"checkbox","position":0,"required":false,"title_format":"hide","default":"","description_enable":false,"description":"","placeholder_enable":false,"placeholder":"","display":"select","restrictions_type":"any_text","adjust_price":false,"price":"","price_type":"flat_fee","restrictions":false,"min":"0","max":"0","options":[{"label":"Dep\u00f3sito","price":"270","price_type":"flat_fee","image":0,"visibility":true}]},{"name":"ALTAVOCES PA","type":"checkbox","position":0,"required":false,"title_format":"label","default":"","description_enable":false,"description":"","placeholder_enable":false,"placeholder":"","display":"select","restrictions_type":"any_text","adjust_price":false,"price":"","price_type":"flat_fee","restrictions":false,"min":"0","max":"0","options":[{"label":"Cable de Instrumento Jack 1\/4","price":"5.00","price_type":"quantity_based","image":0,"visibility":true},{"label":"Cable XLR","price":"5.00","price_type":"quantity_based","image":0,"visibility":true},{"label":"Mesa de Mezclas (est\u00e1ndar)","price":"55.00","price_type":"quantity_based","image":0,"visibility":true},{"label":"Soporte","price":"19.00","price_type":"quantity_based","image":0,"visibility":true},{"label":"DI Box","price":"5","price_type":"quantity_based","image":0,"visibility":true}]}],"acf":{"set_to_be_sold":false,"sale_description":"","sale_price":""},"_links":{"self":[{"href":"https:\/\/shinemusicrental.com\/es\/wp-json\/wp\/v2\/product\/990","targetHints":{"allow":["GET"]}}],"collection":[{"href":"https:\/\/shinemusicrental.com\/es\/wp-json\/wp\/v2\/product"}],"about":[{"href":"https:\/\/shinemusicrental.com\/es\/wp-json\/wp\/v2\/types\/product"}],"replies":[{"embeddable":true,"href":"https:\/\/shinemusicrental.com\/es\/wp-json\/wp\/v2\/comments?post=990"}],"wp:featuredmedia":[{"embeddable":true,"href":"https:\/\/shinemusicrental.com\/es\/wp-json\/wp\/v2\/media\/985"}],"wp:attachment":[{"href":"https:\/\/shinemusicrental.com\/es\/wp-json\/wp\/v2\/media?parent=990"}],"wp:term":[{"taxonomy":"product_brand","embeddable":true,"href":"https:\/\/shinemusicrental.com\/es\/wp-json\/wp\/v2\/product_brand?post=990"},{"taxonomy":"product_cat","embeddable":true,"href":"https:\/\/shinemusicrental.com\/es\/wp-json\/wp\/v2\/product_cat?post=990"},{"taxonomy":"product_tag","embeddable":true,"href":"https:\/\/shinemusicrental.com\/es\/wp-json\/wp\/v2\/product_tag?post=990"}],"curies":[{"name":"wp","href":"https:\/\/api.w.org\/{rel}","templated":true}]}}