{"id":982,"date":"2022-10-19T16:43:42","date_gmt":"2022-10-19T14:43:42","guid":{"rendered":"http:\/\/www.shinemusicrental.com\/product\/clarinete-jupiter-jcl-700n\/"},"modified":"2024-04-08T16:11:04","modified_gmt":"2024-04-08T14:11:04","slug":"clarinete-jupiter-jcl-700n","status":"publish","type":"product","link":"https:\/\/shinemusicrental.com\/es\/product\/clarinete-jupiter-jcl-700n\/","title":{"rendered":"Clarinete Jupiter JCL-700N"},"content":{"rendered":"<p>Hecho de resina ABS duradera, para una larga vida bajo una tocabilidad rigurosa y condiciones duras, el Jupiter JCL-700N es el primer instrumento perfecto para el clarinetista principiante. Junto con los agujeros de tono socavados para sofocar el flujo de aire, la resina produce un tono claro, receptivo y profesional, sin las demandas de mantenimiento de la madera. Las teclas niqueladas mantienen una apariencia y un tacto permanentemente pulidos, y la configuraci\u00f3n de desplazamiento francesa de las teclas de trinos evita que la acumulaci\u00f3n de humedad interfiera con el sonido de calidad. Alquile este clarinete o similar a nuestra muy competitiva tarifa.<\/p>\n<p>Instrument Rental Barcelona es parte de la red de escuelas de Shine School of Music. Ofrecemos una amplia gama de lecciones de m\u00fasica, lugares para la celebraci\u00f3n de eventos, espacios para practicar m\u00fasica y espacios adicionales de trabajo conjunto.<\/p>\n","protected":false},"excerpt":{"rendered":"<p><strong>Dep\u00f3sito: \u20ac140<\/strong><\/p>\n<p>Hecho de resina ABS duradera, para una larga vida bajo una tocabilidad rigurosa y condiciones duras, el Jupiter JCL-700N es el primer instrumentoperfecto para el clarinetista principiante.<\/p>\n","protected":false},"featured_media":981,"comment_status":"open","ping_status":"closed","template":"","meta":{"_acf_changed":false,"content-type":""},"product_brand":[],"product_cat":[353,359],"product_tag":[461,560,584,463,489,591,557,746,748,515,559,517,519,523,521,525],"class_list":{"0":"post-982","1":"product","2":"type-product","3":"status-publish","4":"has-post-thumbnail","6":"product_cat-instrumentos-de-viento","7":"product_cat-clarinetes-es","8":"product_tag-alquiler-de-instrumentos","9":"product_tag-alquiler-de-instrumentos-es","10":"product_tag-alquiler-de-instrumentos-es-2","11":"product_tag-alquiler-de-instrumentos-barcelona","12":"product_tag-alquiler-de-instrumentos-barcelona-es","13":"product_tag-alquiler-de-instrumentos-espana-es","14":"product_tag-alquiler-de-instrumentos-espana","15":"product_tag-clarinete","16":"product_tag-clarinete-de-alquiler","17":"product_tag-instrumento-de-viento","18":"product_tag-instrumentos-de-contratacion","19":"product_tag-instrumentos-de-viento-es","20":"product_tag-instrumentos-de-viento-barcelona","21":"product_tag-instrumentos-de-viento-de-alquiler","22":"product_tag-instrumentos-de-viento-es-es","23":"product_tag-instrumentos-de-viento-espana","25":"first","26":"instock","27":"sold-individually","28":"shipping-taxable","29":"purchasable","30":"product-type-booking"},"booking_location":"","booking_location_type":"","booking_duration":1,"booking_duration_unit":"day","booking_buffer":0,"booking_cost":0,"booking_resources":[],"exclude_global_add_ons":false,"addons":[{"name":"Dep\u00f3sito","type":"checkbox","position":0,"required":false,"title_format":"hide","default":"","description_enable":false,"description":"","placeholder_enable":false,"placeholder":"","display":"select","restrictions_type":"any_text","adjust_price":false,"price":"","price_type":"flat_fee","restrictions":false,"min":"0","max":"0","options":[{"label":"Dep\u00f3sito","price":"140","price_type":"flat_fee","image":0,"visibility":true}]},{"name":"INSTRUMENTOS DE VIENTO (todos)","type":"checkbox","position":0,"required":false,"title_format":"label","default":"","description_enable":false,"description":"","placeholder_enable":false,"placeholder":"","display":"select","restrictions_type":"any_text","adjust_price":false,"price":"","price_type":"flat_fee","restrictions":false,"min":"0","max":"0","options":[{"label":"Leng\u00fceta","price":"5.00","price_type":"quantity_based","image":0,"visibility":true},{"label":"Atril","price":"5.00","price_type":"flat_fee","image":0,"visibility":true},{"label":"Atril de Calidad","price":"9.00","price_type":"flat_fee","image":0,"visibility":true}]}],"acf":{"set_to_be_sold":false,"sale_description":"","sale_price":""},"_links":{"self":[{"href":"https:\/\/shinemusicrental.com\/es\/wp-json\/wp\/v2\/product\/982","targetHints":{"allow":["GET"]}}],"collection":[{"href":"https:\/\/shinemusicrental.com\/es\/wp-json\/wp\/v2\/product"}],"about":[{"href":"https:\/\/shinemusicrental.com\/es\/wp-json\/wp\/v2\/types\/product"}],"replies":[{"embeddable":true,"href":"https:\/\/shinemusicrental.com\/es\/wp-json\/wp\/v2\/comments?post=982"}],"wp:featuredmedia":[{"embeddable":true,"href":"https:\/\/shinemusicrental.com\/es\/wp-json\/wp\/v2\/media\/981"}],"wp:attachment":[{"href":"https:\/\/shinemusicrental.com\/es\/wp-json\/wp\/v2\/media?parent=982"}],"wp:term":[{"taxonomy":"product_brand","embeddable":true,"href":"https:\/\/shinemusicrental.com\/es\/wp-json\/wp\/v2\/product_brand?post=982"},{"taxonomy":"product_cat","embeddable":true,"href":"https:\/\/shinemusicrental.com\/es\/wp-json\/wp\/v2\/product_cat?post=982"},{"taxonomy":"product_tag","embeddable":true,"href":"https:\/\/shinemusicrental.com\/es\/wp-json\/wp\/v2\/product_tag?post=982"}],"curies":[{"name":"wp","href":"https:\/\/api.w.org\/{rel}","templated":true}]}}