{"id":975,"date":"2022-10-19T16:29:32","date_gmt":"2022-10-19T14:29:32","guid":{"rendered":"http:\/\/www.shinemusicrental.com\/product\/mesa-de-mezclas-yamaha-mg12-4-12\/"},"modified":"2024-04-08T16:34:17","modified_gmt":"2024-04-08T14:34:17","slug":"mesa-de-mezclas-yamaha-mg12-4-12","status":"publish","type":"product","link":"https:\/\/shinemusicrental.com\/es\/product\/mesa-de-mezclas-yamaha-mg12-4-12\/","title":{"rendered":"Mesa de Mezclas Yamaha MG12\/4"},"content":{"rendered":"<p>Cuando necesite una experiencia de mezcla de sonido con matices y versatilidad, la mesa de mezclas Yamaha MG12\/4 es el alquiler perfecto para usted. Con doce canales de entrada \u00fanicos, 4 buses (est\u00e9reo y grupal) que permiten una agrupaci\u00f3n de canales conveniente, alimentaci\u00f3n phantom en los seis preamplificadores de micr\u00f3fono y dos env\u00edos auxiliares en cada canal para flexibilidad de procesamiento, todo en una m\u00e1quina compacta y port\u00e1til con interruptores iluminados para usar en una variedad de condiciones, este mezclador no tendr\u00e1 problemas para adaptarse a su desempe\u00f1o o necesidades de grabaci\u00f3n. Alquile esta mesa de mezclas o similar a nuestra muy competitiva tarifa.<\/p>\n<p>Instrument Rental Barcelona es parte de la red de escuelas de Shine School of Music. Ofrecemos una amplia gama de lecciones de m\u00fasica, lugares para la celebraci\u00f3n de eventos, espacios para practicar m\u00fasica y espacios adicionales de trabajo conjunto.<\/p>\n","protected":false},"excerpt":{"rendered":"<p><strong>Dep\u00f3sito: \u20ac110<\/strong><\/p>\n<p>Cuando necesite una experiencia de mezcla de sonido con matices y versatilidad, la mesa de mezclas Yamaha MG12\/4 es el alquiler perfecto para usted.<\/p>\n","protected":false},"featured_media":968,"comment_status":"open","ping_status":"closed","template":"","meta":{"_acf_changed":false,"content-type":""},"product_brand":[],"product_cat":[331,343],"product_tag":[461,560,584,463,489,591,557,505,507,511,509,513,503,559,788,791,786],"class_list":{"0":"post-975","1":"product","2":"type-product","3":"status-publish","4":"has-post-thumbnail","6":"product_cat-equipos-pa-y-de-audiodifusion","7":"product_cat-mesas-mezclas-equipo-dj","8":"product_tag-alquiler-de-instrumentos","9":"product_tag-alquiler-de-instrumentos-es","10":"product_tag-alquiler-de-instrumentos-es-2","11":"product_tag-alquiler-de-instrumentos-barcelona","12":"product_tag-alquiler-de-instrumentos-barcelona-es","13":"product_tag-alquiler-de-instrumentos-espana-es","14":"product_tag-alquiler-de-instrumentos-espana","15":"product_tag-equipo-de-estudio","16":"product_tag-equipo-de-estudio-barcelona","17":"product_tag-equipo-de-estudio-de-alquiler","18":"product_tag-equipo-de-estudio-es","19":"product_tag-equipo-de-estudio-espana","20":"product_tag-estudio","21":"product_tag-instrumentos-de-contratacion","22":"product_tag-mesa-de-mezclas","23":"product_tag-mesa-de-mezclas-de-alquiler","24":"product_tag-mixer-es","26":"first","27":"instock","28":"sold-individually","29":"shipping-taxable","30":"purchasable","31":"product-type-booking"},"booking_location":"","booking_location_type":"","booking_duration":1,"booking_duration_unit":"day","booking_buffer":0,"booking_cost":0,"booking_resources":[],"exclude_global_add_ons":false,"addons":[{"name":"Dep\u00f3sito","type":"checkbox","position":0,"required":false,"title_format":"hide","default":"","description_enable":false,"description":"","placeholder_enable":false,"placeholder":"","display":"select","restrictions_type":"any_text","adjust_price":false,"price":"","price_type":"flat_fee","restrictions":false,"min":"0","max":"0","options":[{"label":"Dep\u00f3sito","price":"110","price_type":"flat_fee","image":0,"visibility":true}]},{"name":"ALTAVOCES PA","type":"checkbox","position":0,"required":false,"title_format":"label","default":"","description_enable":false,"description":"","placeholder_enable":false,"placeholder":"","display":"select","restrictions_type":"any_text","adjust_price":false,"price":"","price_type":"flat_fee","restrictions":false,"min":"0","max":"0","options":[{"label":"Cable de Instrumento Jack 1\/4","price":"5.00","price_type":"quantity_based","image":0,"visibility":true},{"label":"Cable XLR","price":"5.00","price_type":"quantity_based","image":0,"visibility":true},{"label":"Mesa de Mezclas (est\u00e1ndar)","price":"55.00","price_type":"quantity_based","image":0,"visibility":true},{"label":"Soporte","price":"19.00","price_type":"quantity_based","image":0,"visibility":true},{"label":"DI Box","price":"5","price_type":"quantity_based","image":0,"visibility":true}]}],"acf":{"set_to_be_sold":false,"sale_description":"","sale_price":""},"_links":{"self":[{"href":"https:\/\/shinemusicrental.com\/es\/wp-json\/wp\/v2\/product\/975","targetHints":{"allow":["GET"]}}],"collection":[{"href":"https:\/\/shinemusicrental.com\/es\/wp-json\/wp\/v2\/product"}],"about":[{"href":"https:\/\/shinemusicrental.com\/es\/wp-json\/wp\/v2\/types\/product"}],"replies":[{"embeddable":true,"href":"https:\/\/shinemusicrental.com\/es\/wp-json\/wp\/v2\/comments?post=975"}],"wp:featuredmedia":[{"embeddable":true,"href":"https:\/\/shinemusicrental.com\/es\/wp-json\/wp\/v2\/media\/968"}],"wp:attachment":[{"href":"https:\/\/shinemusicrental.com\/es\/wp-json\/wp\/v2\/media?parent=975"}],"wp:term":[{"taxonomy":"product_brand","embeddable":true,"href":"https:\/\/shinemusicrental.com\/es\/wp-json\/wp\/v2\/product_brand?post=975"},{"taxonomy":"product_cat","embeddable":true,"href":"https:\/\/shinemusicrental.com\/es\/wp-json\/wp\/v2\/product_cat?post=975"},{"taxonomy":"product_tag","embeddable":true,"href":"https:\/\/shinemusicrental.com\/es\/wp-json\/wp\/v2\/product_tag?post=975"}],"curies":[{"name":"wp","href":"https:\/\/api.w.org\/{rel}","templated":true}]}}