{"id":963,"date":"2022-10-19T16:06:00","date_gmt":"2022-10-19T14:06:00","guid":{"rendered":"http:\/\/www.shinemusicrental.com\/product\/auriculares-on-ear-sennheiser-hd25\/"},"modified":"2024-04-12T15:42:31","modified_gmt":"2024-04-12T13:42:31","slug":"auriculares-on-ear-sennheiser-hd25","status":"publish","type":"product","link":"https:\/\/shinemusicrental.com\/es\/product\/auriculares-on-ear-sennheiser-hd25\/","title":{"rendered":"Auriculares On Ear Sennheiser HD25"},"content":{"rendered":"<p>Los Sennheiser HD25, uno de los favoritos de los DJs por su comodidad, ligereza y calidad de sonido incomparable, son una excelente opci\u00f3n para el alquiler de aud\u00edfonos. El dise\u00f1o especializado cerrado permite una alta atenuaci\u00f3n del ruido de fondo, mientras que la alta sensibilidad de las bobinas de aluminio garantiza que la calidad del sonido no se sacrifica. Combine estos factores con una construcci\u00f3n robusta, capaz de soportar altos niveles de presi\u00f3n de sonido, y tiene un accesorio potente y c\u00f3modo que cubrir\u00e1 todas sus necesidades de auriculares. Alquile estos auriculares o similares a nuestra muy competitiva tarifa.<\/p>\n<p>Instrument Rental Barcelona es parte de la red de escuelas de Shine School of Music. Ofrecemos una amplia gama de lecciones de m\u00fasica, lugares para la celebraci\u00f3n de eventos, espacios para practicar m\u00fasica y espacios adicionales de trabajo conjunto.<\/p>\n","protected":false},"excerpt":{"rendered":"<p><strong>Dep\u00f3sito: \u20ac60<\/strong><\/p>\n<p>Los Sennheiser HD25, uno de los favoritos de los DJs por su comodidad, ligereza y calidad de sonido incomparable, son una excelente opci\u00f3n para el alquiler de aud\u00edfonos.<\/p>\n","protected":false},"featured_media":962,"comment_status":"open","ping_status":"closed","template":"","meta":{"_acf_changed":false,"content-type":""},"product_brand":[],"product_cat":[331,337],"product_tag":[461,560,584,463,489,591,557,781,505,507,511,509,513,503,559],"class_list":{"0":"post-963","1":"product","2":"type-product","3":"status-publish","4":"has-post-thumbnail","6":"product_cat-equipos-pa-y-de-audiodifusion","7":"product_cat-auriculares","8":"product_tag-alquiler-de-instrumentos","9":"product_tag-alquiler-de-instrumentos-es","10":"product_tag-alquiler-de-instrumentos-es-2","11":"product_tag-alquiler-de-instrumentos-barcelona","12":"product_tag-alquiler-de-instrumentos-barcelona-es","13":"product_tag-alquiler-de-instrumentos-espana-es","14":"product_tag-alquiler-de-instrumentos-espana","15":"product_tag-auriculares","16":"product_tag-equipo-de-estudio","17":"product_tag-equipo-de-estudio-barcelona","18":"product_tag-equipo-de-estudio-de-alquiler","19":"product_tag-equipo-de-estudio-es","20":"product_tag-equipo-de-estudio-espana","21":"product_tag-estudio","22":"product_tag-instrumentos-de-contratacion","24":"first","25":"instock","26":"sold-individually","27":"shipping-taxable","28":"purchasable","29":"product-type-booking"},"booking_location":"","booking_location_type":"","booking_duration":1,"booking_duration_unit":"day","booking_buffer":0,"booking_cost":0,"booking_resources":[],"exclude_global_add_ons":false,"addons":[{"name":"Dep\u00f3sito","type":"checkbox","position":0,"required":false,"title_format":"hide","default":"","description_enable":false,"description":"","placeholder_enable":false,"placeholder":"","display":"select","restrictions_type":"any_text","adjust_price":false,"price":"","price_type":"flat_fee","restrictions":false,"min":"0","max":"0","options":[{"label":"Dep\u00f3sito","price":"60","price_type":"flat_fee","image":0,"visibility":true}]}],"acf":{"set_to_be_sold":false,"sale_description":"","sale_price":""},"_links":{"self":[{"href":"https:\/\/shinemusicrental.com\/es\/wp-json\/wp\/v2\/product\/963","targetHints":{"allow":["GET"]}}],"collection":[{"href":"https:\/\/shinemusicrental.com\/es\/wp-json\/wp\/v2\/product"}],"about":[{"href":"https:\/\/shinemusicrental.com\/es\/wp-json\/wp\/v2\/types\/product"}],"replies":[{"embeddable":true,"href":"https:\/\/shinemusicrental.com\/es\/wp-json\/wp\/v2\/comments?post=963"}],"wp:featuredmedia":[{"embeddable":true,"href":"https:\/\/shinemusicrental.com\/es\/wp-json\/wp\/v2\/media\/962"}],"wp:attachment":[{"href":"https:\/\/shinemusicrental.com\/es\/wp-json\/wp\/v2\/media?parent=963"}],"wp:term":[{"taxonomy":"product_brand","embeddable":true,"href":"https:\/\/shinemusicrental.com\/es\/wp-json\/wp\/v2\/product_brand?post=963"},{"taxonomy":"product_cat","embeddable":true,"href":"https:\/\/shinemusicrental.com\/es\/wp-json\/wp\/v2\/product_cat?post=963"},{"taxonomy":"product_tag","embeddable":true,"href":"https:\/\/shinemusicrental.com\/es\/wp-json\/wp\/v2\/product_tag?post=963"}],"curies":[{"name":"wp","href":"https:\/\/api.w.org\/{rel}","templated":true}]}}