{"id":930,"date":"2022-10-19T15:31:55","date_gmt":"2022-10-19T13:31:55","guid":{"rendered":"http:\/\/www.shinemusicrental.com\/product\/clarinete-jmichael-cl-300\/"},"modified":"2024-04-08T16:13:10","modified_gmt":"2024-04-08T14:13:10","slug":"clarinete-jmichael-cl-300","status":"publish","type":"product","link":"https:\/\/shinemusicrental.com\/es\/product\/clarinete-jmichael-cl-300\/","title":{"rendered":"Clarinete JMichael CL-300"},"content":{"rendered":"<p>Adecuado para clarinetistas principiantes hasta grado 3, el JMichael CL-300 est\u00e1 hecho de ebonita s\u00f3lida, que conduce suavemente las vibraciones de la boquilla de alta calidad para obtener un tono c\u00e1lido y redondo. No se deformar\u00e1 ni se degradar\u00e1 bajo cambios de temperatura o humedad, no perder\u00e1 resonancia ante irregularidades o imperfecciones, y reproducir\u00e1 de cerca el aspecto cl\u00e1sico de la madera. Las llaves de n\u00edquel con almohadillas italianas tienen un brillo elegante y ofrecen una capacidad de reproducci\u00f3n altamente sensible. Alquile este clarinete o similar a nuestra muy competitiva tarifa.<\/p>\n<p>Instrument Rental Barcelona es parte de la red de escuelas de Shine School of Music. Ofrecemos una amplia gama de lecciones de m\u00fasica, lugares para la celebraci\u00f3n de eventos, espacios para practicar m\u00fasica y espacios adicionales de trabajo conjunto.<\/p>\n","protected":false},"excerpt":{"rendered":"<p><strong>Dep\u00f3sito: \u20ac90<\/strong><\/p>\n<p>Adecuado para clarinetistas principiantes hasta grado 3, el JMichael CL-300 est\u00e1 hecho de ebonita s\u00f3lida, que conduce suavemente las vibraciones de la boquilla de alta calidad para obtener un tono c\u00e1lido y redondo.<\/p>\n","protected":false},"featured_media":929,"comment_status":"open","ping_status":"closed","template":"","meta":{"_acf_changed":false,"content-type":""},"product_brand":[],"product_cat":[353,359],"product_tag":[461,560,584,463,489,591,557,744,746,748,515,559,517,519,523,521,525],"class_list":{"0":"post-930","1":"product","2":"type-product","3":"status-publish","4":"has-post-thumbnail","6":"product_cat-instrumentos-de-viento","7":"product_cat-clarinetes-es","8":"product_tag-alquiler-de-instrumentos","9":"product_tag-alquiler-de-instrumentos-es","10":"product_tag-alquiler-de-instrumentos-es-2","11":"product_tag-alquiler-de-instrumentos-barcelona","12":"product_tag-alquiler-de-instrumentos-barcelona-es","13":"product_tag-alquiler-de-instrumentos-espana-es","14":"product_tag-alquiler-de-instrumentos-espana","15":"product_tag-buffet-crampon-es","16":"product_tag-clarinete","17":"product_tag-clarinete-de-alquiler","18":"product_tag-instrumento-de-viento","19":"product_tag-instrumentos-de-contratacion","20":"product_tag-instrumentos-de-viento-es","21":"product_tag-instrumentos-de-viento-barcelona","22":"product_tag-instrumentos-de-viento-de-alquiler","23":"product_tag-instrumentos-de-viento-es-es","24":"product_tag-instrumentos-de-viento-espana","26":"first","27":"instock","28":"sold-individually","29":"shipping-taxable","30":"purchasable","31":"product-type-booking"},"booking_location":"","booking_location_type":"","booking_duration":1,"booking_duration_unit":"day","booking_buffer":0,"booking_cost":0,"booking_resources":[],"exclude_global_add_ons":false,"addons":[{"name":"Dep\u00f3sito","type":"checkbox","position":0,"required":false,"title_format":"hide","default":"","description_enable":false,"description":"","placeholder_enable":false,"placeholder":"","display":"select","restrictions_type":"any_text","adjust_price":false,"price":"","price_type":"flat_fee","restrictions":false,"min":"0","max":"0","options":[{"label":"Dep\u00f3sito","price":"90","price_type":"flat_fee","image":0,"visibility":true}]},{"name":"INSTRUMENTOS DE VIENTO (todos)","type":"checkbox","position":0,"required":false,"title_format":"label","default":"","description_enable":false,"description":"","placeholder_enable":false,"placeholder":"","display":"select","restrictions_type":"any_text","adjust_price":false,"price":"","price_type":"flat_fee","restrictions":false,"min":"0","max":"0","options":[{"label":"Leng\u00fceta","price":"5.00","price_type":"quantity_based","image":0,"visibility":true},{"label":"Atril","price":"5.00","price_type":"flat_fee","image":0,"visibility":true},{"label":"Atril de Calidad","price":"9.00","price_type":"flat_fee","image":0,"visibility":true}]}],"acf":{"set_to_be_sold":false,"sale_description":"","sale_price":""},"_links":{"self":[{"href":"https:\/\/shinemusicrental.com\/es\/wp-json\/wp\/v2\/product\/930","targetHints":{"allow":["GET"]}}],"collection":[{"href":"https:\/\/shinemusicrental.com\/es\/wp-json\/wp\/v2\/product"}],"about":[{"href":"https:\/\/shinemusicrental.com\/es\/wp-json\/wp\/v2\/types\/product"}],"replies":[{"embeddable":true,"href":"https:\/\/shinemusicrental.com\/es\/wp-json\/wp\/v2\/comments?post=930"}],"wp:featuredmedia":[{"embeddable":true,"href":"https:\/\/shinemusicrental.com\/es\/wp-json\/wp\/v2\/media\/929"}],"wp:attachment":[{"href":"https:\/\/shinemusicrental.com\/es\/wp-json\/wp\/v2\/media?parent=930"}],"wp:term":[{"taxonomy":"product_brand","embeddable":true,"href":"https:\/\/shinemusicrental.com\/es\/wp-json\/wp\/v2\/product_brand?post=930"},{"taxonomy":"product_cat","embeddable":true,"href":"https:\/\/shinemusicrental.com\/es\/wp-json\/wp\/v2\/product_cat?post=930"},{"taxonomy":"product_tag","embeddable":true,"href":"https:\/\/shinemusicrental.com\/es\/wp-json\/wp\/v2\/product_tag?post=930"}],"curies":[{"name":"wp","href":"https:\/\/api.w.org\/{rel}","templated":true}]}}