{"id":924,"date":"2022-10-19T15:04:48","date_gmt":"2022-10-19T13:04:48","guid":{"rendered":"http:\/\/www.shinemusicrental.com\/product\/violin-1-4-windsor-mi-1013\/"},"modified":"2024-04-08T16:05:04","modified_gmt":"2024-04-08T14:05:04","slug":"violin-1-4-windsor-mi-1013","status":"publish","type":"product","link":"https:\/\/shinemusicrental.com\/es\/product\/violin-1-4-windsor-mi-1013\/","title":{"rendered":"Viol\u00edn 1\/4 Windsor MI-1013"},"content":{"rendered":"<p>Para un joven aspirante a violinista, no puede encontrar un instrumento mejor para practicar que el Windsor MI-1013 de tama\u00f1o \u00bc de viol\u00edn. Especialmente dise\u00f1ado para ser utilizado por m\u00fasicos de 5 a 7 a\u00f1os, este viol\u00edn est\u00e1 hecho con la misma calidad que sus contrapartes de uno de tama\u00f1o completo, con una tapa de p\u00edcea y flores de \u00e9bano para la experiencia cl\u00e1sica de un viol\u00edn pero al mismo tiempo para principiantes. Ofreciendo un tono c\u00e1lido y vibrante, una est\u00e9tica tradicional y una experiencia de tocabilidad incomparable, el viol\u00edn Windsor MI-1013 de tama\u00f1o \u00bc es una excelente opci\u00f3n para m\u00fasicos prometedores. Alquile este viol\u00edn o similar a nuestra muy competitiva tarifa.<\/p>\n<p>Instrument Rental Barcelona es parte de la red de escuelas de Shine School of Music. Ofrecemos una amplia gama de lecciones de m\u00fasica, lugares para la celebraci\u00f3n de eventos, espacios para practicar m\u00fasica y espacios adicionales de trabajo conjunto.<\/p>\n","protected":false},"excerpt":{"rendered":"<p><strong>Dep\u00f3sito: \u20ac30<\/strong><\/p>\n<p>Para un joven aspirante a violinista, no puede encontrar un instrumento mejor para practicar que el Windsor MI-1013 de tama\u00f1o \u00bc de viol\u00edn.<\/p>\n","protected":false},"featured_media":864,"comment_status":"open","ping_status":"closed","template":"","meta":{"_acf_changed":false,"content-type":""},"product_brand":[],"product_cat":[321,329],"product_tag":[461,560,584,463,489,591,557,559,491,493,495,499,497,501,721,752],"class_list":{"0":"post-924","1":"product","2":"type-product","3":"status-publish","4":"has-post-thumbnail","6":"product_cat-instrumentos-de-cuerda","7":"product_cat-violines-es","8":"product_tag-alquiler-de-instrumentos","9":"product_tag-alquiler-de-instrumentos-es","10":"product_tag-alquiler-de-instrumentos-es-2","11":"product_tag-alquiler-de-instrumentos-barcelona","12":"product_tag-alquiler-de-instrumentos-barcelona-es","13":"product_tag-alquiler-de-instrumentos-espana-es","14":"product_tag-alquiler-de-instrumentos-espana","15":"product_tag-instrumentos-de-contratacion","16":"product_tag-instrumentos-de-cuerda","17":"product_tag-instrumentos-de-cuerda-es","18":"product_tag-instrumentos-de-cuerda-barcelona","19":"product_tag-instrumentos-de-cuerda-de-alquiler","20":"product_tag-instrumentos-de-cuerda-es-es","21":"product_tag-instrumentos-de-cuerda-espana","22":"product_tag-violin-es","23":"product_tag-violin-para-ninos","25":"first","26":"instock","27":"sold-individually","28":"shipping-taxable","29":"purchasable","30":"product-type-booking"},"booking_location":"","booking_location_type":"","booking_duration":1,"booking_duration_unit":"day","booking_buffer":0,"booking_cost":0,"booking_resources":[],"exclude_global_add_ons":false,"addons":[{"name":"Dep\u00f3sito","type":"checkbox","position":0,"required":false,"title_format":"hide","default":"","description_enable":false,"description":"","placeholder_enable":false,"placeholder":"","display":"select","restrictions_type":"any_text","adjust_price":false,"price":"","price_type":"flat_fee","restrictions":false,"min":"0","max":"0","options":[{"label":"Dep\u00f3sito","price":"30","price_type":"flat_fee","image":0,"visibility":true}]},{"name":"Violines","type":"checkbox","position":0,"required":false,"title_format":"label","default":"","description_enable":true,"description":"","placeholder_enable":false,"placeholder":"","display":"select","restrictions_type":"any_text","adjust_price":false,"price":"","price_type":"flat_fee","restrictions":false,"min":"0","max":"0","options":[{"label":"Costilla","price":"9.00","price_type":"quantity_based","image":0,"visibility":true},{"label":"Soporte para Viol\u00edn","price":"5.00","price_type":"quantity_based","image":0,"visibility":true},{"label":"Atril","price":"5.00","price_type":"quantity_based","image":0,"visibility":true},{"label":"Atril de Calidad","price":"9.00","price_type":"quantity_based","image":0,"visibility":true},{"label":"Afinador","price":"5.00","price_type":"quantity_based","image":0,"visibility":true},{"label":"Sordina","price":"2.00","price_type":"quantity_based","image":0,"visibility":true}]}],"acf":{"set_to_be_sold":false,"sale_description":"","sale_price":""},"_links":{"self":[{"href":"https:\/\/shinemusicrental.com\/es\/wp-json\/wp\/v2\/product\/924","targetHints":{"allow":["GET"]}}],"collection":[{"href":"https:\/\/shinemusicrental.com\/es\/wp-json\/wp\/v2\/product"}],"about":[{"href":"https:\/\/shinemusicrental.com\/es\/wp-json\/wp\/v2\/types\/product"}],"replies":[{"embeddable":true,"href":"https:\/\/shinemusicrental.com\/es\/wp-json\/wp\/v2\/comments?post=924"}],"wp:featuredmedia":[{"embeddable":true,"href":"https:\/\/shinemusicrental.com\/es\/wp-json\/wp\/v2\/media\/864"}],"wp:attachment":[{"href":"https:\/\/shinemusicrental.com\/es\/wp-json\/wp\/v2\/media?parent=924"}],"wp:term":[{"taxonomy":"product_brand","embeddable":true,"href":"https:\/\/shinemusicrental.com\/es\/wp-json\/wp\/v2\/product_brand?post=924"},{"taxonomy":"product_cat","embeddable":true,"href":"https:\/\/shinemusicrental.com\/es\/wp-json\/wp\/v2\/product_cat?post=924"},{"taxonomy":"product_tag","embeddable":true,"href":"https:\/\/shinemusicrental.com\/es\/wp-json\/wp\/v2\/product_tag?post=924"}],"curies":[{"name":"wp","href":"https:\/\/api.w.org\/{rel}","templated":true}]}}