{"id":859,"date":"2022-10-19T14:45:12","date_gmt":"2022-10-19T12:45:12","guid":{"rendered":"http:\/\/www.shinemusicrental.com\/product\/caja-yamaha-sd265a-snare-stage-custom-steel-14x55\/"},"modified":"2024-04-12T17:43:25","modified_gmt":"2024-04-12T15:43:25","slug":"caja-yamaha-sd26a-snare-stage-custom-steel-14x55","status":"publish","type":"product","link":"https:\/\/shinemusicrental.com\/es\/product\/caja-yamaha-sd26a-snare-stage-custom-steel-14x55\/","title":{"rendered":"Caja Yamaha SD265A Snare Stage Custom Steel 14X5,5"},"content":{"rendered":"<p>Hecha de acero con alto contenido de carbono cromado, la SD265A proporciona el sonido de caja por excelencia que es tan crucial para la base de los estilos musicales, desde el pop hasta el metal. Un conjunto de 8 asas de una sola pieza y la llave de afinaci\u00f3n incluida mantienen un tono seguro y controlable, mientras que los aros de triple brida de acero brindan mayor sustain, timbre y un agradable toque de apertura al sonido, por lo dem\u00e1s, agudo y \u00e1gil. Adecuado para m\u00fasicos de todos los niveles, el SD265A se mantendr\u00e1 al ritmo de cualquier ritmo sin perder su complejidad. Alquile este tambor o similar a nuestra muy competitiva tarifa.<\/p>\n<p>Instrument Rental Barcelona es parte de la red de escuelas de Shine School of Music. Ofrecemos una amplia gama de lecciones de m\u00fasica, lugares para la celebraci\u00f3n de eventos, espacios para practicar m\u00fasica y espacios adicionales de trabajo conjunto.<\/p>\n","protected":false},"excerpt":{"rendered":"<p><strong>Dep\u00f3sito: \u20ac70<\/strong><\/p>\n<p>Hecha de acero con alto contenido de carbono cromado, la SD265A proporciona el sonido de caja por excelencia que es tan crucial para la base de los estilos musicales, desde el pop hasta el metal<\/p>\n","protected":false},"featured_media":852,"comment_status":"open","ping_status":"closed","template":"","meta":{"_acf_changed":false,"content-type":""},"product_brand":[],"product_cat":[160,163,173],"product_tag":[560,584,461,463,591,557,552,457,543,539,541,537,559,465,468,469,473,472,475,632,593],"class_list":{"0":"post-859","1":"product","2":"type-product","3":"status-publish","4":"has-post-thumbnail","6":"product_cat-baterias-y-percusion","7":"product_cat-baterias-acusticas","8":"product_cat-percusion","9":"product_tag-alquiler-de-instrumentos-es","10":"product_tag-alquiler-de-instrumentos-es-2","11":"product_tag-alquiler-de-instrumentos","12":"product_tag-alquiler-de-instrumentos-barcelona","13":"product_tag-alquiler-de-instrumentos-espana-es","14":"product_tag-alquiler-de-instrumentos-espana","15":"product_tag-bateria-es","16":"product_tag-baterias","17":"product_tag-baterias-barcelona","18":"product_tag-baterias-de-alquiler","19":"product_tag-baterias-es","20":"product_tag-baterias-espana","21":"product_tag-instrumentos-de-contratacion","22":"product_tag-percusion","23":"product_tag-percusiones","24":"product_tag-percusiones-barcelona","25":"product_tag-percusiones-de-alquiler","26":"product_tag-percusiones-es","27":"product_tag-percusiones-espana","28":"product_tag-renting-instruments-barcelona-share-es","29":"product_tag-yamaha-es","31":"first","32":"instock","33":"sold-individually","34":"shipping-taxable","35":"purchasable","36":"product-type-booking"},"booking_location":"","booking_location_type":"","booking_duration":1,"booking_duration_unit":"day","booking_buffer":0,"booking_cost":0,"booking_resources":[],"exclude_global_add_ons":false,"addons":[{"name":"Dep\u00f3sito","type":"checkbox","position":0,"required":false,"title_format":"hide","default":"","description_enable":false,"description":"","placeholder_enable":false,"placeholder":"","display":"select","restrictions_type":"any_text","adjust_price":false,"price":"","price_type":"flat_fee","restrictions":false,"min":"0","max":"0","options":[{"label":"Dep\u00f3sito","price":"70","price_type":"flat_fee","image":0,"visibility":true}]},{"name":"Todas las Bater\u00edas","type":"checkbox","position":0,"required":false,"title_format":"label","default":"","description_enable":false,"description":"","placeholder_enable":false,"placeholder":"","display":"select","restrictions_type":"any_text","adjust_price":false,"price":"","price_type":"flat_fee","restrictions":false,"min":"0","max":"0","options":[{"label":"Baquetas","price":"6.00","price_type":"quantity_based","image":0,"visibility":true},{"label":"Set de Platillos","price":"48.00","price_type":"quantity_based","image":0,"visibility":true}]},{"name":"All Percussion","type":"checkbox","position":0,"required":false,"title_format":"label","default":"","description_enable":false,"description":"","placeholder_enable":false,"placeholder":"","display":"select","restrictions_type":"any_text","adjust_price":false,"price":"","price_type":"flat_fee","restrictions":false,"min":"0","max":"0","options":[{"label":"Stand","price":"10","price_type":"quantity_based","image":0,"visibility":true}]}],"acf":{"set_to_be_sold":false,"sale_description":"","sale_price":""},"_links":{"self":[{"href":"https:\/\/shinemusicrental.com\/es\/wp-json\/wp\/v2\/product\/859","targetHints":{"allow":["GET"]}}],"collection":[{"href":"https:\/\/shinemusicrental.com\/es\/wp-json\/wp\/v2\/product"}],"about":[{"href":"https:\/\/shinemusicrental.com\/es\/wp-json\/wp\/v2\/types\/product"}],"replies":[{"embeddable":true,"href":"https:\/\/shinemusicrental.com\/es\/wp-json\/wp\/v2\/comments?post=859"}],"wp:featuredmedia":[{"embeddable":true,"href":"https:\/\/shinemusicrental.com\/es\/wp-json\/wp\/v2\/media\/852"}],"wp:attachment":[{"href":"https:\/\/shinemusicrental.com\/es\/wp-json\/wp\/v2\/media?parent=859"}],"wp:term":[{"taxonomy":"product_brand","embeddable":true,"href":"https:\/\/shinemusicrental.com\/es\/wp-json\/wp\/v2\/product_brand?post=859"},{"taxonomy":"product_cat","embeddable":true,"href":"https:\/\/shinemusicrental.com\/es\/wp-json\/wp\/v2\/product_cat?post=859"},{"taxonomy":"product_tag","embeddable":true,"href":"https:\/\/shinemusicrental.com\/es\/wp-json\/wp\/v2\/product_tag?post=859"}],"curies":[{"name":"wp","href":"https:\/\/api.w.org\/{rel}","templated":true}]}}