{"id":847,"date":"2022-10-19T14:38:44","date_gmt":"2022-10-19T12:38:44","guid":{"rendered":"http:\/\/www.shinemusicrental.com\/product\/yamaha-clp-625-b-piano-digital-clavinova\/"},"modified":"2024-04-08T16:15:53","modified_gmt":"2024-04-08T14:15:53","slug":"yamaha-clp-625-b-piano-digital-clavinova","status":"publish","type":"product","link":"https:\/\/shinemusicrental.com\/es\/product\/yamaha-clp-625-b-piano-digital-clavinova\/","title":{"rendered":"Yamaha CLP-625 B Piano Digital Clavinova"},"content":{"rendered":"<p>Un instrumento maravillosamente vers\u00e1til capaz de ver a un m\u00fasico desde sus principios serios hasta el nivel profesional, el CLP-625 ofrece una impecable sensaci\u00f3n realista de las teclas pesadas de marfil sint\u00e9tico, para una sensibilidad total y resistencia al deslizamiento. El gabinete compacto se adapta c\u00f3modamente a espacios reducidos, al tiempo que proporciona un sonido con cuerpo para todos los tonos preprogramados, que van desde un profundo piano de concierto, al sintetizador, al jazz y hasta sonidos exuberantes de cuerdas. Metr\u00f3nomo y entrada de auriculares incorporados, y opci\u00f3n de reproducci\u00f3n que ayudan el aprendizaje y el ensayo, y la compatibilidad con USB permite una grabaci\u00f3n limpia y f\u00e1cil. Alquile este piano digital o similar a nuestra muy competitiva tarifa.<\/p>\n<p>Incluye sill\u00edn para piano.<\/p>\n<p>Instrument Rental Barcelona es parte de la red de escuelas de Shine School of Music. Ofrecemos una amplia gama de lecciones de m\u00fasica, lugares para la celebraci\u00f3n de eventos, espacios para practicar m\u00fasica y espacios adicionales de trabajo conjunto.<\/p>\n","protected":false},"excerpt":{"rendered":"<p><strong>Dep\u00f3sito: \u20ac450<\/strong><\/p>\n<p>Un instrumento maravillosamente vers\u00e1til capaz de ver a un m\u00fasico desde sus principios serios hasta el nivel profesional, el CLP-625 ofrece una impecable sensaci\u00f3n realista de las teclas pesadas de marfil sint\u00e9tico, para una sensibilidad total y resistencia al deslizamiento.<\/p>\n","protected":false},"featured_media":843,"comment_status":"open","ping_status":"closed","template":"","meta":{"_acf_changed":false,"content-type":""},"product_brand":[],"product_cat":[116,117],"product_tag":[461,560,584,463,489,591,557,559,477,480,487,481,483,485,593],"class_list":{"0":"post-847","1":"product","2":"type-product","3":"status-publish","4":"has-post-thumbnail","6":"product_cat-instrumentos-de-teclado","7":"product_cat-pianos-digitales","8":"product_tag-alquiler-de-instrumentos","9":"product_tag-alquiler-de-instrumentos-es","10":"product_tag-alquiler-de-instrumentos-es-2","11":"product_tag-alquiler-de-instrumentos-barcelona","12":"product_tag-alquiler-de-instrumentos-barcelona-es","13":"product_tag-alquiler-de-instrumentos-espana-es","14":"product_tag-alquiler-de-instrumentos-espana","15":"product_tag-instrumentos-de-contratacion","16":"product_tag-piano-es-2","17":"product_tag-piano-es-es","18":"product_tag-piano-espana","19":"product_tag-pianos-es","20":"product_tag-pianos-barcelona-es","21":"product_tag-pianos-de-alquiler","22":"product_tag-yamaha-es","24":"first","25":"instock","26":"sold-individually","27":"shipping-taxable","28":"purchasable","29":"product-type-booking"},"booking_location":"","booking_location_type":"","booking_duration":1,"booking_duration_unit":"day","booking_buffer":0,"booking_cost":0,"booking_resources":[],"exclude_global_add_ons":false,"addons":[{"name":"Dep\u00f3sito","type":"checkbox","position":0,"required":false,"title_format":"hide","default":"","description_enable":false,"description":"","placeholder_enable":false,"placeholder":"","display":"select","restrictions_type":"any_text","adjust_price":false,"price":"","price_type":"flat_fee","restrictions":false,"min":"0","max":"0","options":[{"label":"Dep\u00f3sito","price":"450","price_type":"flat_fee","image":0,"visibility":true}]},{"name":"PIANO EL\u00c9CTRICO","type":"checkbox","position":0,"required":true,"title_format":"label","default":"","description_enable":false,"description":"","placeholder_enable":false,"placeholder":"","display":"select","restrictions_type":"any_text","adjust_price":false,"price":"","price_type":"flat_fee","restrictions":false,"min":"0","max":"0","options":[{"label":"Pedal de Sustain de Calidad","price":"10.00","price_type":"quantity_based","image":0,"visibility":true},{"label":"Soporte","price":"10.00","price_type":"quantity_based","image":0,"visibility":true},{"label":"Taburete de Piano de Calidad","price":"25.00","price_type":"quantity_based","image":0,"visibility":true},{"label":"Taburete de Piano","price":"10.00","price_type":"quantity_based","image":0,"visibility":true}]}],"acf":{"set_to_be_sold":false,"sale_description":"","sale_price":""},"_links":{"self":[{"href":"https:\/\/shinemusicrental.com\/es\/wp-json\/wp\/v2\/product\/847","targetHints":{"allow":["GET"]}}],"collection":[{"href":"https:\/\/shinemusicrental.com\/es\/wp-json\/wp\/v2\/product"}],"about":[{"href":"https:\/\/shinemusicrental.com\/es\/wp-json\/wp\/v2\/types\/product"}],"replies":[{"embeddable":true,"href":"https:\/\/shinemusicrental.com\/es\/wp-json\/wp\/v2\/comments?post=847"}],"wp:featuredmedia":[{"embeddable":true,"href":"https:\/\/shinemusicrental.com\/es\/wp-json\/wp\/v2\/media\/843"}],"wp:attachment":[{"href":"https:\/\/shinemusicrental.com\/es\/wp-json\/wp\/v2\/media?parent=847"}],"wp:term":[{"taxonomy":"product_brand","embeddable":true,"href":"https:\/\/shinemusicrental.com\/es\/wp-json\/wp\/v2\/product_brand?post=847"},{"taxonomy":"product_cat","embeddable":true,"href":"https:\/\/shinemusicrental.com\/es\/wp-json\/wp\/v2\/product_cat?post=847"},{"taxonomy":"product_tag","embeddable":true,"href":"https:\/\/shinemusicrental.com\/es\/wp-json\/wp\/v2\/product_tag?post=847"}],"curies":[{"name":"wp","href":"https:\/\/api.w.org\/{rel}","templated":true}]}}