{"id":816,"date":"2022-10-19T13:45:25","date_gmt":"2022-10-19T11:45:25","guid":{"rendered":"http:\/\/www.shinemusicrental.com\/product\/cajon-artesanal-requena\/"},"modified":"2024-11-07T12:31:18","modified_gmt":"2024-11-07T11:31:18","slug":"cajon-artesanal-requena","status":"publish","type":"product","link":"https:\/\/shinemusicrental.com\/es\/product\/cajon-artesanal-requena\/","title":{"rendered":"Caj\u00f3n Artesanal Requena"},"content":{"rendered":"<p>La l\u00ednea de cajones artesanales Requena es una de las m\u00e1s apreciadas internacionalmente, y por buenas razones. Cada caj\u00f3n Requena est\u00e1 fabricado con abedul europeo robusto o haya, para mayor durabilidad y nitidez del sonido, y cuenta con una funci\u00f3n de caja totalmente ajustable con el uso de una llave Allen. El marcado contraste entre los tonos graves y agudos hace que los cajones de Requena sean una opci\u00f3n de percusi\u00f3n infinitamente vers\u00e1til para estilos que van desde el flamenco hasta el folk y el jazz. Alquile este caj\u00f3n o similar a nuestra muy competitiva tarifa.<\/p>\n<p>Instrument Rental Barcelona es parte de la red de escuelas de Shine School of Music. Ofrecemos una amplia gama de lecciones de m\u00fasica, lugares para la celebraci\u00f3n de eventos, espacios para practicar m\u00fasica y espacios adicionales de trabajo conjunto.<\/p>\n","protected":false},"excerpt":{"rendered":"<p><strong>Dep\u00f3sito: \u20ac40<\/strong><\/p>\n<p>La l\u00ednea de cajones artesanales Requena es una de las m\u00e1s apreciadas internacionalmente, y por buenas razones.<\/p>\n","protected":false},"featured_media":815,"comment_status":"open","ping_status":"closed","template":"","meta":{"_acf_changed":false,"content-type":""},"product_brand":[],"product_cat":[160,173],"product_tag":[560,461,584,463,489,591,557,552,457,543,539,541,537,766,559,465,468,469,473,472,475],"class_list":{"0":"post-816","1":"product","2":"type-product","3":"status-publish","4":"has-post-thumbnail","6":"product_cat-baterias-y-percusion","7":"product_cat-percusion","8":"product_tag-alquiler-de-instrumentos-es","9":"product_tag-alquiler-de-instrumentos","10":"product_tag-alquiler-de-instrumentos-es-2","11":"product_tag-alquiler-de-instrumentos-barcelona","12":"product_tag-alquiler-de-instrumentos-barcelona-es","13":"product_tag-alquiler-de-instrumentos-espana-es","14":"product_tag-alquiler-de-instrumentos-espana","15":"product_tag-bateria-es","16":"product_tag-baterias","17":"product_tag-baterias-barcelona","18":"product_tag-baterias-de-alquiler","19":"product_tag-baterias-es","20":"product_tag-baterias-espana","21":"product_tag-cajon-es","22":"product_tag-instrumentos-de-contratacion","23":"product_tag-percusion","24":"product_tag-percusiones","25":"product_tag-percusiones-barcelona","26":"product_tag-percusiones-de-alquiler","27":"product_tag-percusiones-es","28":"product_tag-percusiones-espana","30":"first","31":"instock","32":"sold-individually","33":"shipping-taxable","34":"purchasable","35":"product-type-booking"},"booking_location":"","booking_location_type":"","booking_duration":1,"booking_duration_unit":"day","booking_buffer":0,"booking_cost":0,"booking_resources":[],"exclude_global_add_ons":false,"addons":[{"name":"Dep\u00f3sito","type":"checkbox","position":0,"required":false,"title_format":"hide","default":"","description_enable":false,"description":"","placeholder_enable":false,"placeholder":"","display":"select","restrictions_type":"any_text","adjust_price":false,"price":"","price_type":"flat_fee","restrictions":false,"min":"0","max":"0","options":[{"label":"Dep\u00f3sito","price":"40","price_type":"flat_fee","image":0,"visibility":true}]},{"name":"Todas las Bater\u00edas","type":"checkbox","position":0,"required":false,"title_format":"label","default":"","description_enable":false,"description":"","placeholder_enable":false,"placeholder":"","display":"select","restrictions_type":"any_text","adjust_price":false,"price":"","price_type":"flat_fee","restrictions":false,"min":"0","max":"0","options":[{"label":"Baquetas","price":"6.00","price_type":"quantity_based","image":0,"visibility":true},{"label":"Set de Platillos","price":"48.00","price_type":"quantity_based","image":0,"visibility":true}]},{"name":"All Percussion","type":"checkbox","position":0,"required":false,"title_format":"label","default":"","description_enable":false,"description":"","placeholder_enable":false,"placeholder":"","display":"select","restrictions_type":"any_text","adjust_price":false,"price":"","price_type":"flat_fee","restrictions":false,"min":"0","max":"0","options":[{"label":"Stand","price":"10","price_type":"quantity_based","image":0,"visibility":true}]}],"acf":{"set_to_be_sold":false,"sale_description":"","sale_price":""},"_links":{"self":[{"href":"https:\/\/shinemusicrental.com\/es\/wp-json\/wp\/v2\/product\/816","targetHints":{"allow":["GET"]}}],"collection":[{"href":"https:\/\/shinemusicrental.com\/es\/wp-json\/wp\/v2\/product"}],"about":[{"href":"https:\/\/shinemusicrental.com\/es\/wp-json\/wp\/v2\/types\/product"}],"replies":[{"embeddable":true,"href":"https:\/\/shinemusicrental.com\/es\/wp-json\/wp\/v2\/comments?post=816"}],"wp:featuredmedia":[{"embeddable":true,"href":"https:\/\/shinemusicrental.com\/es\/wp-json\/wp\/v2\/media\/815"}],"wp:attachment":[{"href":"https:\/\/shinemusicrental.com\/es\/wp-json\/wp\/v2\/media?parent=816"}],"wp:term":[{"taxonomy":"product_brand","embeddable":true,"href":"https:\/\/shinemusicrental.com\/es\/wp-json\/wp\/v2\/product_brand?post=816"},{"taxonomy":"product_cat","embeddable":true,"href":"https:\/\/shinemusicrental.com\/es\/wp-json\/wp\/v2\/product_cat?post=816"},{"taxonomy":"product_tag","embeddable":true,"href":"https:\/\/shinemusicrental.com\/es\/wp-json\/wp\/v2\/product_tag?post=816"}],"curies":[{"name":"wp","href":"https:\/\/api.w.org\/{rel}","templated":true}]}}