{"id":810,"date":"2022-10-19T13:28:35","date_gmt":"2022-10-19T11:28:35","guid":{"rendered":"http:\/\/www.shinemusicrental.com\/product\/bateria-electronica-roland-v-drums-portable-td-4kp\/"},"modified":"2024-04-08T15:57:48","modified_gmt":"2024-04-08T13:57:48","slug":"bateria-electronica-roland-v-drums-portable-td-4kp","status":"publish","type":"product","link":"https:\/\/shinemusicrental.com\/es\/product\/bateria-electronica-roland-v-drums-portable-td-4kp\/","title":{"rendered":"Bater\u00eda Electr\u00f3nica Roland V-Drums Portable TD-4KP"},"content":{"rendered":"<p>Con una peque\u00f1a huella, y capaz de plegarse en una pr\u00e1ctica funda de transporte en segundos, este kit de bater\u00eda el\u00e9ctrica es un sue\u00f1o hecho realidad para el m\u00fasico n\u00f3mada o el habitante del estudio. Compuesto por ocho pads en total (kick, snare, hi-hat, crash and ride cymbals, y tres toms), el TD-4KP ofrece una variedad de sonidos expresivos y personalizables. Las superficies de goma ofrecen durabilidad de largo recorrido, con toda la sensaci\u00f3n de satisfacci\u00f3n y la capacidad de respuesta de la bater\u00eda ac\u00fastica. Alquile esta bater\u00eda el\u00e9ctrica o similar a nuestra muy competitiva tarifa.<\/p>\n<p>Instrument Rental Barcelona es parte de la red de escuelas de Shine School of Music. Ofrecemos una amplia gama de lecciones de m\u00fasica, lugares para la celebraci\u00f3n de eventos, espacios para practicar m\u00fasica y espacios adicionales de trabajo conjunto.<\/p>\n","protected":false},"excerpt":{"rendered":"<p><strong>Dep\u00f3sito: \u20ac210<\/strong><\/p>\n<p>Con una peque\u00f1a huella, y capaz de plegarse en una pr\u00e1ctica funda de transporte en segundos, este kit de bater\u00eda el\u00e9ctrica es un sue\u00f1o hecho realidad para el m\u00fasico n\u00f3mada o el habitante del estudio.<\/p>\n","protected":false},"featured_media":809,"comment_status":"open","ping_status":"closed","template":"","meta":{"_acf_changed":false,"content-type":""},"product_brand":[],"product_cat":[160,171],"product_tag":[560,461,584,463,489,591,557,552,761,457,543,539,541,537,559,465,468,469,473,472,475,763],"class_list":{"0":"post-810","1":"product","2":"type-product","3":"status-publish","4":"has-post-thumbnail","6":"product_cat-baterias-y-percusion","7":"product_cat-baterias-electronicas","8":"product_tag-alquiler-de-instrumentos-es","9":"product_tag-alquiler-de-instrumentos","10":"product_tag-alquiler-de-instrumentos-es-2","11":"product_tag-alquiler-de-instrumentos-barcelona","12":"product_tag-alquiler-de-instrumentos-barcelona-es","13":"product_tag-alquiler-de-instrumentos-espana-es","14":"product_tag-alquiler-de-instrumentos-espana","15":"product_tag-bateria-es","16":"product_tag-bateria-electronica","17":"product_tag-baterias","18":"product_tag-baterias-barcelona","19":"product_tag-baterias-de-alquiler","20":"product_tag-baterias-es","21":"product_tag-baterias-espana","22":"product_tag-instrumentos-de-contratacion","23":"product_tag-percusion","24":"product_tag-percusiones","25":"product_tag-percusiones-barcelona","26":"product_tag-percusiones-de-alquiler","27":"product_tag-percusiones-es","28":"product_tag-percusiones-espana","29":"product_tag-roland-es","31":"first","32":"instock","33":"sold-individually","34":"shipping-taxable","35":"purchasable","36":"product-type-booking"},"booking_location":"","booking_location_type":"","booking_duration":1,"booking_duration_unit":"day","booking_buffer":0,"booking_cost":0,"booking_resources":[],"exclude_global_add_ons":false,"addons":[{"name":"Dep\u00f3sito","type":"checkbox","position":0,"required":false,"title_format":"hide","default":"","description_enable":false,"description":"","placeholder_enable":false,"placeholder":"","display":"select","restrictions_type":"any_text","adjust_price":false,"price":"","price_type":"flat_fee","restrictions":false,"min":"0","max":"0","options":[{"label":"Dep\u00f3sito","price":"210","price_type":"flat_fee","image":0,"visibility":true}]},{"name":"Todas las Bater\u00edas","type":"checkbox","position":0,"required":false,"title_format":"label","default":"","description_enable":false,"description":"","placeholder_enable":false,"placeholder":"","display":"select","restrictions_type":"any_text","adjust_price":false,"price":"","price_type":"flat_fee","restrictions":false,"min":"0","max":"0","options":[{"label":"Baquetas","price":"6.00","price_type":"quantity_based","image":0,"visibility":true},{"label":"Set de Platillos","price":"48.00","price_type":"quantity_based","image":0,"visibility":true}]}],"acf":{"set_to_be_sold":false,"sale_description":"","sale_price":""},"_links":{"self":[{"href":"https:\/\/shinemusicrental.com\/es\/wp-json\/wp\/v2\/product\/810","targetHints":{"allow":["GET"]}}],"collection":[{"href":"https:\/\/shinemusicrental.com\/es\/wp-json\/wp\/v2\/product"}],"about":[{"href":"https:\/\/shinemusicrental.com\/es\/wp-json\/wp\/v2\/types\/product"}],"replies":[{"embeddable":true,"href":"https:\/\/shinemusicrental.com\/es\/wp-json\/wp\/v2\/comments?post=810"}],"wp:featuredmedia":[{"embeddable":true,"href":"https:\/\/shinemusicrental.com\/es\/wp-json\/wp\/v2\/media\/809"}],"wp:attachment":[{"href":"https:\/\/shinemusicrental.com\/es\/wp-json\/wp\/v2\/media?parent=810"}],"wp:term":[{"taxonomy":"product_brand","embeddable":true,"href":"https:\/\/shinemusicrental.com\/es\/wp-json\/wp\/v2\/product_brand?post=810"},{"taxonomy":"product_cat","embeddable":true,"href":"https:\/\/shinemusicrental.com\/es\/wp-json\/wp\/v2\/product_cat?post=810"},{"taxonomy":"product_tag","embeddable":true,"href":"https:\/\/shinemusicrental.com\/es\/wp-json\/wp\/v2\/product_tag?post=810"}],"curies":[{"name":"wp","href":"https:\/\/api.w.org\/{rel}","templated":true}]}}