{"id":804,"date":"2022-10-19T13:20:40","date_gmt":"2022-10-19T11:20:40","guid":{"rendered":"http:\/\/www.shinemusicrental.com\/product\/trompeta-carol-brass-ctr-2000h-yss-bb-l\/"},"modified":"2024-04-26T13:13:20","modified_gmt":"2024-04-26T11:13:20","slug":"trompeta-carol-brass-ctr-2000h-yss-bb-l","status":"publish","type":"product","link":"https:\/\/shinemusicrental.com\/es\/product\/trompeta-carol-brass-ctr-2000h-yss-bb-l\/","title":{"rendered":"Trompeta Carol Brass CTR-2000H-YSS-Bb-L"},"content":{"rendered":"<p>La trompeta CTR-2000H-YSS-Bb-L de Carol Brass es una excelente opci\u00f3n para cualquier trompetista principiante, capaz de apoyar el avance de un estudiante hasta el nivel intermedio alto. Es robusta, con una entonaci\u00f3n clara y un tono denso que combina perfectamente en un ambiente de banda. Las v\u00e1lvulas de acero inoxidable del 2000H funcionan mucho m\u00e1s suavemente que las opciones de monel m\u00e1s comunes, y el cuerpo brilla con un acabado lacado transparente. Alquile esta trompeta o similar a nuestra muy competitiva tarifa.<\/p>\n<p>Instrument Rental Barcelona es parte de la red de escuelas de Shine School of Music. Ofrecemos una amplia gama de lecciones de m\u00fasica, lugares para la celebraci\u00f3n de eventos, espacios para practicar m\u00fasica y espacios adicionales de trabajo conjunto.<\/p>\n","protected":false},"excerpt":{"rendered":"<p><strong>Dep\u00f3sito: \u20ac140<\/strong><\/p>\n<p>La trompeta CTR-2000H-YSS-Bb-L de Carol Brass es una excelente opci\u00f3n para cualquier trompetista principiante, capaz de apoyar el avance de un estudiante hasta el nivel intermedio alto.<\/p>\n","protected":false},"featured_media":803,"comment_status":"open","ping_status":"closed","template":"","meta":{"_acf_changed":false,"content-type":""},"product_brand":[],"product_cat":[353,372],"product_tag":[461,560,584,463,489,591,557,515,559,517,519,523,521,525,595,757],"class_list":{"0":"post-804","1":"product","2":"type-product","3":"status-publish","4":"has-post-thumbnail","6":"product_cat-instrumentos-de-viento","7":"product_cat-trompetas-es","8":"product_tag-alquiler-de-instrumentos","9":"product_tag-alquiler-de-instrumentos-es","10":"product_tag-alquiler-de-instrumentos-es-2","11":"product_tag-alquiler-de-instrumentos-barcelona","12":"product_tag-alquiler-de-instrumentos-barcelona-es","13":"product_tag-alquiler-de-instrumentos-espana-es","14":"product_tag-alquiler-de-instrumentos-espana","15":"product_tag-instrumento-de-viento","16":"product_tag-instrumentos-de-contratacion","17":"product_tag-instrumentos-de-viento-es","18":"product_tag-instrumentos-de-viento-barcelona","19":"product_tag-instrumentos-de-viento-de-alquiler","20":"product_tag-instrumentos-de-viento-es-es","21":"product_tag-instrumentos-de-viento-espana","22":"product_tag-trompeta","23":"product_tag-trompeta-de-alquiler","25":"first","26":"instock","27":"sold-individually","28":"shipping-taxable","29":"purchasable","30":"product-type-booking"},"booking_location":"","booking_location_type":"","booking_duration":1,"booking_duration_unit":"day","booking_buffer":0,"booking_cost":0,"booking_resources":[],"exclude_global_add_ons":false,"addons":[{"name":"Dep\u00f3sito","type":"checkbox","position":0,"required":false,"title_format":"hide","default":"","description_enable":false,"description":"","placeholder_enable":false,"placeholder":"","display":"select","restrictions_type":"any_text","adjust_price":false,"price":"","price_type":"flat_fee","restrictions":false,"min":"0","max":"0","options":[{"label":"Dep\u00f3sito","price":"140","price_type":"flat_fee","image":0,"visibility":true}]},{"name":"INSTRUMENTOS DE VIENTO (todos)","type":"checkbox","position":0,"required":false,"title_format":"label","default":"","description_enable":false,"description":"","placeholder_enable":false,"placeholder":"","display":"select","restrictions_type":"any_text","adjust_price":false,"price":"","price_type":"flat_fee","restrictions":false,"min":"0","max":"0","options":[{"label":"Leng\u00fceta","price":"5.00","price_type":"quantity_based","image":0,"visibility":true},{"label":"Atril","price":"5.00","price_type":"flat_fee","image":0,"visibility":true},{"label":"Atril de Calidad","price":"9.00","price_type":"flat_fee","image":0,"visibility":true}]}],"acf":{"set_to_be_sold":false,"sale_description":"","sale_price":""},"_links":{"self":[{"href":"https:\/\/shinemusicrental.com\/es\/wp-json\/wp\/v2\/product\/804","targetHints":{"allow":["GET"]}}],"collection":[{"href":"https:\/\/shinemusicrental.com\/es\/wp-json\/wp\/v2\/product"}],"about":[{"href":"https:\/\/shinemusicrental.com\/es\/wp-json\/wp\/v2\/types\/product"}],"replies":[{"embeddable":true,"href":"https:\/\/shinemusicrental.com\/es\/wp-json\/wp\/v2\/comments?post=804"}],"wp:featuredmedia":[{"embeddable":true,"href":"https:\/\/shinemusicrental.com\/es\/wp-json\/wp\/v2\/media\/803"}],"wp:attachment":[{"href":"https:\/\/shinemusicrental.com\/es\/wp-json\/wp\/v2\/media?parent=804"}],"wp:term":[{"taxonomy":"product_brand","embeddable":true,"href":"https:\/\/shinemusicrental.com\/es\/wp-json\/wp\/v2\/product_brand?post=804"},{"taxonomy":"product_cat","embeddable":true,"href":"https:\/\/shinemusicrental.com\/es\/wp-json\/wp\/v2\/product_cat?post=804"},{"taxonomy":"product_tag","embeddable":true,"href":"https:\/\/shinemusicrental.com\/es\/wp-json\/wp\/v2\/product_tag?post=804"}],"curies":[{"name":"wp","href":"https:\/\/api.w.org\/{rel}","templated":true}]}}