{"id":798,"date":"2022-10-19T13:08:35","date_gmt":"2022-10-19T11:08:35","guid":{"rendered":"http:\/\/www.shinemusicrental.com\/product\/carlo-giordano-vs114-violin-1-4\/"},"modified":"2024-04-08T15:34:24","modified_gmt":"2024-04-08T13:34:24","slug":"carlo-giordano-vs114-violin-1-4","status":"publish","type":"product","link":"https:\/\/shinemusicrental.com\/es\/product\/carlo-giordano-vs114-violin-1-4\/","title":{"rendered":"Carlo Giordano VS114 \u2013 Viol\u00edn 1\/4"},"content":{"rendered":"<p>Este viol\u00edn de 1\/4 es simple pero s\u00f3lido, con tapa de abeto, parte trasera y laterales de arce y un diapas\u00f3n de madera dura, todo cortado en piezas individuales. Tiene un acabado envejecido satinado precioso pero discreto. Si bien es importante medir el tama\u00f1o perfecto del viol\u00edn de cada estudiante, este modelo 1\/4 es adecuado para edades de 5 a 7 a\u00f1os, un per\u00edodo en el que los ni\u00f1os crecen r\u00e1pidamente, lo que hace que el alquiler de instrumentos sea mucho m\u00e1s pr\u00e1ctico que comprar, incluso para los m\u00e1s serios de m\u00fasicos j\u00f3venes.\u00a0Alquile este viol\u00edn o similar a nuestra muy competitiva tarifa.<\/p>\n<p>Instrument Rental Barcelona es parte de la red de escuelas de Shine School of Music. Ofrecemos una amplia gama de lecciones de m\u00fasica, lugares para la celebraci\u00f3n de eventos, espacios para practicar m\u00fasica y espacios adicionales de trabajo conjunto.<\/p>\n<div id=\"gtx-trans\" style=\"position: absolute; left: 125px; top: 37.2148px;\">\n<div class=\"gtx-trans-icon\"><\/div>\n<\/div>\n<div id=\"gtx-trans\" style=\"position: absolute; left: 125px; top: 37.2148px;\">\n<div class=\"gtx-trans-icon\"><\/div>\n<\/div>\n","protected":false},"excerpt":{"rendered":"<p><strong>Dep\u00f3sito: \u20ac80<\/strong><\/p>\n<p>Este viol\u00edn de 1\/4 es simple pero s\u00f3lido, con tapa de abeto, parte trasera y laterales de arce y un diapas\u00f3n de madera dura, todo cortado en piezas individuales.<\/p>\n","protected":false},"featured_media":797,"comment_status":"open","ping_status":"closed","template":"","meta":{"_acf_changed":false,"content-type":""},"product_brand":[],"product_cat":[321,329],"product_tag":[461,560,584,463,489,591,557,754,559,491,493,495,499,497,501,721,752],"class_list":{"0":"post-798","1":"product","2":"type-product","3":"status-publish","4":"has-post-thumbnail","6":"product_cat-instrumentos-de-cuerda","7":"product_cat-violines-es","8":"product_tag-alquiler-de-instrumentos","9":"product_tag-alquiler-de-instrumentos-es","10":"product_tag-alquiler-de-instrumentos-es-2","11":"product_tag-alquiler-de-instrumentos-barcelona","12":"product_tag-alquiler-de-instrumentos-barcelona-es","13":"product_tag-alquiler-de-instrumentos-espana-es","14":"product_tag-alquiler-de-instrumentos-espana","15":"product_tag-carlo-giordano-es","16":"product_tag-instrumentos-de-contratacion","17":"product_tag-instrumentos-de-cuerda","18":"product_tag-instrumentos-de-cuerda-es","19":"product_tag-instrumentos-de-cuerda-barcelona","20":"product_tag-instrumentos-de-cuerda-de-alquiler","21":"product_tag-instrumentos-de-cuerda-es-es","22":"product_tag-instrumentos-de-cuerda-espana","23":"product_tag-violin-es","24":"product_tag-violin-para-ninos","26":"first","27":"instock","28":"sold-individually","29":"shipping-taxable","30":"purchasable","31":"product-type-booking"},"booking_location":"","booking_location_type":"","booking_duration":1,"booking_duration_unit":"day","booking_buffer":0,"booking_cost":0,"booking_resources":[],"exclude_global_add_ons":false,"addons":[{"name":"Dep\u00f3sito","type":"checkbox","position":0,"required":false,"title_format":"hide","default":"","description_enable":false,"description":"","placeholder_enable":false,"placeholder":"","display":"select","restrictions_type":"any_text","adjust_price":false,"price":"","price_type":"flat_fee","restrictions":false,"min":"0","max":"0","options":[{"label":"Dep\u00f3sito","price":"80","price_type":"flat_fee","image":0,"visibility":true}]},{"name":"Violines","type":"checkbox","position":0,"required":false,"title_format":"label","default":"","description_enable":true,"description":"","placeholder_enable":false,"placeholder":"","display":"select","restrictions_type":"any_text","adjust_price":false,"price":"","price_type":"flat_fee","restrictions":false,"min":"0","max":"0","options":[{"label":"Costilla","price":"9.00","price_type":"quantity_based","image":0,"visibility":true},{"label":"Soporte para Viol\u00edn","price":"5.00","price_type":"quantity_based","image":0,"visibility":true},{"label":"Atril","price":"5.00","price_type":"quantity_based","image":0,"visibility":true},{"label":"Atril de Calidad","price":"9.00","price_type":"quantity_based","image":0,"visibility":true},{"label":"Afinador","price":"5.00","price_type":"quantity_based","image":0,"visibility":true},{"label":"Sordina","price":"2.00","price_type":"quantity_based","image":0,"visibility":true}]}],"acf":{"set_to_be_sold":false,"sale_description":"","sale_price":""},"_links":{"self":[{"href":"https:\/\/shinemusicrental.com\/es\/wp-json\/wp\/v2\/product\/798","targetHints":{"allow":["GET"]}}],"collection":[{"href":"https:\/\/shinemusicrental.com\/es\/wp-json\/wp\/v2\/product"}],"about":[{"href":"https:\/\/shinemusicrental.com\/es\/wp-json\/wp\/v2\/types\/product"}],"replies":[{"embeddable":true,"href":"https:\/\/shinemusicrental.com\/es\/wp-json\/wp\/v2\/comments?post=798"}],"wp:featuredmedia":[{"embeddable":true,"href":"https:\/\/shinemusicrental.com\/es\/wp-json\/wp\/v2\/media\/797"}],"wp:attachment":[{"href":"https:\/\/shinemusicrental.com\/es\/wp-json\/wp\/v2\/media?parent=798"}],"wp:term":[{"taxonomy":"product_brand","embeddable":true,"href":"https:\/\/shinemusicrental.com\/es\/wp-json\/wp\/v2\/product_brand?post=798"},{"taxonomy":"product_cat","embeddable":true,"href":"https:\/\/shinemusicrental.com\/es\/wp-json\/wp\/v2\/product_cat?post=798"},{"taxonomy":"product_tag","embeddable":true,"href":"https:\/\/shinemusicrental.com\/es\/wp-json\/wp\/v2\/product_tag?post=798"}],"curies":[{"name":"wp","href":"https:\/\/api.w.org\/{rel}","templated":true}]}}