{"id":787,"date":"2022-10-19T12:47:27","date_gmt":"2022-10-19T10:47:27","guid":{"rendered":"http:\/\/www.shinemusicrental.com\/product\/saxofon-alto-h-bague\/"},"modified":"2024-04-08T15:52:39","modified_gmt":"2024-04-08T13:52:39","slug":"saxofon-alto-h-bague","status":"publish","type":"product","link":"https:\/\/shinemusicrental.com\/es\/product\/saxofon-alto-h-bague\/","title":{"rendered":"Saxof\u00f3n Alto H-BAGUE"},"content":{"rendered":"<p>El saxof\u00f3n alto H-BAGUE es un instrumento de alquiler de alta calidad, s\u00f3lidamente construido con mecanismos duraderos que nunca se doblar\u00e1n o deslizar\u00e1n fuera de sinton\u00eda. El acabado es un cl\u00e1sico de oro viejo lacado, las teclas son ergon\u00f3micamente c\u00f3modas, y el sonido claro y bronc\u00edneo es adecuado para estilos que van desde la m\u00fasica de c\u00e1mara a la banda de m\u00fasica jazz. Alquile este saxof\u00f3n o similar a nuestra tarifa muy competitiva.<\/p>\n<p>Instrument Rental Barcelona es parte de la red de escuelas de Shine School of Music. Ofrecemos una amplia gama de lecciones de m\u00fasica, lugares para la celebraci\u00f3n de eventos, espacios para practicar m\u00fasica y espacios adicionales de trabajo conjunto.<\/p>\n","protected":false},"excerpt":{"rendered":"<p><strong>Dep\u00f3sito: \u20ac100<\/strong><\/p>\n<p>El saxof\u00f3n alto H-BAGUE es un instrumento de alquiler de alta calidad, s\u00f3lidamente construido con mecanismos duraderos que nunca se doblar\u00e1n o deslizar\u00e1n fuera de sinton\u00eda.<\/p>\n","protected":false},"featured_media":785,"comment_status":"open","ping_status":"closed","template":"","meta":{"_acf_changed":false,"content-type":""},"product_brand":[],"product_cat":[353,368],"product_tag":[461,560,584,463,489,557,591,515,559,517,519,523,521,525,581,732,734,588,736],"class_list":{"0":"post-787","1":"product","2":"type-product","3":"status-publish","4":"has-post-thumbnail","6":"product_cat-instrumentos-de-viento","7":"product_cat-saxofones","8":"product_tag-alquiler-de-instrumentos","9":"product_tag-alquiler-de-instrumentos-es","10":"product_tag-alquiler-de-instrumentos-es-2","11":"product_tag-alquiler-de-instrumentos-barcelona","12":"product_tag-alquiler-de-instrumentos-barcelona-es","13":"product_tag-alquiler-de-instrumentos-espana","14":"product_tag-alquiler-de-instrumentos-espana-es","15":"product_tag-instrumento-de-viento","16":"product_tag-instrumentos-de-contratacion","17":"product_tag-instrumentos-de-viento-es","18":"product_tag-instrumentos-de-viento-barcelona","19":"product_tag-instrumentos-de-viento-de-alquiler","20":"product_tag-instrumentos-de-viento-es-es","21":"product_tag-instrumentos-de-viento-espana","22":"product_tag-saxo-es","23":"product_tag-saxo-alto-es","24":"product_tag-saxo-de-alquiler","25":"product_tag-saxofon-es-2","26":"product_tag-startone-es","28":"first","29":"instock","30":"sold-individually","31":"shipping-taxable","32":"purchasable","33":"product-type-booking"},"booking_location":"","booking_location_type":"","booking_duration":1,"booking_duration_unit":"day","booking_buffer":0,"booking_cost":0,"booking_resources":[],"exclude_global_add_ons":false,"addons":[{"name":"Dep\u00f3sito","type":"checkbox","position":0,"required":false,"title_format":"hide","default":"","description_enable":false,"description":"","placeholder_enable":false,"placeholder":"","display":"select","restrictions_type":"any_text","adjust_price":false,"price":"","price_type":"flat_fee","restrictions":false,"min":"0","max":"0","options":[{"label":"Dep\u00f3sito","price":"100","price_type":"flat_fee","image":0,"visibility":true}]},{"name":"INSTRUMENTOS DE VIENTO (todos)","type":"checkbox","position":0,"required":false,"title_format":"label","default":"","description_enable":false,"description":"","placeholder_enable":false,"placeholder":"","display":"select","restrictions_type":"any_text","adjust_price":false,"price":"","price_type":"flat_fee","restrictions":false,"min":"0","max":"0","options":[{"label":"Leng\u00fceta","price":"5.00","price_type":"quantity_based","image":0,"visibility":true},{"label":"Atril","price":"5.00","price_type":"flat_fee","image":0,"visibility":true},{"label":"Atril de Calidad","price":"9.00","price_type":"flat_fee","image":0,"visibility":true}]}],"acf":{"set_to_be_sold":false,"sale_description":"","sale_price":""},"_links":{"self":[{"href":"https:\/\/shinemusicrental.com\/es\/wp-json\/wp\/v2\/product\/787","targetHints":{"allow":["GET"]}}],"collection":[{"href":"https:\/\/shinemusicrental.com\/es\/wp-json\/wp\/v2\/product"}],"about":[{"href":"https:\/\/shinemusicrental.com\/es\/wp-json\/wp\/v2\/types\/product"}],"replies":[{"embeddable":true,"href":"https:\/\/shinemusicrental.com\/es\/wp-json\/wp\/v2\/comments?post=787"}],"wp:featuredmedia":[{"embeddable":true,"href":"https:\/\/shinemusicrental.com\/es\/wp-json\/wp\/v2\/media\/785"}],"wp:attachment":[{"href":"https:\/\/shinemusicrental.com\/es\/wp-json\/wp\/v2\/media?parent=787"}],"wp:term":[{"taxonomy":"product_brand","embeddable":true,"href":"https:\/\/shinemusicrental.com\/es\/wp-json\/wp\/v2\/product_brand?post=787"},{"taxonomy":"product_cat","embeddable":true,"href":"https:\/\/shinemusicrental.com\/es\/wp-json\/wp\/v2\/product_cat?post=787"},{"taxonomy":"product_tag","embeddable":true,"href":"https:\/\/shinemusicrental.com\/es\/wp-json\/wp\/v2\/product_tag?post=787"}],"curies":[{"name":"wp","href":"https:\/\/api.w.org\/{rel}","templated":true}]}}