{"id":780,"date":"2022-10-19T12:19:15","date_gmt":"2022-10-19T10:19:15","guid":{"rendered":"http:\/\/www.shinemusicrental.com\/product\/saxofon-tenor-startone-sts-75\/"},"modified":"2024-04-08T15:44:55","modified_gmt":"2024-04-08T13:44:55","slug":"saxofon-tenor-startone-sts-75","status":"publish","type":"product","link":"https:\/\/shinemusicrental.com\/es\/product\/saxofon-tenor-startone-sts-75\/","title":{"rendered":"Saxof\u00f3n Tenor Startone STS-75"},"content":{"rendered":"<p>Con el sonido rico y poderoso en el que piensas cuando piensas en saxofones, el Startone STS-75 es un pin\u00e1culo de estilo cl\u00e1sico y funci\u00f3n que lo convierte en una exquisita experiencia de alquiler de instrumentos. Su cuerpo y llaves de lat\u00f3n pulido son funcionales, receptivos y elegantes, mientras que su reposapi\u00e9s ajustable y su balanc\u00edn lo hacen f\u00e1cil de usar y mantener sin importar su nivel de experiencia. Alquile este saxof\u00f3n o similar a nuestra tarifa muy competitiva.<\/p>\n<p>Instrument Rental Barcelona es parte de la red de escuelas de Shine School of Music. Ofrecemos una amplia gama de lecciones de m\u00fasica, lugares para la celebraci\u00f3n de eventos, espacios para practicar m\u00fasica y espacios adicionales de trabajo conjunto.<\/p>\n","protected":false},"excerpt":{"rendered":"<p><strong>Dep\u00f3sito: \u20ac160<\/strong><\/p>\n<p>Con el sonido rico y poderoso en el que piensas cuando piensas en saxofones, el Startone STS-75 es un pin\u00e1culo de estilo cl\u00e1sico y funci\u00f3n que lo convierte en una exquisita experiencia de alquiler de instrumentos.<\/p>\n","protected":false},"featured_media":773,"comment_status":"open","ping_status":"closed","template":"","meta":{"_acf_changed":false,"content-type":""},"product_brand":[],"product_cat":[353,368],"product_tag":[461,560,584,463,489,557,591,515,559,517,519,523,521,525,581,734,739,588,736],"class_list":{"0":"post-780","1":"product","2":"type-product","3":"status-publish","4":"has-post-thumbnail","6":"product_cat-instrumentos-de-viento","7":"product_cat-saxofones","8":"product_tag-alquiler-de-instrumentos","9":"product_tag-alquiler-de-instrumentos-es","10":"product_tag-alquiler-de-instrumentos-es-2","11":"product_tag-alquiler-de-instrumentos-barcelona","12":"product_tag-alquiler-de-instrumentos-barcelona-es","13":"product_tag-alquiler-de-instrumentos-espana","14":"product_tag-alquiler-de-instrumentos-espana-es","15":"product_tag-instrumento-de-viento","16":"product_tag-instrumentos-de-contratacion","17":"product_tag-instrumentos-de-viento-es","18":"product_tag-instrumentos-de-viento-barcelona","19":"product_tag-instrumentos-de-viento-de-alquiler","20":"product_tag-instrumentos-de-viento-es-es","21":"product_tag-instrumentos-de-viento-espana","22":"product_tag-saxo-es","23":"product_tag-saxo-de-alquiler","24":"product_tag-saxo-tenor","25":"product_tag-saxofon-es-2","26":"product_tag-startone-es","28":"first","29":"instock","30":"sold-individually","31":"shipping-taxable","32":"purchasable","33":"product-type-booking"},"booking_location":"","booking_location_type":"","booking_duration":1,"booking_duration_unit":"day","booking_buffer":0,"booking_cost":0,"booking_resources":[],"exclude_global_add_ons":false,"addons":[{"name":"Dep\u00f3sito","type":"checkbox","position":0,"required":false,"title_format":"hide","default":"","description_enable":false,"description":"","placeholder_enable":false,"placeholder":"","display":"select","restrictions_type":"any_text","adjust_price":false,"price":"","price_type":"flat_fee","restrictions":false,"min":"0","max":"0","options":[{"label":"Dep\u00f3sito","price":"160","price_type":"flat_fee","image":0,"visibility":true}]},{"name":"INSTRUMENTOS DE VIENTO (todos)","type":"checkbox","position":0,"required":false,"title_format":"label","default":"","description_enable":false,"description":"","placeholder_enable":false,"placeholder":"","display":"select","restrictions_type":"any_text","adjust_price":false,"price":"","price_type":"flat_fee","restrictions":false,"min":"0","max":"0","options":[{"label":"Leng\u00fceta","price":"5.00","price_type":"quantity_based","image":0,"visibility":true},{"label":"Atril","price":"5.00","price_type":"flat_fee","image":0,"visibility":true},{"label":"Atril de Calidad","price":"9.00","price_type":"flat_fee","image":0,"visibility":true}]}],"acf":{"set_to_be_sold":false,"sale_description":"","sale_price":""},"_links":{"self":[{"href":"https:\/\/shinemusicrental.com\/es\/wp-json\/wp\/v2\/product\/780","targetHints":{"allow":["GET"]}}],"collection":[{"href":"https:\/\/shinemusicrental.com\/es\/wp-json\/wp\/v2\/product"}],"about":[{"href":"https:\/\/shinemusicrental.com\/es\/wp-json\/wp\/v2\/types\/product"}],"replies":[{"embeddable":true,"href":"https:\/\/shinemusicrental.com\/es\/wp-json\/wp\/v2\/comments?post=780"}],"wp:featuredmedia":[{"embeddable":true,"href":"https:\/\/shinemusicrental.com\/es\/wp-json\/wp\/v2\/media\/773"}],"wp:attachment":[{"href":"https:\/\/shinemusicrental.com\/es\/wp-json\/wp\/v2\/media?parent=780"}],"wp:term":[{"taxonomy":"product_brand","embeddable":true,"href":"https:\/\/shinemusicrental.com\/es\/wp-json\/wp\/v2\/product_brand?post=780"},{"taxonomy":"product_cat","embeddable":true,"href":"https:\/\/shinemusicrental.com\/es\/wp-json\/wp\/v2\/product_cat?post=780"},{"taxonomy":"product_tag","embeddable":true,"href":"https:\/\/shinemusicrental.com\/es\/wp-json\/wp\/v2\/product_tag?post=780"}],"curies":[{"name":"wp","href":"https:\/\/api.w.org\/{rel}","templated":true}]}}