{"id":769,"date":"2022-10-19T12:14:24","date_gmt":"2022-10-19T10:14:24","guid":{"rendered":"http:\/\/www.shinemusicrental.com\/product\/saxofon-alto-startone-sas-75\/"},"modified":"2024-04-08T15:41:46","modified_gmt":"2024-04-08T13:41:46","slug":"saxofon-alto-startone-sas-75","status":"publish","type":"product","link":"https:\/\/shinemusicrental.com\/es\/product\/saxofon-alto-startone-sas-75\/","title":{"rendered":"Saxof\u00f3n Alto Startone SAS-75"},"content":{"rendered":"<p>Con un sonido alto y dulce, el saxof\u00f3n alto Startone SAS-75 es un instrumento de alquiler perfecto para una pista de ese toque cl\u00e1sico de jazz. Con un cuerpo y llaves de lat\u00f3n y acabado lacado, tiene una apariencia elegante, mientras que su reposapi\u00e9s ajustable y su balanc\u00edn lo convierten en un saxof\u00f3n bastante f\u00e1cil de usar para int\u00e9rpretes principiantes y experimentados. Alquile este saxof\u00f3n o similar a nuestra tarifa muy competitiva.<\/p>\n<p>Instrument Rental Barcelona es parte de la red de escuelas de Shine School of Music. Ofrecemos una amplia gama de lecciones de m\u00fasica, lugares para la celebraci\u00f3n de eventos, espacios para practicar m\u00fasica y espacios adicionales de trabajo conjunto.<\/p>\n","protected":false},"excerpt":{"rendered":"<p><strong>Dep\u00f3sito: \u20ac100<\/strong><\/p>\n<p>Con un sonido alto y dulce, el saxof\u00f3n alto Startone SAS-75 es un instrumento de alquiler perfecto para una pista de ese toque cl\u00e1sico de jazz.<\/p>\n","protected":false},"featured_media":761,"comment_status":"open","ping_status":"closed","template":"","meta":{"_acf_changed":false,"content-type":""},"product_brand":[],"product_cat":[353,368],"product_tag":[461,560,584,463,489,557,591,515,559,517,519,523,521,525,581,732,734,588,736],"class_list":{"0":"post-769","1":"product","2":"type-product","3":"status-publish","4":"has-post-thumbnail","6":"product_cat-instrumentos-de-viento","7":"product_cat-saxofones","8":"product_tag-alquiler-de-instrumentos","9":"product_tag-alquiler-de-instrumentos-es","10":"product_tag-alquiler-de-instrumentos-es-2","11":"product_tag-alquiler-de-instrumentos-barcelona","12":"product_tag-alquiler-de-instrumentos-barcelona-es","13":"product_tag-alquiler-de-instrumentos-espana","14":"product_tag-alquiler-de-instrumentos-espana-es","15":"product_tag-instrumento-de-viento","16":"product_tag-instrumentos-de-contratacion","17":"product_tag-instrumentos-de-viento-es","18":"product_tag-instrumentos-de-viento-barcelona","19":"product_tag-instrumentos-de-viento-de-alquiler","20":"product_tag-instrumentos-de-viento-es-es","21":"product_tag-instrumentos-de-viento-espana","22":"product_tag-saxo-es","23":"product_tag-saxo-alto-es","24":"product_tag-saxo-de-alquiler","25":"product_tag-saxofon-es-2","26":"product_tag-startone-es","28":"first","29":"instock","30":"sold-individually","31":"shipping-taxable","32":"purchasable","33":"product-type-booking"},"booking_location":"","booking_location_type":"","booking_duration":1,"booking_duration_unit":"day","booking_buffer":0,"booking_cost":0,"booking_resources":[],"exclude_global_add_ons":false,"addons":[{"name":"Dep\u00f3sito","type":"checkbox","position":0,"required":false,"title_format":"hide","default":"","description_enable":false,"description":"","placeholder_enable":false,"placeholder":"","display":"select","restrictions_type":"any_text","adjust_price":false,"price":"","price_type":"flat_fee","restrictions":false,"min":"0","max":"0","options":[{"label":"Dep\u00f3sito","price":"100","price_type":"flat_fee","image":0,"visibility":true}]},{"name":"INSTRUMENTOS DE VIENTO (todos)","type":"checkbox","position":0,"required":false,"title_format":"label","default":"","description_enable":false,"description":"","placeholder_enable":false,"placeholder":"","display":"select","restrictions_type":"any_text","adjust_price":false,"price":"","price_type":"flat_fee","restrictions":false,"min":"0","max":"0","options":[{"label":"Leng\u00fceta","price":"5.00","price_type":"quantity_based","image":0,"visibility":true},{"label":"Atril","price":"5.00","price_type":"flat_fee","image":0,"visibility":true},{"label":"Atril de Calidad","price":"9.00","price_type":"flat_fee","image":0,"visibility":true}]}],"acf":{"set_to_be_sold":false,"sale_description":"","sale_price":""},"_links":{"self":[{"href":"https:\/\/shinemusicrental.com\/es\/wp-json\/wp\/v2\/product\/769","targetHints":{"allow":["GET"]}}],"collection":[{"href":"https:\/\/shinemusicrental.com\/es\/wp-json\/wp\/v2\/product"}],"about":[{"href":"https:\/\/shinemusicrental.com\/es\/wp-json\/wp\/v2\/types\/product"}],"replies":[{"embeddable":true,"href":"https:\/\/shinemusicrental.com\/es\/wp-json\/wp\/v2\/comments?post=769"}],"wp:featuredmedia":[{"embeddable":true,"href":"https:\/\/shinemusicrental.com\/es\/wp-json\/wp\/v2\/media\/761"}],"wp:attachment":[{"href":"https:\/\/shinemusicrental.com\/es\/wp-json\/wp\/v2\/media?parent=769"}],"wp:term":[{"taxonomy":"product_brand","embeddable":true,"href":"https:\/\/shinemusicrental.com\/es\/wp-json\/wp\/v2\/product_brand?post=769"},{"taxonomy":"product_cat","embeddable":true,"href":"https:\/\/shinemusicrental.com\/es\/wp-json\/wp\/v2\/product_cat?post=769"},{"taxonomy":"product_tag","embeddable":true,"href":"https:\/\/shinemusicrental.com\/es\/wp-json\/wp\/v2\/product_tag?post=769"}],"curies":[{"name":"wp","href":"https:\/\/api.w.org\/{rel}","templated":true}]}}