{"id":738,"date":"2022-10-19T10:52:37","date_gmt":"2022-10-19T08:52:37","guid":{"rendered":"http:\/\/www.shinemusicrental.com\/product\/violin-para-estudiantes-roth-junius-rjve-4-4\/"},"modified":"2024-04-08T15:28:13","modified_gmt":"2024-04-08T13:28:13","slug":"violin-para-estudiantes-roth-junius-rjve-4-4","status":"publish","type":"product","link":"https:\/\/shinemusicrental.com\/es\/product\/violin-para-estudiantes-roth-junius-rjve-4-4\/","title":{"rendered":"Viol\u00edn Roth &#038; Junius RJVE 4\/4"},"content":{"rendered":"<p>Cuando busca un viol\u00edn, busca notas hermosas, apariencia cl\u00e1sica, durabilidad y confiabilidad, todas ellas incorporadas en el viol\u00edn Roth &amp; Junius RJVE 4\/4. Con una tapa de abeto s\u00f3lido, cuello y cuerpo de arce y un diapas\u00f3n de \u00e9bano, este viol\u00edn es tan hermoso como robusto, capaz de tocar las notas de cualquier tipo de m\u00fasica que desees tocar. Si siempre quiso tocar el viol\u00edn, alquilar este instrumento es una excelente manera de comenzar. Alquile este viol\u00edn o similar a nuestra tarifa muy competitiva.<\/p>\n<p>Instrument Rental Barcelona es parte de la red de escuelas de Shine School of Music. Ofrecemos una amplia gama de lecciones de m\u00fasica, lugares para la celebraci\u00f3n de eventos, espacios para practicar m\u00fasica y espacios adicionales de trabajo conjunto.<\/p>\n","protected":false},"excerpt":{"rendered":"<p><strong>Dep\u00f3sito: \u20ac100<\/strong><\/p>\n<p>Cuando busca un viol\u00edn, busca notas hermosas, apariencia cl\u00e1sica, durabilidad y confiabilidad, todas ellas incorporadas en el viol\u00edn Roth &amp; Junius RJVE 4\/4.<\/p>\n","protected":false},"featured_media":728,"comment_status":"open","ping_status":"closed","template":"","meta":{"_acf_changed":false,"content-type":""},"product_brand":[],"product_cat":[321,329],"product_tag":[461,560,584,463,489,591,557,559,491,493,495,499,497,501,708,721],"class_list":{"0":"post-738","1":"product","2":"type-product","3":"status-publish","4":"has-post-thumbnail","6":"product_cat-instrumentos-de-cuerda","7":"product_cat-violines-es","8":"product_tag-alquiler-de-instrumentos","9":"product_tag-alquiler-de-instrumentos-es","10":"product_tag-alquiler-de-instrumentos-es-2","11":"product_tag-alquiler-de-instrumentos-barcelona","12":"product_tag-alquiler-de-instrumentos-barcelona-es","13":"product_tag-alquiler-de-instrumentos-espana-es","14":"product_tag-alquiler-de-instrumentos-espana","15":"product_tag-instrumentos-de-contratacion","16":"product_tag-instrumentos-de-cuerda","17":"product_tag-instrumentos-de-cuerda-es","18":"product_tag-instrumentos-de-cuerda-barcelona","19":"product_tag-instrumentos-de-cuerda-de-alquiler","20":"product_tag-instrumentos-de-cuerda-es-es","21":"product_tag-instrumentos-de-cuerda-espana","22":"product_tag-roth-junius-es","23":"product_tag-violin-es","25":"first","26":"instock","27":"sold-individually","28":"shipping-taxable","29":"purchasable","30":"product-type-booking"},"booking_location":"","booking_location_type":"","booking_duration":1,"booking_duration_unit":"day","booking_buffer":0,"booking_cost":0,"booking_resources":[],"exclude_global_add_ons":false,"addons":[{"name":"Dep\u00f3sito","type":"checkbox","position":0,"required":false,"title_format":"hide","default":"","description_enable":false,"description":"","placeholder_enable":false,"placeholder":"","display":"select","restrictions_type":"any_text","adjust_price":false,"price":"","price_type":"flat_fee","restrictions":false,"min":"0","max":"0","options":[{"label":"Dep\u00f3sito","price":"100","price_type":"flat_fee","image":0,"visibility":true}]},{"name":"Violines","type":"checkbox","position":0,"required":false,"title_format":"label","default":"","description_enable":true,"description":"","placeholder_enable":false,"placeholder":"","display":"select","restrictions_type":"any_text","adjust_price":false,"price":"","price_type":"flat_fee","restrictions":false,"min":"0","max":"0","options":[{"label":"Costilla","price":"9.00","price_type":"quantity_based","image":0,"visibility":true},{"label":"Soporte para Viol\u00edn","price":"5.00","price_type":"quantity_based","image":0,"visibility":true},{"label":"Atril","price":"5.00","price_type":"quantity_based","image":0,"visibility":true},{"label":"Atril de Calidad","price":"9.00","price_type":"quantity_based","image":0,"visibility":true},{"label":"Afinador","price":"5.00","price_type":"quantity_based","image":0,"visibility":true},{"label":"Sordina","price":"2.00","price_type":"quantity_based","image":0,"visibility":true}]}],"acf":{"set_to_be_sold":false,"sale_description":"","sale_price":""},"_links":{"self":[{"href":"https:\/\/shinemusicrental.com\/es\/wp-json\/wp\/v2\/product\/738","targetHints":{"allow":["GET"]}}],"collection":[{"href":"https:\/\/shinemusicrental.com\/es\/wp-json\/wp\/v2\/product"}],"about":[{"href":"https:\/\/shinemusicrental.com\/es\/wp-json\/wp\/v2\/types\/product"}],"replies":[{"embeddable":true,"href":"https:\/\/shinemusicrental.com\/es\/wp-json\/wp\/v2\/comments?post=738"}],"wp:featuredmedia":[{"embeddable":true,"href":"https:\/\/shinemusicrental.com\/es\/wp-json\/wp\/v2\/media\/728"}],"wp:attachment":[{"href":"https:\/\/shinemusicrental.com\/es\/wp-json\/wp\/v2\/media?parent=738"}],"wp:term":[{"taxonomy":"product_brand","embeddable":true,"href":"https:\/\/shinemusicrental.com\/es\/wp-json\/wp\/v2\/product_brand?post=738"},{"taxonomy":"product_cat","embeddable":true,"href":"https:\/\/shinemusicrental.com\/es\/wp-json\/wp\/v2\/product_cat?post=738"},{"taxonomy":"product_tag","embeddable":true,"href":"https:\/\/shinemusicrental.com\/es\/wp-json\/wp\/v2\/product_tag?post=738"}],"curies":[{"name":"wp","href":"https:\/\/api.w.org\/{rel}","templated":true}]}}