{"id":723,"date":"2022-10-18T16:55:10","date_gmt":"2022-10-18T14:55:10","guid":{"rendered":"http:\/\/www.shinemusicrental.com\/product\/contrabajo-thomann-111e-sn-3-4\/"},"modified":"2023-09-19T12:10:33","modified_gmt":"2023-09-19T10:10:33","slug":"contrabajo-thomann-111e-sn-3-4","status":"publish","type":"product","link":"https:\/\/shinemusicrental.com\/es\/product\/contrabajo-thomann-111e-sn-3-4\/","title":{"rendered":"Contrabajo Thomann 111E SN 3\/4"},"content":{"rendered":"<p>El contrabajo Thomann 111E SN 3\/4 es un contrabajo cl\u00e1sico de cuatro cuerdas con un sonido profundo y resonante que da vida a la experiencia de graves completa. F\u00e1cil de usar, este instrumento tiene un cuerpo robusto de madera contrachapada pulida que se ve elegante sin ser demasiado pesado, y un diapas\u00f3n de madera negra para ayudar realmente a que las cuerdas destaquen. Si usted es un experto o un principiante que necesita alquilar un contrabajo de calidad, esta es una excepcional opci\u00f3n de instrumento. Alquile este contrabajo o similar a nuestra tarifa muy competitiva.<\/p>\n<p>Instrument Rental Barcelona es parte de la red de escuelas de Shine School of Music. Ofrecemos una amplia gama de lecciones de m\u00fasica, lugares para la celebraci\u00f3n de eventos, espacios para practicar m\u00fasica y espacios adicionales de trabajo conjunto.<\/p>\n","protected":false},"excerpt":{"rendered":"<p><strong>Dep\u00f3sito: \u20ac260<\/strong><\/p>\n<p>El contrabajo Thomann 111E SN 3\/4 es un contrabajo cl\u00e1sico de cuatro cuerdas con un sonido profundo y resonante que da vida a la experiencia de graves completa.<\/p>\n","protected":false},"featured_media":715,"comment_status":"open","ping_status":"closed","template":"","meta":{"_acf_changed":false,"content-type":""},"product_brand":[],"product_cat":[321,323],"product_tag":[461,560,584,463,489,591,557,716,717,559,491,493,495,499,497,501],"class_list":{"0":"post-723","1":"product","2":"type-product","3":"status-publish","4":"has-post-thumbnail","6":"product_cat-instrumentos-de-cuerda","7":"product_cat-contrabajos-es","8":"product_tag-alquiler-de-instrumentos","9":"product_tag-alquiler-de-instrumentos-es","10":"product_tag-alquiler-de-instrumentos-es-2","11":"product_tag-alquiler-de-instrumentos-barcelona","12":"product_tag-alquiler-de-instrumentos-barcelona-es","13":"product_tag-alquiler-de-instrumentos-espana-es","14":"product_tag-alquiler-de-instrumentos-espana","15":"product_tag-contrabajo","16":"product_tag-contrabajo-de-alquiler","17":"product_tag-instrumentos-de-contratacion","18":"product_tag-instrumentos-de-cuerda","19":"product_tag-instrumentos-de-cuerda-es","20":"product_tag-instrumentos-de-cuerda-barcelona","21":"product_tag-instrumentos-de-cuerda-de-alquiler","22":"product_tag-instrumentos-de-cuerda-es-es","23":"product_tag-instrumentos-de-cuerda-espana","25":"first","26":"instock","27":"sold-individually","28":"shipping-taxable","29":"purchasable","30":"product-type-booking"},"booking_location":"","booking_location_type":"","booking_duration":1,"booking_duration_unit":"day","booking_buffer":0,"booking_cost":0,"booking_resources":[],"exclude_global_add_ons":false,"addons":[{"name":"Dep\u00f3sito","type":"checkbox","position":0,"required":false,"title_format":"hide","default":"","description_enable":false,"description":"","placeholder_enable":false,"placeholder":"","display":"select","restrictions_type":"any_text","adjust_price":false,"price":"","price_type":"flat_fee","restrictions":false,"min":"0","max":"0","options":[{"label":"Dep\u00f3sito","price":"260","price_type":"flat_fee","image":0,"visibility":true}]},{"name":"CONTRABAJO","type":"checkbox","position":0,"required":false,"title_format":"label","default":"","description_enable":false,"description":"","placeholder_enable":false,"placeholder":"","display":"select","restrictions_type":"any_text","adjust_price":false,"price":"","price_type":"flat_fee","restrictions":false,"min":"0","max":"0","options":[{"label":"Soporte de Contrabajo","price":"19.00","price_type":"quantity_based","image":0,"visibility":true},{"label":"Atrilil","price":"5.00","price_type":"quantity_based","image":0,"visibility":true},{"label":"Atril de Calidad","price":"9.00","price_type":"quantity_based","image":0,"visibility":true}]}],"acf":{"set_to_be_sold":false,"sale_description":"","sale_price":""},"_links":{"self":[{"href":"https:\/\/shinemusicrental.com\/es\/wp-json\/wp\/v2\/product\/723","targetHints":{"allow":["GET"]}}],"collection":[{"href":"https:\/\/shinemusicrental.com\/es\/wp-json\/wp\/v2\/product"}],"about":[{"href":"https:\/\/shinemusicrental.com\/es\/wp-json\/wp\/v2\/types\/product"}],"replies":[{"embeddable":true,"href":"https:\/\/shinemusicrental.com\/es\/wp-json\/wp\/v2\/comments?post=723"}],"wp:featuredmedia":[{"embeddable":true,"href":"https:\/\/shinemusicrental.com\/es\/wp-json\/wp\/v2\/media\/715"}],"wp:attachment":[{"href":"https:\/\/shinemusicrental.com\/es\/wp-json\/wp\/v2\/media?parent=723"}],"wp:term":[{"taxonomy":"product_brand","embeddable":true,"href":"https:\/\/shinemusicrental.com\/es\/wp-json\/wp\/v2\/product_brand?post=723"},{"taxonomy":"product_cat","embeddable":true,"href":"https:\/\/shinemusicrental.com\/es\/wp-json\/wp\/v2\/product_cat?post=723"},{"taxonomy":"product_tag","embeddable":true,"href":"https:\/\/shinemusicrental.com\/es\/wp-json\/wp\/v2\/product_tag?post=723"}],"curies":[{"name":"wp","href":"https:\/\/api.w.org\/{rel}","templated":true}]}}