{"id":698,"date":"2022-10-18T16:38:31","date_gmt":"2022-10-18T14:38:31","guid":{"rendered":"http:\/\/www.shinemusicrental.com\/product\/violonchelo-thomann-classic-set-3-4\/"},"modified":"2024-04-08T15:04:28","modified_gmt":"2024-04-08T13:04:28","slug":"violonchelo-thomann-classic-set-3-4","status":"publish","type":"product","link":"https:\/\/shinemusicrental.com\/es\/product\/violonchelo-thomann-classic-set-3-4\/","title":{"rendered":"Violonchelo Thomann Classic Set 3\/4"},"content":{"rendered":"<p>Si buscas un violonchelo rico en sonido pero barato para empezar, no busques m\u00e1s que alquilar el set Thomann Classic Cello 3\/4. Con un cuerpo de madera contrachapada y un m\u00e1stil de arce con un diapas\u00f3n de madera negra, este instrumento ofrece una experiencia al tocar robusta y hermosa para int\u00e9rpretes de violonchelo de todos los niveles. Alquile este violonchelo o similar a nuestra tarifa muy competitiva.<\/p>\n<p>Instrument Rental Barcelona es parte de la red de escuelas de Shine School of Music. Ofrecemos una amplia gama de lecciones de m\u00fasica, lugares para la celebraci\u00f3n de eventos, espacios para practicar m\u00fasica y espacios adicionales de trabajo conjunto.<\/p>\n<div id=\"gtx-trans\" style=\"position: absolute; left: 141px; top: 14.2222px;\">\n<div class=\"gtx-trans-icon\"><\/div>\n<\/div>\n<div id=\"gtx-trans\" style=\"position: absolute; left: 141px; top: 14.2222px;\">\n<div class=\"gtx-trans-icon\"><\/div>\n<\/div>\n","protected":false},"excerpt":{"rendered":"<p><strong>Dep\u00f3sito: \u20ac170<\/strong><\/p>\n<p>Si buscas un violonchelo rico en sonido pero barato para empezar, no busques m\u00e1s que alquilar el set Thomann Classic Cello 3\/4.<\/p>\n<div id=\"gtx-trans\" style=\"position: absolute; left: 65px; top: 38.1007px;\">\n<div class=\"gtx-trans-icon\"><\/div>\n<\/div>\n","protected":false},"featured_media":690,"comment_status":"open","ping_status":"closed","template":"","meta":{"_acf_changed":false,"content-type":""},"product_brand":[],"product_cat":[321,320],"product_tag":[461,560,584,463,489,591,557,712,559,491,493,495,499,497,501,710],"class_list":{"0":"post-698","1":"product","2":"type-product","3":"status-publish","4":"has-post-thumbnail","6":"product_cat-instrumentos-de-cuerda","7":"product_cat-violonchelos","8":"product_tag-alquiler-de-instrumentos","9":"product_tag-alquiler-de-instrumentos-es","10":"product_tag-alquiler-de-instrumentos-es-2","11":"product_tag-alquiler-de-instrumentos-barcelona","12":"product_tag-alquiler-de-instrumentos-barcelona-es","13":"product_tag-alquiler-de-instrumentos-espana-es","14":"product_tag-alquiler-de-instrumentos-espana","15":"product_tag-chelo-de-alquiler","16":"product_tag-instrumentos-de-contratacion","17":"product_tag-instrumentos-de-cuerda","18":"product_tag-instrumentos-de-cuerda-es","19":"product_tag-instrumentos-de-cuerda-barcelona","20":"product_tag-instrumentos-de-cuerda-de-alquiler","21":"product_tag-instrumentos-de-cuerda-es-es","22":"product_tag-instrumentos-de-cuerda-espana","23":"product_tag-violonchelo","25":"first","26":"instock","27":"sold-individually","28":"shipping-taxable","29":"purchasable","30":"product-type-booking"},"booking_location":"","booking_location_type":"","booking_duration":1,"booking_duration_unit":"day","booking_buffer":0,"booking_cost":0,"booking_resources":[],"exclude_global_add_ons":false,"addons":[{"name":"Dep\u00f3sito","type":"checkbox","position":0,"required":false,"title_format":"hide","default":"","description_enable":false,"description":"","placeholder_enable":false,"placeholder":"","display":"select","restrictions_type":"any_text","adjust_price":false,"price":"","price_type":"flat_fee","restrictions":false,"min":"0","max":"0","options":[{"label":"Dep\u00f3sito","price":"170","price_type":"flat_fee","image":0,"visibility":true}]},{"name":"CHELO","type":"checkbox","position":0,"required":false,"title_format":"label","default":"","description_enable":false,"description":"","placeholder_enable":false,"placeholder":"","display":"select","restrictions_type":"any_text","adjust_price":false,"price":"","price_type":"flat_fee","restrictions":false,"min":"0","max":"0","options":[{"label":"Correa Antideslizante","price":"5.00","price_type":"quantity_based","image":0,"visibility":true},{"label":"Atril","price":"5.00","price_type":"quantity_based","image":0,"visibility":true},{"label":"Atril de Calidad","price":"9.00","price_type":"quantity_based","image":0,"visibility":true},{"label":"Soporte de Chelo","price":"10.00","price_type":"quantity_based","image":0,"visibility":true}]}],"acf":{"set_to_be_sold":false,"sale_description":"","sale_price":""},"_links":{"self":[{"href":"https:\/\/shinemusicrental.com\/es\/wp-json\/wp\/v2\/product\/698","targetHints":{"allow":["GET"]}}],"collection":[{"href":"https:\/\/shinemusicrental.com\/es\/wp-json\/wp\/v2\/product"}],"about":[{"href":"https:\/\/shinemusicrental.com\/es\/wp-json\/wp\/v2\/types\/product"}],"replies":[{"embeddable":true,"href":"https:\/\/shinemusicrental.com\/es\/wp-json\/wp\/v2\/comments?post=698"}],"wp:featuredmedia":[{"embeddable":true,"href":"https:\/\/shinemusicrental.com\/es\/wp-json\/wp\/v2\/media\/690"}],"wp:attachment":[{"href":"https:\/\/shinemusicrental.com\/es\/wp-json\/wp\/v2\/media?parent=698"}],"wp:term":[{"taxonomy":"product_brand","embeddable":true,"href":"https:\/\/shinemusicrental.com\/es\/wp-json\/wp\/v2\/product_brand?post=698"},{"taxonomy":"product_cat","embeddable":true,"href":"https:\/\/shinemusicrental.com\/es\/wp-json\/wp\/v2\/product_cat?post=698"},{"taxonomy":"product_tag","embeddable":true,"href":"https:\/\/shinemusicrental.com\/es\/wp-json\/wp\/v2\/product_tag?post=698"}],"curies":[{"name":"wp","href":"https:\/\/api.w.org\/{rel}","templated":true}]}}