{"id":675,"date":"2022-10-18T16:21:55","date_gmt":"2022-10-18T14:21:55","guid":{"rendered":"http:\/\/www.shinemusicrental.com\/product\/guitalele-yamaha-gl1\/"},"modified":"2024-04-08T14:48:47","modified_gmt":"2024-04-08T12:48:47","slug":"guitalele-yamaha-gl1","status":"publish","type":"product","link":"https:\/\/shinemusicrental.com\/es\/product\/guitalele-yamaha-gl1\/","title":{"rendered":"Guitalele Yamaha GL1"},"content":{"rendered":"<p>Si alguna vez has querido tocar la guitarra pero te has sentido intimidado por el tama\u00f1o, considera alquilar el guitalele Yamaha GL1. El poder y el sonido de una guitarra de seis cuerdas en un instrumento del tama\u00f1o de un ukelele bar\u00edtono promedio, este guitalele debe ser visto para ser cre\u00eddo. Su cuerpo de meranti y tapa de p\u00edcea ofrecen una potencia sorprendente para su tama\u00f1o, creando una experiencia de alquiler de guitarra f\u00e1cil de usar (\u00a1y m\u00e1s f\u00e1cil de transportar!). Alquile esta guitalele o similar a nuestra tarifa muy competitiva.<\/p>\n<p>Instrument Rental Barcelona es parte de la red de escuelas de Shine School of Music. Ofrecemos una amplia gama de lecciones de m\u00fasica, lugares para la celebraci\u00f3n de eventos, espacios para practicar m\u00fasica y espacios adicionales de trabajo conjunto.<\/p>\n","protected":false},"excerpt":{"rendered":"<p><strong>Dep\u00f3sito: \u20ac30<\/strong><\/p>\n<p>Si alguna vez has querido tocar la guitarra pero te has sentido intimidado por el tama\u00f1o, considera alquilar el guitalele Yamaha GL1.<\/p>\n","protected":false},"featured_media":670,"comment_status":"open","ping_status":"closed","template":"","meta":{"_acf_changed":false,"content-type":""},"product_brand":[],"product_cat":[177,197],"product_tag":[560,461,584,463,489,591,557,701,703,559,688],"class_list":{"0":"post-675","1":"product","2":"type-product","3":"status-publish","4":"has-post-thumbnail","6":"product_cat-guitarras-y-bajos","7":"product_cat-guitalele-es","8":"product_tag-alquiler-de-instrumentos-es","9":"product_tag-alquiler-de-instrumentos","10":"product_tag-alquiler-de-instrumentos-es-2","11":"product_tag-alquiler-de-instrumentos-barcelona","12":"product_tag-alquiler-de-instrumentos-barcelona-es","13":"product_tag-alquiler-de-instrumentos-espana-es","14":"product_tag-alquiler-de-instrumentos-espana","15":"product_tag-guitalele-es","16":"product_tag-guitalele-de-alquiler","17":"product_tag-instrumentos-de-contratacion","18":"product_tag-kala-makala-es","20":"first","21":"instock","22":"sold-individually","23":"shipping-taxable","24":"purchasable","25":"product-type-booking"},"booking_location":"","booking_location_type":"","booking_duration":1,"booking_duration_unit":"day","booking_buffer":0,"booking_cost":0,"booking_resources":[],"exclude_global_add_ons":false,"addons":[{"name":"Dep\u00f3sito","type":"checkbox","position":0,"required":false,"title_format":"hide","default":"","description_enable":false,"description":"","placeholder_enable":false,"placeholder":"","display":"select","restrictions_type":"any_text","adjust_price":false,"price":"","price_type":"flat_fee","restrictions":false,"min":"0","max":"0","options":[{"label":"Dep\u00f3sito","price":"30","price_type":"flat_fee","image":0,"visibility":true}]}],"acf":{"set_to_be_sold":false,"sale_description":"","sale_price":""},"_links":{"self":[{"href":"https:\/\/shinemusicrental.com\/es\/wp-json\/wp\/v2\/product\/675","targetHints":{"allow":["GET"]}}],"collection":[{"href":"https:\/\/shinemusicrental.com\/es\/wp-json\/wp\/v2\/product"}],"about":[{"href":"https:\/\/shinemusicrental.com\/es\/wp-json\/wp\/v2\/types\/product"}],"replies":[{"embeddable":true,"href":"https:\/\/shinemusicrental.com\/es\/wp-json\/wp\/v2\/comments?post=675"}],"wp:featuredmedia":[{"embeddable":true,"href":"https:\/\/shinemusicrental.com\/es\/wp-json\/wp\/v2\/media\/670"}],"wp:attachment":[{"href":"https:\/\/shinemusicrental.com\/es\/wp-json\/wp\/v2\/media?parent=675"}],"wp:term":[{"taxonomy":"product_brand","embeddable":true,"href":"https:\/\/shinemusicrental.com\/es\/wp-json\/wp\/v2\/product_brand?post=675"},{"taxonomy":"product_cat","embeddable":true,"href":"https:\/\/shinemusicrental.com\/es\/wp-json\/wp\/v2\/product_cat?post=675"},{"taxonomy":"product_tag","embeddable":true,"href":"https:\/\/shinemusicrental.com\/es\/wp-json\/wp\/v2\/product_tag?post=675"}],"curies":[{"name":"wp","href":"https:\/\/api.w.org\/{rel}","templated":true}]}}