{"id":665,"date":"2022-10-18T16:15:20","date_gmt":"2022-10-18T14:15:20","guid":{"rendered":"http:\/\/www.shinemusicrental.com\/product\/ukelele-tenor-kala-mk-t\/"},"modified":"2024-04-08T14:47:03","modified_gmt":"2024-04-08T12:47:03","slug":"ukelele-tenor-kala-mk-t","status":"publish","type":"product","link":"https:\/\/shinemusicrental.com\/es\/product\/ukelele-tenor-kala-mk-t\/","title":{"rendered":"Ukelele Tenor Kala MK-T"},"content":{"rendered":"<p>Para disfrutar de una perfecta experiencia musical isle\u00f1a en un rico sabor de tenor, no busque m\u00e1s all\u00e1 de alquilar el Ukulele Tenor Kala MK-T. H\u00e1bilmente dise\u00f1ado en caoba con un diapas\u00f3n de nogal, este es un instrumento finamente construido a un precio asequible. Su acabado satinado y su afinaci\u00f3n de tenor le dan toda la apariencia hermosa y el sonido suave y fuerte que podr\u00eda desear en un ukelele. Perfecto para principiantes y expertos por igual. Alquile este ukelele o similar a nuestra tarifa muy competitiva.<\/p>\n<p>Instrument Rental Barcelona es parte de la red de escuelas de Shine School of Music. Ofrecemos una amplia gama de lecciones de m\u00fasica, lugares para la celebraci\u00f3n de eventos, espacios para practicar m\u00fasica y espacios adicionales de trabajo conjunto.<\/p>\n","protected":false},"excerpt":{"rendered":"<p><strong>Dep\u00f3sito: \u20ac30<\/strong><\/p>\n<p>Para disfrutar de una perfecta experiencia musical isle\u00f1a en un rico sabor de tenor, no busque m\u00e1s all\u00e1 de alquilar el Ukulele Tenor Kala MK-T.<\/p>\n","protected":false},"featured_media":658,"comment_status":"open","ping_status":"closed","template":"","meta":{"_acf_changed":false,"content-type":""},"product_brand":[],"product_cat":[177,209],"product_tag":[560,461,584,463,489,591,557,559,688,573,692,694],"class_list":{"0":"post-665","1":"product","2":"type-product","3":"status-publish","4":"has-post-thumbnail","6":"product_cat-guitarras-y-bajos","7":"product_cat-ukeleles-es","8":"product_tag-alquiler-de-instrumentos-es","9":"product_tag-alquiler-de-instrumentos","10":"product_tag-alquiler-de-instrumentos-es-2","11":"product_tag-alquiler-de-instrumentos-barcelona","12":"product_tag-alquiler-de-instrumentos-barcelona-es","13":"product_tag-alquiler-de-instrumentos-espana-es","14":"product_tag-alquiler-de-instrumentos-espana","15":"product_tag-instrumentos-de-contratacion","16":"product_tag-kala-makala-es","17":"product_tag-tenor-es","18":"product_tag-ukelele-es","19":"product_tag-ukelele-de-alquiler","21":"first","22":"instock","23":"sold-individually","24":"shipping-taxable","25":"purchasable","26":"product-type-booking"},"booking_location":"","booking_location_type":"","booking_duration":1,"booking_duration_unit":"day","booking_buffer":0,"booking_cost":0,"booking_resources":[],"exclude_global_add_ons":false,"addons":[{"name":"Dep\u00f3sito","type":"checkbox","position":0,"required":false,"title_format":"hide","default":"","description_enable":false,"description":"","placeholder_enable":false,"placeholder":"","display":"select","restrictions_type":"any_text","adjust_price":false,"price":"","price_type":"flat_fee","restrictions":false,"min":"0","max":"0","options":[{"label":"Dep\u00f3sito","price":"30","price_type":"flat_fee","image":0,"visibility":true}]}],"acf":{"set_to_be_sold":false,"sale_description":"","sale_price":""},"_links":{"self":[{"href":"https:\/\/shinemusicrental.com\/es\/wp-json\/wp\/v2\/product\/665","targetHints":{"allow":["GET"]}}],"collection":[{"href":"https:\/\/shinemusicrental.com\/es\/wp-json\/wp\/v2\/product"}],"about":[{"href":"https:\/\/shinemusicrental.com\/es\/wp-json\/wp\/v2\/types\/product"}],"replies":[{"embeddable":true,"href":"https:\/\/shinemusicrental.com\/es\/wp-json\/wp\/v2\/comments?post=665"}],"wp:featuredmedia":[{"embeddable":true,"href":"https:\/\/shinemusicrental.com\/es\/wp-json\/wp\/v2\/media\/658"}],"wp:attachment":[{"href":"https:\/\/shinemusicrental.com\/es\/wp-json\/wp\/v2\/media?parent=665"}],"wp:term":[{"taxonomy":"product_brand","embeddable":true,"href":"https:\/\/shinemusicrental.com\/es\/wp-json\/wp\/v2\/product_brand?post=665"},{"taxonomy":"product_cat","embeddable":true,"href":"https:\/\/shinemusicrental.com\/es\/wp-json\/wp\/v2\/product_cat?post=665"},{"taxonomy":"product_tag","embeddable":true,"href":"https:\/\/shinemusicrental.com\/es\/wp-json\/wp\/v2\/product_tag?post=665"}],"curies":[{"name":"wp","href":"https:\/\/api.w.org\/{rel}","templated":true}]}}