{"id":653,"date":"2022-10-18T16:01:52","date_gmt":"2022-10-18T14:01:52","guid":{"rendered":"http:\/\/www.shinemusicrental.com\/product\/kala-makala-mk-c-concert-ukulele\/"},"modified":"2024-10-27T11:42:05","modified_gmt":"2024-10-27T10:42:05","slug":"kala-makala-mk-c-concert-ukulele","status":"publish","type":"product","link":"https:\/\/shinemusicrental.com\/es\/product\/kala-makala-mk-c-concert-ukulele\/","title":{"rendered":"Kala Makala MK-C Concert Ukulele"},"content":{"rendered":"<p>El Kala Makala MK-C Concert Ukelele ofrece lo mejor de ambos mundos para el alquiler de ukelele, ya que tiene la potencia y la durabilidad de un instrumento de concierto sin sacrificar los bellos sonidos y el estilo cl\u00e1sico y casual buscado en un ukelele. Con un cuello y cuerpo de caoba, diapas\u00f3n de nogal y acabado satinado, este ukelele es hermoso y asequible, por lo que es perfecto para cualquiera que quiera saltar a un mundo de sonidos frescos de una isla. Alquile este ukelele o similar a nuestra tarifa muy competitiva.<\/p>\n<p>Instrument Rental Barcelona es parte de la red de escuelas de Shine School of Music. Ofrecemos una amplia gama de lecciones de m\u00fasica, lugares para la celebraci\u00f3n de eventos, espacios para practicar m\u00fasica y espacios adicionales de trabajo conjunto.<\/p>\n","protected":false},"excerpt":{"rendered":"<p><strong>Dep\u00f3sito: \u20ac30<\/strong><\/p>\n<p>El Kala Makala MK-C Concert Ukelele ofrece lo mejor de ambos mundos para el alquiler de ukelele, ya que tiene la potencia y la durabilidad de un instrumento de concierto sin sacrificar los bellos sonidos y el estilo cl\u00e1sico y casual buscado en un ukelele.<\/p>\n","protected":false},"featured_media":649,"comment_status":"open","ping_status":"closed","template":"","meta":{"_acf_changed":false,"content-type":""},"product_brand":[],"product_cat":[177,209],"product_tag":[560,461,584,463,489,591,557,697,559,688,692,694],"class_list":{"0":"post-653","1":"product","2":"type-product","3":"status-publish","4":"has-post-thumbnail","6":"product_cat-guitarras-y-bajos","7":"product_cat-ukeleles-es","8":"product_tag-alquiler-de-instrumentos-es","9":"product_tag-alquiler-de-instrumentos","10":"product_tag-alquiler-de-instrumentos-es-2","11":"product_tag-alquiler-de-instrumentos-barcelona","12":"product_tag-alquiler-de-instrumentos-barcelona-es","13":"product_tag-alquiler-de-instrumentos-espana-es","14":"product_tag-alquiler-de-instrumentos-espana","15":"product_tag-concerto","16":"product_tag-instrumentos-de-contratacion","17":"product_tag-kala-makala-es","18":"product_tag-ukelele-es","19":"product_tag-ukelele-de-alquiler","21":"first","22":"instock","23":"sold-individually","24":"shipping-taxable","25":"purchasable","26":"product-type-booking"},"booking_location":"","booking_location_type":"","booking_duration":1,"booking_duration_unit":"day","booking_buffer":0,"booking_cost":0,"booking_resources":[],"exclude_global_add_ons":false,"addons":[{"name":"Dep\u00f3sito","type":"checkbox","position":0,"required":false,"title_format":"hide","default":"","description_enable":false,"description":"","placeholder_enable":false,"placeholder":"","display":"select","restrictions_type":"any_text","adjust_price":false,"price":"","price_type":"flat_fee","restrictions":false,"min":"0","max":"0","options":[{"label":"Dep\u00f3sito","price":"30","price_type":"flat_fee","image":0,"visibility":true}]}],"acf":{"set_to_be_sold":false,"sale_description":"","sale_price":""},"_links":{"self":[{"href":"https:\/\/shinemusicrental.com\/es\/wp-json\/wp\/v2\/product\/653","targetHints":{"allow":["GET"]}}],"collection":[{"href":"https:\/\/shinemusicrental.com\/es\/wp-json\/wp\/v2\/product"}],"about":[{"href":"https:\/\/shinemusicrental.com\/es\/wp-json\/wp\/v2\/types\/product"}],"replies":[{"embeddable":true,"href":"https:\/\/shinemusicrental.com\/es\/wp-json\/wp\/v2\/comments?post=653"}],"wp:featuredmedia":[{"embeddable":true,"href":"https:\/\/shinemusicrental.com\/es\/wp-json\/wp\/v2\/media\/649"}],"wp:attachment":[{"href":"https:\/\/shinemusicrental.com\/es\/wp-json\/wp\/v2\/media?parent=653"}],"wp:term":[{"taxonomy":"product_brand","embeddable":true,"href":"https:\/\/shinemusicrental.com\/es\/wp-json\/wp\/v2\/product_brand?post=653"},{"taxonomy":"product_cat","embeddable":true,"href":"https:\/\/shinemusicrental.com\/es\/wp-json\/wp\/v2\/product_cat?post=653"},{"taxonomy":"product_tag","embeddable":true,"href":"https:\/\/shinemusicrental.com\/es\/wp-json\/wp\/v2\/product_tag?post=653"}],"curies":[{"name":"wp","href":"https:\/\/api.w.org\/{rel}","templated":true}]}}