{"id":643,"date":"2022-10-18T15:48:40","date_gmt":"2022-10-18T13:48:40","guid":{"rendered":"http:\/\/www.shinemusicrental.com\/product\/ukelele-soprano-kala-makala-mk-s\/"},"modified":"2024-04-08T14:45:05","modified_gmt":"2024-04-08T12:45:05","slug":"ukelele-soprano-kala-makala-mk-s","status":"publish","type":"product","link":"https:\/\/shinemusicrental.com\/es\/product\/ukelele-soprano-kala-makala-mk-s\/","title":{"rendered":"Ukelele Soprano Kala Makala MK-S"},"content":{"rendered":"<p>El Kala Makala MK-S es el alquiler de ukelele soprano ideal para principiantes. Tiene el aspecto cl\u00e1sico y el sonido ligero y amigable que querr\u00edas de un ukelele. Con cuerpo y m\u00e1stil de caoba, diapas\u00f3n de palisandro o nogal, 12 trastes de lat\u00f3n y acabado satinado, este instrumento es a la vez f\u00e1cil de usar y completamente elegante, por lo que es una introducci\u00f3n perfecta a un sonido isle\u00f1o cl\u00e1sico. Si est\u00e1 buscando un ukelele soprano asequible pero de calidad para alquilar en Barcelona, aseg\u00farese de que sea el Kala Makala MK-S. Alquile este ukelele o similar a nuestra tarifa muy competitiva.<\/p>\n<p>Instrument Rental Barcelona es parte de la red de escuelas de Shine School of Music. Ofrecemos una amplia gama de lecciones de m\u00fasica, lugares para la celebraci\u00f3n de eventos, espacios para practicar m\u00fasica y espacios adicionales de trabajo conjunto.<\/p>\n","protected":false},"excerpt":{"rendered":"<p><strong>Dep\u00f3sito: \u20ac30<\/strong><\/p>\n<p>El Kala Makala MK-S es el alquiler de ukelele soprano ideal para principiantes. Tiene el aspecto cl\u00e1sico y el sonido ligero y amigable que querr\u00edas de un ukelele.<\/p>\n","protected":false},"featured_media":639,"comment_status":"open","ping_status":"closed","template":"","meta":{"_acf_changed":false,"content-type":""},"product_brand":[],"product_cat":[177,209],"product_tag":[560,461,584,463,489,591,557,559,688,690,692,694],"class_list":{"0":"post-643","1":"product","2":"type-product","3":"status-publish","4":"has-post-thumbnail","6":"product_cat-guitarras-y-bajos","7":"product_cat-ukeleles-es","8":"product_tag-alquiler-de-instrumentos-es","9":"product_tag-alquiler-de-instrumentos","10":"product_tag-alquiler-de-instrumentos-es-2","11":"product_tag-alquiler-de-instrumentos-barcelona","12":"product_tag-alquiler-de-instrumentos-barcelona-es","13":"product_tag-alquiler-de-instrumentos-espana-es","14":"product_tag-alquiler-de-instrumentos-espana","15":"product_tag-instrumentos-de-contratacion","16":"product_tag-kala-makala-es","17":"product_tag-soprano-es","18":"product_tag-ukelele-es","19":"product_tag-ukelele-de-alquiler","21":"first","22":"instock","23":"sold-individually","24":"shipping-taxable","25":"purchasable","26":"product-type-booking"},"booking_location":"","booking_location_type":"","booking_duration":1,"booking_duration_unit":"day","booking_buffer":0,"booking_cost":0,"booking_resources":[],"exclude_global_add_ons":false,"addons":[{"name":"Dep\u00f3sito","type":"checkbox","position":0,"required":false,"title_format":"hide","default":"","description_enable":false,"description":"","placeholder_enable":false,"placeholder":"","display":"select","restrictions_type":"any_text","adjust_price":false,"price":"","price_type":"flat_fee","restrictions":false,"min":"0","max":"0","options":[{"label":"Dep\u00f3sito","price":"30","price_type":"flat_fee","image":0,"visibility":true}]}],"acf":{"set_to_be_sold":false,"sale_description":"","sale_price":""},"_links":{"self":[{"href":"https:\/\/shinemusicrental.com\/es\/wp-json\/wp\/v2\/product\/643","targetHints":{"allow":["GET"]}}],"collection":[{"href":"https:\/\/shinemusicrental.com\/es\/wp-json\/wp\/v2\/product"}],"about":[{"href":"https:\/\/shinemusicrental.com\/es\/wp-json\/wp\/v2\/types\/product"}],"replies":[{"embeddable":true,"href":"https:\/\/shinemusicrental.com\/es\/wp-json\/wp\/v2\/comments?post=643"}],"wp:featuredmedia":[{"embeddable":true,"href":"https:\/\/shinemusicrental.com\/es\/wp-json\/wp\/v2\/media\/639"}],"wp:attachment":[{"href":"https:\/\/shinemusicrental.com\/es\/wp-json\/wp\/v2\/media?parent=643"}],"wp:term":[{"taxonomy":"product_brand","embeddable":true,"href":"https:\/\/shinemusicrental.com\/es\/wp-json\/wp\/v2\/product_brand?post=643"},{"taxonomy":"product_cat","embeddable":true,"href":"https:\/\/shinemusicrental.com\/es\/wp-json\/wp\/v2\/product_cat?post=643"},{"taxonomy":"product_tag","embeddable":true,"href":"https:\/\/shinemusicrental.com\/es\/wp-json\/wp\/v2\/product_tag?post=643"}],"curies":[{"name":"wp","href":"https:\/\/api.w.org\/{rel}","templated":true}]}}