{"id":634,"date":"2022-10-18T14:55:33","date_gmt":"2022-10-18T12:55:33","guid":{"rendered":"http:\/\/www.shinemusicrental.com\/product\/amplificador-peavey-bass-20w\/"},"modified":"2024-04-08T14:58:15","modified_gmt":"2024-04-08T12:58:15","slug":"amplificador-de-bajo-peavey-20w","status":"publish","type":"product","link":"https:\/\/shinemusicrental.com\/es\/product\/amplificador-de-bajo-peavey-20w\/","title":{"rendered":"Ampificador de Bajo Peavey 20W"},"content":{"rendered":"<p>Con solo 9.5 Kg, con capacidad para auriculares y altavoces de 10\u2033, este amplificador es perfecto para peque\u00f1os conciertos, \u201cjam sessions\u201d y ensayos. Los moderados 20 vatios de potencia no da\u00f1ar\u00e1n el altavoz a altos vol\u00famenes, y a\u00fan as\u00ed ofrecen un golpe significativo, especialmente a trav\u00e9s del rango del altavoz de graves a medio. Este amplificador de bajo Peavey tambi\u00e9n ofrece dos opciones de voz distintas, modernas y \u201cvintage\u201d, para apoyar la tocabilidad en una amplia gama de estilos musicales.\u00a0Alquile este amplificador de bajo o similar a nuestra muy competitiva tarifa.<\/p>\n<p>Instrument Rental Barcelona es parte de la red de escuelas de Shine School of Music. Ofrecemos una amplia gama de lecciones de m\u00fasica, lugares para la celebraci\u00f3n de eventos, espacios para practicar m\u00fasica y espacios adicionales de trabajo conjunto.<\/p>\n","protected":false},"excerpt":{"rendered":"<p><strong>Dep\u00f3sito: \u20ac40<\/strong><\/p>\n<p>Con solo 9.5 Kg, con capacidad para auriculares y altavoces de 10\u2033, este amplificador es perfecto para peque\u00f1os conciertos, \u201cjam sessions\u201d y ensayos.<\/p>\n","protected":false},"featured_media":630,"comment_status":"open","ping_status":"closed","template":"","meta":{"_acf_changed":false,"content-type":""},"product_brand":[],"product_cat":[177,185],"product_tag":[461,560,584,463,591,557,674,675,527,531,453,455,529,559,632],"class_list":{"0":"post-634","1":"product","2":"type-product","3":"status-publish","4":"has-post-thumbnail","6":"product_cat-guitarras-y-bajos","7":"product_cat-amplificadores-de-bajo","8":"product_tag-alquiler-de-instrumentos","9":"product_tag-alquiler-de-instrumentos-es","10":"product_tag-alquiler-de-instrumentos-es-2","11":"product_tag-alquiler-de-instrumentos-barcelona","12":"product_tag-alquiler-de-instrumentos-espana-es","13":"product_tag-alquiler-de-instrumentos-espana","14":"product_tag-amplificador-de-bajo","15":"product_tag-amplificador-de-bajo-es","16":"product_tag-bajos-barcelona","17":"product_tag-bajos-de-alquiler","18":"product_tag-bajos-electricos","19":"product_tag-bajos-electricos-es","20":"product_tag-bajos-espana","21":"product_tag-instrumentos-de-contratacion","22":"product_tag-renting-instruments-barcelona-share-es","24":"first","25":"instock","26":"sold-individually","27":"shipping-taxable","28":"purchasable","29":"product-type-booking"},"booking_location":"","booking_location_type":"","booking_duration":1,"booking_duration_unit":"day","booking_buffer":0,"booking_cost":0,"booking_resources":[],"exclude_global_add_ons":false,"addons":[{"name":"Dep\u00f3sito","type":"checkbox","position":0,"required":false,"title_format":"hide","default":"","description_enable":false,"description":"","placeholder_enable":false,"placeholder":"","display":"select","restrictions_type":"any_text","adjust_price":false,"price":"","price_type":"flat_fee","restrictions":false,"min":"0","max":"0","options":[{"label":"Dep\u00f3sito","price":"40","price_type":"flat_fee","image":0,"visibility":true}]},{"name":"AMPLIFICADORES (todos)","type":"checkbox","position":0,"required":false,"title_format":"label","default":"","description_enable":false,"description":"","placeholder_enable":false,"placeholder":"","display":"select","restrictions_type":"any_text","adjust_price":false,"price":"","price_type":"flat_fee","restrictions":false,"min":"0","max":"0","options":[{"label":"Cable de Instrumento Jack 1\/4","price":"5.00","price_type":"quantity_based","image":0,"visibility":true},{"label":"DI Box","price":"5.00","price_type":"quantity_based","image":0,"visibility":true}]}],"acf":{"set_to_be_sold":false,"sale_description":"","sale_price":""},"_links":{"self":[{"href":"https:\/\/shinemusicrental.com\/es\/wp-json\/wp\/v2\/product\/634","targetHints":{"allow":["GET"]}}],"collection":[{"href":"https:\/\/shinemusicrental.com\/es\/wp-json\/wp\/v2\/product"}],"about":[{"href":"https:\/\/shinemusicrental.com\/es\/wp-json\/wp\/v2\/types\/product"}],"replies":[{"embeddable":true,"href":"https:\/\/shinemusicrental.com\/es\/wp-json\/wp\/v2\/comments?post=634"}],"wp:featuredmedia":[{"embeddable":true,"href":"https:\/\/shinemusicrental.com\/es\/wp-json\/wp\/v2\/media\/630"}],"wp:attachment":[{"href":"https:\/\/shinemusicrental.com\/es\/wp-json\/wp\/v2\/media?parent=634"}],"wp:term":[{"taxonomy":"product_brand","embeddable":true,"href":"https:\/\/shinemusicrental.com\/es\/wp-json\/wp\/v2\/product_brand?post=634"},{"taxonomy":"product_cat","embeddable":true,"href":"https:\/\/shinemusicrental.com\/es\/wp-json\/wp\/v2\/product_cat?post=634"},{"taxonomy":"product_tag","embeddable":true,"href":"https:\/\/shinemusicrental.com\/es\/wp-json\/wp\/v2\/product_tag?post=634"}],"curies":[{"name":"wp","href":"https:\/\/api.w.org\/{rel}","templated":true}]}}