{"id":607,"date":"2022-10-18T14:14:25","date_gmt":"2022-10-18T12:14:25","guid":{"rendered":"http:\/\/www.shinemusicrental.com\/product\/amplificador-roland-cube-15w\/"},"modified":"2024-04-08T14:41:45","modified_gmt":"2024-04-08T12:41:45","slug":"amplificador-roland-cube-15w","status":"publish","type":"product","link":"https:\/\/shinemusicrental.com\/es\/product\/amplificador-roland-cube-15w\/","title":{"rendered":"Amplificador Roland Cube 15W"},"content":{"rendered":"<p>Para funciones m\u00e1ximas con un costo y volumen m\u00ednimos, no busque m\u00e1s que el Roland Cube 15W. Este amplificador pesa poco m\u00e1s de 6 kg, pero proporciona 15 vatios de potencia y el equivalente funcional de cuatro pedales de distorsi\u00f3n diferentes: DS1, SD1, MT2 y MD2. Afina tu tono con EQ a 3 bandas e incorpora tus sonidos pregrabado con la toma de entrada auxiliar y la operaci\u00f3n de 2 canales. Esta peque\u00f1a maravilla compacta es perfecta para tus actuacions de metal \u00edntimas, o para tu ensayo privado y grabaci\u00f3n directa, gracias a su salida de auriculares. Empiece a rockear con este peque\u00f1o amplificador que cabe perfectamente en tu armario. Alquile este amplificador o similar a nuestra muy competitiva tarifa.<\/p>\n<p>Instrument Rental Barcelona es parte de la red de escuelas de Shine School of Music. Ofrecemos una amplia gama de lecciones de m\u00fasica, lugares para la celebraci\u00f3n de eventos, espacios para practicar m\u00fasica y espacios adicionales de trabajo conjunto.<\/p>\n","protected":false},"excerpt":{"rendered":"<p><strong>Dep\u00f3sito: \u20ac50<\/strong><\/p>\n<p>Para funciones m\u00e1ximas con un costo y volumen m\u00ednimos, no busque m\u00e1s que el Roland Cube 15W.<\/p>\n","protected":false},"featured_media":603,"comment_status":"open","ping_status":"closed","template":"","meta":{"_acf_changed":false,"content-type":""},"product_brand":[],"product_cat":[177,201],"product_tag":[560,461,584,463,489,591,557,680,682,567,569,571,563,459,565,559],"class_list":{"0":"post-607","1":"product","2":"type-product","3":"status-publish","4":"has-post-thumbnail","6":"product_cat-guitarras-y-bajos","7":"product_cat-amplificadores-de-guitarra-electrica","8":"product_tag-alquiler-de-instrumentos-es","9":"product_tag-alquiler-de-instrumentos","10":"product_tag-alquiler-de-instrumentos-es-2","11":"product_tag-alquiler-de-instrumentos-barcelona","12":"product_tag-alquiler-de-instrumentos-barcelona-es","13":"product_tag-alquiler-de-instrumentos-espana-es","14":"product_tag-alquiler-de-instrumentos-espana","15":"product_tag-amplificador","16":"product_tag-amplificador-de-guitarra","17":"product_tag-guitarra","18":"product_tag-guitarra-barcelona","19":"product_tag-guitarra-de-alquiler","20":"product_tag-guitarra-espana","21":"product_tag-guitarras","22":"product_tag-guitarras-es","23":"product_tag-instrumentos-de-contratacion","25":"first","26":"instock","27":"sold-individually","28":"shipping-taxable","29":"purchasable","30":"product-type-booking"},"booking_location":"","booking_location_type":"","booking_duration":1,"booking_duration_unit":"day","booking_buffer":0,"booking_cost":0,"booking_resources":[],"exclude_global_add_ons":false,"addons":[{"name":"Dep\u00f3sito","type":"checkbox","position":0,"required":false,"title_format":"hide","default":"","description_enable":false,"description":"","placeholder_enable":false,"placeholder":"","display":"select","restrictions_type":"any_text","adjust_price":false,"price":"","price_type":"flat_fee","restrictions":false,"min":"0","max":"0","options":[{"label":"Dep\u00f3sito","price":"50","price_type":"flat_fee","image":0,"visibility":true}]},{"name":"AMPLIFICADORES (todos)","type":"checkbox","position":0,"required":false,"title_format":"label","default":"","description_enable":false,"description":"","placeholder_enable":false,"placeholder":"","display":"select","restrictions_type":"any_text","adjust_price":false,"price":"","price_type":"flat_fee","restrictions":false,"min":"0","max":"0","options":[{"label":"Cable de Instrumento Jack 1\/4","price":"5.00","price_type":"quantity_based","image":0,"visibility":true},{"label":"DI Box","price":"5.00","price_type":"quantity_based","image":0,"visibility":true}]}],"acf":{"set_to_be_sold":false,"sale_description":"","sale_price":""},"_links":{"self":[{"href":"https:\/\/shinemusicrental.com\/es\/wp-json\/wp\/v2\/product\/607","targetHints":{"allow":["GET"]}}],"collection":[{"href":"https:\/\/shinemusicrental.com\/es\/wp-json\/wp\/v2\/product"}],"about":[{"href":"https:\/\/shinemusicrental.com\/es\/wp-json\/wp\/v2\/types\/product"}],"replies":[{"embeddable":true,"href":"https:\/\/shinemusicrental.com\/es\/wp-json\/wp\/v2\/comments?post=607"}],"wp:featuredmedia":[{"embeddable":true,"href":"https:\/\/shinemusicrental.com\/es\/wp-json\/wp\/v2\/media\/603"}],"wp:attachment":[{"href":"https:\/\/shinemusicrental.com\/es\/wp-json\/wp\/v2\/media?parent=607"}],"wp:term":[{"taxonomy":"product_brand","embeddable":true,"href":"https:\/\/shinemusicrental.com\/es\/wp-json\/wp\/v2\/product_brand?post=607"},{"taxonomy":"product_cat","embeddable":true,"href":"https:\/\/shinemusicrental.com\/es\/wp-json\/wp\/v2\/product_cat?post=607"},{"taxonomy":"product_tag","embeddable":true,"href":"https:\/\/shinemusicrental.com\/es\/wp-json\/wp\/v2\/product_tag?post=607"}],"curies":[{"name":"wp","href":"https:\/\/api.w.org\/{rel}","templated":true}]}}