{"id":528,"date":"2022-10-17T14:27:28","date_gmt":"2022-10-17T12:27:28","guid":{"rendered":"http:\/\/www.shinemusicrental.com\/product\/guitarra-electroacustica-para-zurdos-ibanez-pf15lece-nt-natural\/"},"modified":"2024-04-08T14:35:13","modified_gmt":"2024-04-08T12:35:13","slug":"guitarra-electroacustica-para-zurdos-ibanez-pf15lece-nt-natural","status":"publish","type":"product","link":"https:\/\/shinemusicrental.com\/es\/product\/guitarra-electroacustica-para-zurdos-ibanez-pf15lece-nt-natural\/","title":{"rendered":"Guitarra Electroac\u00fastica para Zurdos Ibanez PF15LECE-NT"},"content":{"rendered":"<p>La guitarra electroac\u00fastica para zurdos Ibanez PF15LECE-NT es una guitarra perfecta para considerar al alquilar si buscas una experiencia de una guitarra asequible para zurdos. Un instrumento c\u00f3modo y f\u00e1cil de usar, su cuerpo de caoba ofrece un sonido profundo y rico, mientras que su tapa de abeto ofrece un rango medio bien definido y su diapas\u00f3n de palisandro ofrece una gran comodidad y atractivo est\u00e9tico. Con un acabado brillante de aspecto natural, esta guitarra tiene una exquisita presencia en el escenario que acentuar\u00e1 cualquier pr\u00e1ctica o interpretaci\u00f3n. Alquile esta guitarra o similar a nuestra tarifa muy competitiva.<\/p>\n<p>Instrument Rental Barcelona es parte de la red de escuelas de Shine School of Music. Ofrecemos una amplia gama de lecciones de m\u00fasica, lugares para la celebraci\u00f3n de eventos, espacios para practicar m\u00fasica y espacios adicionales de trabajo conjunto.<\/p>\n","protected":false},"excerpt":{"rendered":"<p><strong>Dep\u00f3sito: \u20ac100<\/strong><\/p>\n<p>La guitarra electroac\u00fastica para zurdos Ibanez PF15LECE-NT es una guitarra perfecta para considerar al alquilar si buscas una experiencia de una guitarra asequible para zurdos.<\/p>\n","protected":false},"featured_media":527,"comment_status":"open","ping_status":"closed","template":"","meta":{"_acf_changed":false,"content-type":""},"product_brand":[],"product_cat":[177,181],"product_tag":[560,461,584,463,489,591,557,606,567,569,571,563,459,565,559,604],"class_list":{"0":"post-528","1":"product","2":"type-product","3":"status-publish","4":"has-post-thumbnail","6":"product_cat-guitarras-y-bajos","7":"product_cat-guitarras-acusticas","8":"product_tag-alquiler-de-instrumentos-es","9":"product_tag-alquiler-de-instrumentos","10":"product_tag-alquiler-de-instrumentos-es-2","11":"product_tag-alquiler-de-instrumentos-barcelona","12":"product_tag-alquiler-de-instrumentos-barcelona-es","13":"product_tag-alquiler-de-instrumentos-espana-es","14":"product_tag-alquiler-de-instrumentos-espana","15":"product_tag-electroacustica-es","16":"product_tag-guitarra","17":"product_tag-guitarra-barcelona","18":"product_tag-guitarra-de-alquiler","19":"product_tag-guitarra-espana","20":"product_tag-guitarras","21":"product_tag-guitarras-es","22":"product_tag-instrumentos-de-contratacion","23":"product_tag-zurdos","25":"first","26":"instock","27":"sold-individually","28":"shipping-taxable","29":"purchasable","30":"product-type-booking"},"booking_location":"","booking_location_type":"","booking_duration":1,"booking_duration_unit":"day","booking_buffer":0,"booking_cost":0,"booking_resources":[],"exclude_global_add_ons":false,"addons":[{"name":"Dep\u00f3sito","type":"checkbox","position":0,"required":false,"title_format":"hide","default":"","description_enable":false,"description":"","placeholder_enable":false,"placeholder":"","display":"select","restrictions_type":"any_text","adjust_price":false,"price":"","price_type":"flat_fee","restrictions":false,"min":"0","max":"0","options":[{"label":"Dep\u00f3sito","price":"100","price_type":"flat_fee","image":0,"visibility":true}]},{"name":"Guitarras Ac\u00fasticas","type":"checkbox","position":0,"required":false,"title_format":"label","default":"","description_enable":false,"description":"","placeholder_enable":false,"placeholder":"","display":"select","restrictions_type":"any_text","adjust_price":false,"price":"","price_type":"flat_fee","restrictions":false,"min":"0","max":"0","options":[{"label":"Cable de Instrumento Jack 1\/4","price":"5.00","price_type":"quantity_based","image":0,"visibility":true},{"label":"P\u00faa de Calidad","price":"2.00","price_type":"quantity_based","image":0,"visibility":true},{"label":"P\u00faa Est\u00e1ndar","price":"1.00","price_type":"quantity_based","image":0,"visibility":true},{"label":"Correa","price":"5.00","price_type":"quantity_based","image":0,"visibility":true},{"label":"Capo","price":"5.00","price_type":"quantity_based","image":0,"visibility":true},{"label":"Afinador","price":"5.00","price_type":"quantity_based","image":0,"visibility":true},{"label":"Atril de Calidad","price":"9.00","price_type":"quantity_based","image":0,"visibility":true},{"label":"Atril","price":"5.00","price_type":"quantity_based","image":0,"visibility":true}]}],"acf":{"set_to_be_sold":false,"sale_description":"","sale_price":""},"_links":{"self":[{"href":"https:\/\/shinemusicrental.com\/es\/wp-json\/wp\/v2\/product\/528","targetHints":{"allow":["GET"]}}],"collection":[{"href":"https:\/\/shinemusicrental.com\/es\/wp-json\/wp\/v2\/product"}],"about":[{"href":"https:\/\/shinemusicrental.com\/es\/wp-json\/wp\/v2\/types\/product"}],"replies":[{"embeddable":true,"href":"https:\/\/shinemusicrental.com\/es\/wp-json\/wp\/v2\/comments?post=528"}],"wp:featuredmedia":[{"embeddable":true,"href":"https:\/\/shinemusicrental.com\/es\/wp-json\/wp\/v2\/media\/527"}],"wp:attachment":[{"href":"https:\/\/shinemusicrental.com\/es\/wp-json\/wp\/v2\/media?parent=528"}],"wp:term":[{"taxonomy":"product_brand","embeddable":true,"href":"https:\/\/shinemusicrental.com\/es\/wp-json\/wp\/v2\/product_brand?post=528"},{"taxonomy":"product_cat","embeddable":true,"href":"https:\/\/shinemusicrental.com\/es\/wp-json\/wp\/v2\/product_cat?post=528"},{"taxonomy":"product_tag","embeddable":true,"href":"https:\/\/shinemusicrental.com\/es\/wp-json\/wp\/v2\/product_tag?post=528"}],"curies":[{"name":"wp","href":"https:\/\/api.w.org\/{rel}","templated":true}]}}