{"id":492,"date":"2022-10-17T13:48:32","date_gmt":"2022-10-17T11:48:32","guid":{"rendered":"http:\/\/www.shinemusicrental.com\/product\/guitarra-acustica-sherwood\/"},"modified":"2024-04-08T14:02:07","modified_gmt":"2024-04-08T12:02:07","slug":"guitarra-acustica-sherwood","status":"publish","type":"product","link":"https:\/\/shinemusicrental.com\/es\/product\/guitarra-acustica-sherwood\/","title":{"rendered":"Guitarra Ac\u00fastica Sherwood"},"content":{"rendered":"<div class=\"woocommerce-tabs wc-tabs-wrapper tabs-layout-tabs\">\n<div class=\"wd-tab-wrapper woodmart-tab-wrapper\">\n<div id=\"tab-description\" class=\"woocommerce-Tabs-panel woocommerce-Tabs-panel--description panel entry-content wc-tab\">\n<div class=\"wc-tab-inner \">\n<div class=\"\">\n<p>Las guitarras ac\u00fasticas de Sherwood tienen una historia de excelencia por una raz\u00f3n, ya que combinan el estilo de la guitarra cl\u00e1sica con una calidad de sonido intemporal. Hecha de maderas robustas y de alta calidad, esta guitarra ofrece una excelente experiencia de alquiler de instrumentos tanto para principiantes como para expertos. Alquile esta guitarra o similar a nuestra tarifa muy competitiva.<\/p>\n<p>Instrument Rental Barcelona es parte de la red de escuelas de Shine School of Music. Ofrecemos una amplia gama de lecciones de m\u00fasica, lugares para la celebraci\u00f3n de eventos, espacios para practicar m\u00fasica y espacios adicionales de trabajo conjunto.<\/p>\n<\/div>\n<\/div>\n<\/div>\n<\/div>\n<\/div>\n<div id=\"reviews\" class=\"woocommerce-Reviews\">\n<div id=\"comments\"><\/div>\n<\/div>\n","protected":false},"excerpt":{"rendered":"<p><strong>Dep\u00f3sito: \u20ac50<\/strong><\/p>\n<p>Las guitarras ac\u00fasticas de Sherwood tienen una historia de excelencia por una raz\u00f3n, ya que combinan el estilo de la guitarra cl\u00e1sica con una calidad de sonido intemporal.<\/p>\n","protected":false},"featured_media":491,"comment_status":"open","ping_status":"closed","template":"","meta":{"_acf_changed":false,"content-type":""},"product_brand":[],"product_cat":[177,181],"product_tag":[560,461,584,463,489,591,557,567,569,571,563,459,565,559,647],"class_list":{"0":"post-492","1":"product","2":"type-product","3":"status-publish","4":"has-post-thumbnail","6":"product_cat-guitarras-y-bajos","7":"product_cat-guitarras-acusticas","8":"product_tag-alquiler-de-instrumentos-es","9":"product_tag-alquiler-de-instrumentos","10":"product_tag-alquiler-de-instrumentos-es-2","11":"product_tag-alquiler-de-instrumentos-barcelona","12":"product_tag-alquiler-de-instrumentos-barcelona-es","13":"product_tag-alquiler-de-instrumentos-espana-es","14":"product_tag-alquiler-de-instrumentos-espana","15":"product_tag-guitarra","16":"product_tag-guitarra-barcelona","17":"product_tag-guitarra-de-alquiler","18":"product_tag-guitarra-espana","19":"product_tag-guitarras","20":"product_tag-guitarras-es","21":"product_tag-instrumentos-de-contratacion","22":"product_tag-sherwood-es","24":"first","25":"instock","26":"sold-individually","27":"shipping-taxable","28":"purchasable","29":"product-type-booking"},"booking_location":"","booking_location_type":"","booking_duration":1,"booking_duration_unit":"day","booking_buffer":0,"booking_cost":0,"booking_resources":[],"exclude_global_add_ons":false,"addons":[{"name":"Dep\u00f3sito","type":"checkbox","position":0,"required":false,"title_format":"hide","default":"","description_enable":false,"description":"","placeholder_enable":false,"placeholder":"","display":"select","restrictions_type":"any_text","adjust_price":false,"price":"","price_type":"flat_fee","restrictions":false,"min":"0","max":"0","options":[{"label":"Dep\u00f3sito","price":"50","price_type":"flat_fee","image":0,"visibility":true}]},{"name":"Guitarras Ac\u00fasticas","type":"checkbox","position":0,"required":false,"title_format":"label","default":"","description_enable":false,"description":"","placeholder_enable":false,"placeholder":"","display":"select","restrictions_type":"any_text","adjust_price":false,"price":"","price_type":"flat_fee","restrictions":false,"min":"0","max":"0","options":[{"label":"Cable de Instrumento Jack 1\/4","price":"5.00","price_type":"quantity_based","image":0,"visibility":true},{"label":"P\u00faa de Calidad","price":"2.00","price_type":"quantity_based","image":0,"visibility":true},{"label":"P\u00faa Est\u00e1ndar","price":"1.00","price_type":"quantity_based","image":0,"visibility":true},{"label":"Correa","price":"5.00","price_type":"quantity_based","image":0,"visibility":true},{"label":"Capo","price":"5.00","price_type":"quantity_based","image":0,"visibility":true},{"label":"Afinador","price":"5.00","price_type":"quantity_based","image":0,"visibility":true},{"label":"Atril de Calidad","price":"9.00","price_type":"quantity_based","image":0,"visibility":true},{"label":"Atril","price":"5.00","price_type":"quantity_based","image":0,"visibility":true}]}],"acf":{"set_to_be_sold":false,"sale_description":"","sale_price":""},"_links":{"self":[{"href":"https:\/\/shinemusicrental.com\/es\/wp-json\/wp\/v2\/product\/492","targetHints":{"allow":["GET"]}}],"collection":[{"href":"https:\/\/shinemusicrental.com\/es\/wp-json\/wp\/v2\/product"}],"about":[{"href":"https:\/\/shinemusicrental.com\/es\/wp-json\/wp\/v2\/types\/product"}],"replies":[{"embeddable":true,"href":"https:\/\/shinemusicrental.com\/es\/wp-json\/wp\/v2\/comments?post=492"}],"wp:featuredmedia":[{"embeddable":true,"href":"https:\/\/shinemusicrental.com\/es\/wp-json\/wp\/v2\/media\/491"}],"wp:attachment":[{"href":"https:\/\/shinemusicrental.com\/es\/wp-json\/wp\/v2\/media?parent=492"}],"wp:term":[{"taxonomy":"product_brand","embeddable":true,"href":"https:\/\/shinemusicrental.com\/es\/wp-json\/wp\/v2\/product_brand?post=492"},{"taxonomy":"product_cat","embeddable":true,"href":"https:\/\/shinemusicrental.com\/es\/wp-json\/wp\/v2\/product_cat?post=492"},{"taxonomy":"product_tag","embeddable":true,"href":"https:\/\/shinemusicrental.com\/es\/wp-json\/wp\/v2\/product_tag?post=492"}],"curies":[{"name":"wp","href":"https:\/\/api.w.org\/{rel}","templated":true}]}}