{"id":432,"date":"2022-10-17T12:27:14","date_gmt":"2022-10-17T10:27:16","guid":{"rendered":"http:\/\/www.shinemusicrental.com\/?post_type=product&#038;p=432"},"modified":"2024-04-08T13:43:07","modified_gmt":"2024-04-08T11:43:07","slug":"guitarra-para-zurdos-camps-eco-ronda","status":"publish","type":"product","link":"https:\/\/shinemusicrental.com\/es\/product\/guitarra-para-zurdos-camps-eco-ronda\/","title":{"rendered":"Guitarra para Zurdos Camps ECO RONDA"},"content":{"rendered":"<p>Dise\u00f1ada para una m\u00e1xima tocgabilidad y comodidad, la Guitarra Camps ECO RONDA es el primer instrumento de alquiler ideal para un guitarrista principiante. La parte superior es de pino de Oreg\u00f3n, la parte posterior y los lados son de sapeli, el m\u00e1stil es de cedro y el puente es de palo de rosa para una apariencia cl\u00e1sica y un tono suave y agradable. El barniz mate conserva la belleza natural de la madera y minimiza el deslumbramiento para el aprendizaje visual y la pr\u00e1ctica. Alquile esta guitarra o similar a nuestra tarifa muy competitiva.<\/p>\n<p>Instrument Rental Barcelona es parte de la red de escuelas de Shine School of Music. Ofrecemos una amplia gama de lecciones de m\u00fasica, lugares para la celebraci\u00f3n de eventos, espacios para practicar m\u00fasica y espacios adicionales de trabajo conjunto.<\/p>\n","protected":false},"excerpt":{"rendered":"<p><strong>Dep\u00f3sito: \u20ac90<\/strong><\/p>\n<p>Dise\u00f1ada para una m\u00e1xima tocabilidad y comodidad, la Guitarra Camps ECO RONDA es el primer instrumento de alquiler ideal para un guitarrista principiante.<\/p>\n","protected":false},"featured_media":420,"comment_status":"open","ping_status":"closed","template":"","meta":{"_acf_changed":false,"content-type":""},"product_brand":[],"product_cat":[177,193,207],"product_tag":[560,584,461,489,463,591,557,527,531,453,455,529,625,626,567,569,571,563,459,565,559,627],"class_list":{"0":"post-432","1":"product","2":"type-product","3":"status-publish","4":"has-post-thumbnail","6":"product_cat-guitarras-y-bajos","7":"product_cat-guitarras-clasicas","8":"product_cat-guitarras-espanolas","9":"product_tag-alquiler-de-instrumentos-es","10":"product_tag-alquiler-de-instrumentos-es-2","11":"product_tag-alquiler-de-instrumentos","12":"product_tag-alquiler-de-instrumentos-barcelona-es","13":"product_tag-alquiler-de-instrumentos-barcelona","14":"product_tag-alquiler-de-instrumentos-espana-es","15":"product_tag-alquiler-de-instrumentos-espana","16":"product_tag-bajos-barcelona","17":"product_tag-bajos-de-alquiler","18":"product_tag-bajos-electricos","19":"product_tag-bajos-electricos-es","20":"product_tag-bajos-espana","21":"product_tag-camps-es","22":"product_tag-camps-eco-ronda-es","23":"product_tag-guitarra","24":"product_tag-guitarra-barcelona","25":"product_tag-guitarra-de-alquiler","26":"product_tag-guitarra-espana","27":"product_tag-guitarras","28":"product_tag-guitarras-es","29":"product_tag-instrumentos-de-contratacion","30":"product_tag-spanish-guitar-es","32":"first","33":"instock","34":"sold-individually","35":"shipping-taxable","36":"purchasable","37":"product-type-booking"},"booking_location":"","booking_location_type":"","booking_duration":1,"booking_duration_unit":"day","booking_buffer":0,"booking_cost":0,"booking_resources":[],"exclude_global_add_ons":false,"addons":[{"name":"Dep\u00f3sito","type":"checkbox","position":0,"required":false,"title_format":"hide","default":"","description_enable":false,"description":"","placeholder_enable":false,"placeholder":"","display":"select","restrictions_type":"any_text","adjust_price":false,"price":"","price_type":"flat_fee","restrictions":false,"min":"0","max":"0","options":[{"label":"Dep\u00f3sito","price":"90","price_type":"flat_fee","image":0,"visibility":true}]},{"name":"Guitarras Cl\u00e1sicas","type":"checkbox","position":0,"required":false,"title_format":"label","default":"","description_enable":false,"description":"","placeholder_enable":false,"placeholder":"","display":"select","restrictions_type":"any_text","adjust_price":false,"price":"","price_type":"flat_fee","restrictions":false,"min":"0","max":"0","options":[{"label":"Afinador","price":"5.00","price_type":"quantity_based","image":0,"visibility":true},{"label":"Apoyapi\u00e9s para Guitarra de Calidad","price":"9.00","price_type":"quantity_based","image":0,"visibility":true},{"label":"Apoyapi\u00e9s para Guitarra Est\u00e1ndar","price":"5.00","price_type":"quantity_based","image":0,"visibility":true},{"label":"Atril de Calidad","price":"9.00","price_type":"quantity_based","image":0,"visibility":true},{"label":"Atril","price":"5.00","price_type":"quantity_based","image":0,"visibility":true},{"label":"Capo - Guitarra Cl\u00e1sica","price":"5.00","price_type":"quantity_based","image":0,"visibility":true},{"label":"P\u00faa de Calidad","price":"2.00","price_type":"quantity_based","image":0,"visibility":true},{"label":"P\u00faa Est\u00e1ndar","price":"1.00","price_type":"quantity_based","image":0,"visibility":true}]}],"acf":{"set_to_be_sold":false,"sale_description":"","sale_price":""},"_links":{"self":[{"href":"https:\/\/shinemusicrental.com\/es\/wp-json\/wp\/v2\/product\/432","targetHints":{"allow":["GET"]}}],"collection":[{"href":"https:\/\/shinemusicrental.com\/es\/wp-json\/wp\/v2\/product"}],"about":[{"href":"https:\/\/shinemusicrental.com\/es\/wp-json\/wp\/v2\/types\/product"}],"replies":[{"embeddable":true,"href":"https:\/\/shinemusicrental.com\/es\/wp-json\/wp\/v2\/comments?post=432"}],"wp:featuredmedia":[{"embeddable":true,"href":"https:\/\/shinemusicrental.com\/es\/wp-json\/wp\/v2\/media\/420"}],"wp:attachment":[{"href":"https:\/\/shinemusicrental.com\/es\/wp-json\/wp\/v2\/media?parent=432"}],"wp:term":[{"taxonomy":"product_brand","embeddable":true,"href":"https:\/\/shinemusicrental.com\/es\/wp-json\/wp\/v2\/product_brand?post=432"},{"taxonomy":"product_cat","embeddable":true,"href":"https:\/\/shinemusicrental.com\/es\/wp-json\/wp\/v2\/product_cat?post=432"},{"taxonomy":"product_tag","embeddable":true,"href":"https:\/\/shinemusicrental.com\/es\/wp-json\/wp\/v2\/product_tag?post=432"}],"curies":[{"name":"wp","href":"https:\/\/api.w.org\/{rel}","templated":true}]}}