{"id":413,"date":"2022-10-14T16:45:24","date_gmt":"2022-10-14T14:45:24","guid":{"rendered":"http:\/\/www.shinemusicrental.com\/product\/guitarra-espanola-admira-paloma\/"},"modified":"2024-04-08T13:27:05","modified_gmt":"2024-04-08T11:27:05","slug":"guitarra-espanola-admira-paloma","status":"publish","type":"product","link":"https:\/\/shinemusicrental.com\/es\/product\/guitarra-espanola-admira-paloma\/","title":{"rendered":"Guitarra Espa\u00f1ola Admira Paloma"},"content":{"rendered":"<p>La guitarra Admira Paloma combina una parte superior de pino de Oreg\u00f3n, una parte posterior y lados de sapeli, un cuello de caoba africana, y un diapas\u00f3n y puente de palisandro para una calidez de tono incomparable y un sentido del estilo cl\u00e1sico. Esta es una guitarra espa\u00f1ola aut\u00e9ntica con un sonido espa\u00f1ol aut\u00e9ntico a un precio sorprendentemente razonable, y un alquiler perfecto para un m\u00fasico de cualquier nivel de experiencia. Alquile esta guitarra o similar a nuestra muy competitiva tarifa.<\/p>\n<p>Instrument Rental Barcelona es parte de la red de escuelas de Shine School of Music. Ofrecemos una amplia gama de lecciones de m\u00fasica, lugares para la celebraci\u00f3n de eventos, espacios para practicar m\u00fasica y espacios adicionales de trabajo conjunto.<\/p>\n","protected":false},"excerpt":{"rendered":"<p><strong>Dep\u00f3sito: \u20ac60<\/strong><\/p>\n<p>La guitarra Admira Paloma combina una parte superior de pino de Oreg\u00f3n, una parte posterior y lados de sapeli, un cuello de caoba africana, y un diapas\u00f3n y puente de palisandro para una calidez de tono incomparable y un sentido del estilo cl\u00e1sico.<\/p>\n","protected":false},"featured_media":409,"comment_status":"open","ping_status":"closed","template":"","meta":{"_acf_changed":false,"content-type":""},"product_brand":[],"product_cat":[177,193,207],"product_tag":[560,461,584,463,489,591,557,567,569,571,563,459,565,559],"class_list":{"0":"post-413","1":"product","2":"type-product","3":"status-publish","4":"has-post-thumbnail","6":"product_cat-guitarras-y-bajos","7":"product_cat-guitarras-clasicas","8":"product_cat-guitarras-espanolas","9":"product_tag-alquiler-de-instrumentos-es","10":"product_tag-alquiler-de-instrumentos","11":"product_tag-alquiler-de-instrumentos-es-2","12":"product_tag-alquiler-de-instrumentos-barcelona","13":"product_tag-alquiler-de-instrumentos-barcelona-es","14":"product_tag-alquiler-de-instrumentos-espana-es","15":"product_tag-alquiler-de-instrumentos-espana","16":"product_tag-guitarra","17":"product_tag-guitarra-barcelona","18":"product_tag-guitarra-de-alquiler","19":"product_tag-guitarra-espana","20":"product_tag-guitarras","21":"product_tag-guitarras-es","22":"product_tag-instrumentos-de-contratacion","24":"first","25":"instock","26":"sold-individually","27":"shipping-taxable","28":"purchasable","29":"product-type-booking"},"booking_location":"","booking_location_type":"","booking_duration":1,"booking_duration_unit":"day","booking_buffer":0,"booking_cost":0,"booking_resources":[],"exclude_global_add_ons":false,"addons":[{"name":"Dep\u00f3sito","type":"checkbox","position":0,"required":false,"title_format":"hide","default":"","description_enable":false,"description":"","placeholder_enable":false,"placeholder":"","display":"select","restrictions_type":"any_text","adjust_price":false,"price":"","price_type":"flat_fee","restrictions":false,"min":"0","max":"0","options":[{"label":"Dep\u00f3sito","price":"60","price_type":"flat_fee","image":0,"visibility":true}]},{"name":"Guitarras Cl\u00e1sicas","type":"checkbox","position":0,"required":false,"title_format":"label","default":"","description_enable":false,"description":"","placeholder_enable":false,"placeholder":"","display":"select","restrictions_type":"any_text","adjust_price":false,"price":"","price_type":"flat_fee","restrictions":false,"min":"0","max":"0","options":[{"label":"Afinador","price":"5.00","price_type":"quantity_based","image":0,"visibility":true},{"label":"Apoyapi\u00e9s para Guitarra de Calidad","price":"9.00","price_type":"quantity_based","image":0,"visibility":true},{"label":"Apoyapi\u00e9s para Guitarra Est\u00e1ndar","price":"5.00","price_type":"quantity_based","image":0,"visibility":true},{"label":"Atril de Calidad","price":"9.00","price_type":"quantity_based","image":0,"visibility":true},{"label":"Atril","price":"5.00","price_type":"quantity_based","image":0,"visibility":true},{"label":"Capo - Guitarra Cl\u00e1sica","price":"5.00","price_type":"quantity_based","image":0,"visibility":true},{"label":"P\u00faa de Calidad","price":"2.00","price_type":"quantity_based","image":0,"visibility":true},{"label":"P\u00faa Est\u00e1ndar","price":"1.00","price_type":"quantity_based","image":0,"visibility":true}]}],"acf":{"set_to_be_sold":false,"sale_description":"","sale_price":""},"_links":{"self":[{"href":"https:\/\/shinemusicrental.com\/es\/wp-json\/wp\/v2\/product\/413","targetHints":{"allow":["GET"]}}],"collection":[{"href":"https:\/\/shinemusicrental.com\/es\/wp-json\/wp\/v2\/product"}],"about":[{"href":"https:\/\/shinemusicrental.com\/es\/wp-json\/wp\/v2\/types\/product"}],"replies":[{"embeddable":true,"href":"https:\/\/shinemusicrental.com\/es\/wp-json\/wp\/v2\/comments?post=413"}],"wp:featuredmedia":[{"embeddable":true,"href":"https:\/\/shinemusicrental.com\/es\/wp-json\/wp\/v2\/media\/409"}],"wp:attachment":[{"href":"https:\/\/shinemusicrental.com\/es\/wp-json\/wp\/v2\/media?parent=413"}],"wp:term":[{"taxonomy":"product_brand","embeddable":true,"href":"https:\/\/shinemusicrental.com\/es\/wp-json\/wp\/v2\/product_brand?post=413"},{"taxonomy":"product_cat","embeddable":true,"href":"https:\/\/shinemusicrental.com\/es\/wp-json\/wp\/v2\/product_cat?post=413"},{"taxonomy":"product_tag","embeddable":true,"href":"https:\/\/shinemusicrental.com\/es\/wp-json\/wp\/v2\/product_tag?post=413"}],"curies":[{"name":"wp","href":"https:\/\/api.w.org\/{rel}","templated":true}]}}