{"id":393,"date":"2022-10-14T16:27:54","date_gmt":"2022-10-14T14:27:54","guid":{"rendered":"http:\/\/www.shinemusicrental.com\/product\/piano-digital-yamaha-p-45\/"},"modified":"2024-10-02T15:12:10","modified_gmt":"2024-10-02T13:12:10","slug":"piano-digital-yamaha-p-45","status":"publish","type":"product","link":"https:\/\/shinemusicrental.com\/es\/product\/piano-digital-yamaha-p-45\/","title":{"rendered":"Piano Digital Yamaha P-45"},"content":{"rendered":"<p>El Yamaha P-45 es una opci\u00f3n de alquiler muy asequible y ligera, que re\u00fane las mejores caracter\u00edsticas de los pianos digitales. Viene con diez voces distintas para diferentes estilos musicales, que van desde el piano de cola hasta el clavicordio y el \u00f3rgano, puede transponer m\u00fasica en vivo para la comodidad mutua de un vocalista y pianista acompa\u00f1ante, y tiene capacidad USB para la creaci\u00f3n de archivos midi. Con 64 notas de polifon\u00eda y un mecanismo de martillo graduado para una sensaci\u00f3n aut\u00e9ntica, este es el instrumento perfecto para un m\u00fasico vers\u00e1til sobre la marcha. Alquile este piano digital o similar a nuestra muy competitiva tarifa.<\/p>\n","protected":false},"excerpt":{"rendered":"<p><strong>Dep\u00f3sito: 170\u20ac<\/strong><\/p>\n<p>El Yamaha P-45 es una opci\u00f3n de alquiler muy asequible y ligera, que re\u00fane las mejores caracter\u00edsticas de los pianos digitales.<\/p>\n","protected":false},"featured_media":386,"comment_status":"open","ping_status":"closed","template":"","meta":{"_acf_changed":false,"content-type":""},"product_brand":[],"product_cat":[116,117],"product_tag":[661,461,560,584,463,489,591,557,559,477,659,480,487,602,481,483,485,593],"class_list":{"0":"post-393","1":"product","2":"type-product","3":"status-publish","4":"has-post-thumbnail","6":"product_cat-instrumentos-de-teclado","7":"product_cat-pianos-digitales","8":"product_tag-alquilar-piano-digital","9":"product_tag-alquiler-de-instrumentos","10":"product_tag-alquiler-de-instrumentos-es","11":"product_tag-alquiler-de-instrumentos-es-2","12":"product_tag-alquiler-de-instrumentos-barcelona","13":"product_tag-alquiler-de-instrumentos-barcelona-es","14":"product_tag-alquiler-de-instrumentos-espana-es","15":"product_tag-alquiler-de-instrumentos-espana","16":"product_tag-instrumentos-de-contratacion","17":"product_tag-piano-es-2","18":"product_tag-piano-digital","19":"product_tag-piano-es-es","20":"product_tag-piano-espana","21":"product_tag-piano-yamaha","22":"product_tag-pianos-es","23":"product_tag-pianos-barcelona-es","24":"product_tag-pianos-de-alquiler","25":"product_tag-yamaha-es","27":"first","28":"instock","29":"sold-individually","30":"shipping-taxable","31":"purchasable","32":"product-type-booking"},"booking_location":"","booking_location_type":"","booking_duration":1,"booking_duration_unit":"day","booking_buffer":0,"booking_cost":0,"booking_resources":[],"exclude_global_add_ons":false,"addons":[{"name":"Dep\u00f3sito","type":"checkbox","position":0,"required":false,"title_format":"hide","default":"","description_enable":false,"description":"","placeholder_enable":false,"placeholder":"","display":"select","restrictions_type":"any_text","adjust_price":false,"price":"","price_type":"flat_fee","restrictions":false,"min":"0","max":"0","options":[{"label":"Dep\u00f3sito","price":"170","price_type":"flat_fee","image":0,"visibility":true}]},{"name":"PIANO EL\u00c9CTRICO","type":"checkbox","position":0,"required":true,"title_format":"label","default":"","description_enable":false,"description":"","placeholder_enable":false,"placeholder":"","display":"select","restrictions_type":"any_text","adjust_price":false,"price":"","price_type":"flat_fee","restrictions":false,"min":"0","max":"0","options":[{"label":"Pedal de Sustain de Calidad","price":"10.00","price_type":"quantity_based","image":0,"visibility":true},{"label":"Soporte","price":"10.00","price_type":"quantity_based","image":0,"visibility":true},{"label":"Taburete de Piano de Calidad","price":"25.00","price_type":"quantity_based","image":0,"visibility":true},{"label":"Taburete de Piano","price":"10.00","price_type":"quantity_based","image":0,"visibility":true}]}],"acf":{"set_to_be_sold":false,"sale_description":"","sale_price":""},"_links":{"self":[{"href":"https:\/\/shinemusicrental.com\/es\/wp-json\/wp\/v2\/product\/393","targetHints":{"allow":["GET"]}}],"collection":[{"href":"https:\/\/shinemusicrental.com\/es\/wp-json\/wp\/v2\/product"}],"about":[{"href":"https:\/\/shinemusicrental.com\/es\/wp-json\/wp\/v2\/types\/product"}],"replies":[{"embeddable":true,"href":"https:\/\/shinemusicrental.com\/es\/wp-json\/wp\/v2\/comments?post=393"}],"wp:featuredmedia":[{"embeddable":true,"href":"https:\/\/shinemusicrental.com\/es\/wp-json\/wp\/v2\/media\/386"}],"wp:attachment":[{"href":"https:\/\/shinemusicrental.com\/es\/wp-json\/wp\/v2\/media?parent=393"}],"wp:term":[{"taxonomy":"product_brand","embeddable":true,"href":"https:\/\/shinemusicrental.com\/es\/wp-json\/wp\/v2\/product_brand?post=393"},{"taxonomy":"product_cat","embeddable":true,"href":"https:\/\/shinemusicrental.com\/es\/wp-json\/wp\/v2\/product_cat?post=393"},{"taxonomy":"product_tag","embeddable":true,"href":"https:\/\/shinemusicrental.com\/es\/wp-json\/wp\/v2\/product_tag?post=393"}],"curies":[{"name":"wp","href":"https:\/\/api.w.org\/{rel}","templated":true}]}}