{"id":3197,"date":"2022-11-11T17:07:39","date_gmt":"2022-11-11T15:07:39","guid":{"rendered":"http:\/\/www.shinemusicrental.com\/product\/adam-hall-sks03-soporte-negro-para-teclado\/"},"modified":"2022-11-11T17:07:39","modified_gmt":"2022-11-11T15:07:39","slug":"adam-hall-sks03-soporte-negro-para-teclado","status":"publish","type":"product","link":"https:\/\/shinemusicrental.com\/es\/product\/adam-hall-sks03-soporte-negro-para-teclado\/","title":{"rendered":"Adam Hall SKS03 Soporte Negro para Teclado"},"content":{"rendered":"<p>El soporte para teclado Adam Hall SKS03 es muy estable y se puede ajustar r\u00e1pidamente, con doble secci\u00f3n y patas de goma. No se deslizar\u00e1 sobre superficies lisas ni dejar\u00e1 ara\u00f1azos o rasgu\u00f1os en pisos delicados. Con una gama m\u00e1s amplia de ajustes de altura que la mayor\u00eda de los soportes para teclado comparables, el SKS03 permite que hasta el m\u00e1s peque\u00f1o de los m\u00fasicos toque c\u00f3modamente. Alquile este soporte para teclado o similar a nuestra muy competitiva tarifa.<\/p>\n<p>Instrument Rental Barcelona es parte de la red de escuelas de Shine School of Music. Ofrecemos una amplia gama de lecciones de m\u00fasica, lugares para la celebraci\u00f3n de eventos, espacios para practicar m\u00fasica y espacios adicionales de trabajo conjunto.<\/p>\n","protected":false},"excerpt":{"rendered":"<p><strong>Dep\u00f3sito: \u20ac10<\/strong><\/p>\n<p>El soporte para teclado Adam Hall SKS03 es muy estable y se puede ajustar r\u00e1pidamente, con doble secci\u00f3n y patas de goma.<\/p>\n","protected":false},"featured_media":3188,"comment_status":"open","ping_status":"closed","template":"","meta":{"_acf_changed":false,"content-type":""},"product_brand":[],"product_cat":[116,219],"product_tag":[993,461,560,584,463,489,591,557,559,994,477,480,487,481,483,485,995],"class_list":{"0":"post-3197","1":"product","2":"type-product","3":"status-publish","4":"has-post-thumbnail","6":"product_cat-instrumentos-de-teclado","7":"product_cat-soportes-pedales-y-accesorios","8":"product_tag-adam-hall-es","9":"product_tag-alquiler-de-instrumentos","10":"product_tag-alquiler-de-instrumentos-es","11":"product_tag-alquiler-de-instrumentos-es-2","12":"product_tag-alquiler-de-instrumentos-barcelona","13":"product_tag-alquiler-de-instrumentos-barcelona-es","14":"product_tag-alquiler-de-instrumentos-espana-es","15":"product_tag-alquiler-de-instrumentos-espana","16":"product_tag-instrumentos-de-contratacion","17":"product_tag-keyboard-stand-es","18":"product_tag-piano-es-2","19":"product_tag-piano-es-es","20":"product_tag-piano-espana","21":"product_tag-pianos-es","22":"product_tag-pianos-barcelona-es","23":"product_tag-pianos-de-alquiler","24":"product_tag-stand-es","26":"first","27":"instock","28":"sold-individually","29":"shipping-taxable","30":"purchasable","31":"product-type-booking"},"booking_location":"","booking_location_type":"","booking_duration":1,"booking_duration_unit":"day","booking_buffer":0,"booking_cost":0,"booking_resources":[],"exclude_global_add_ons":false,"addons":[{"name":"Dep\u00f3sito","type":"checkbox","position":0,"required":false,"title_format":"hide","default":"","description_enable":false,"description":"","placeholder_enable":false,"placeholder":"","display":"select","restrictions_type":"any_text","adjust_price":false,"price":"","price_type":"flat_fee","restrictions":false,"min":"0","max":"0","options":[{"label":"Dep\u00f3sito","price":"10","price_type":"flat_fee","image":0,"visibility":true}]}],"acf":{"set_to_be_sold":false,"sale_description":"","sale_price":""},"_links":{"self":[{"href":"https:\/\/shinemusicrental.com\/es\/wp-json\/wp\/v2\/product\/3197","targetHints":{"allow":["GET"]}}],"collection":[{"href":"https:\/\/shinemusicrental.com\/es\/wp-json\/wp\/v2\/product"}],"about":[{"href":"https:\/\/shinemusicrental.com\/es\/wp-json\/wp\/v2\/types\/product"}],"replies":[{"embeddable":true,"href":"https:\/\/shinemusicrental.com\/es\/wp-json\/wp\/v2\/comments?post=3197"}],"wp:featuredmedia":[{"embeddable":true,"href":"https:\/\/shinemusicrental.com\/es\/wp-json\/wp\/v2\/media\/3188"}],"wp:attachment":[{"href":"https:\/\/shinemusicrental.com\/es\/wp-json\/wp\/v2\/media?parent=3197"}],"wp:term":[{"taxonomy":"product_brand","embeddable":true,"href":"https:\/\/shinemusicrental.com\/es\/wp-json\/wp\/v2\/product_brand?post=3197"},{"taxonomy":"product_cat","embeddable":true,"href":"https:\/\/shinemusicrental.com\/es\/wp-json\/wp\/v2\/product_cat?post=3197"},{"taxonomy":"product_tag","embeddable":true,"href":"https:\/\/shinemusicrental.com\/es\/wp-json\/wp\/v2\/product_tag?post=3197"}],"curies":[{"name":"wp","href":"https:\/\/api.w.org\/{rel}","templated":true}]}}