{"id":3128,"date":"2022-11-03T17:54:00","date_gmt":"2022-11-03T15:54:00","guid":{"rendered":"http:\/\/www.shinemusicrental.com\/product\/larga-duracion-cajon-profesional\/"},"modified":"2022-12-07T12:53:58","modified_gmt":"2022-12-07T10:53:58","slug":"larga-duracion-cajon-profesional","status":"publish","type":"product","link":"https:\/\/shinemusicrental.com\/es\/product\/larga-duracion-cajon-profesional\/","title":{"rendered":"Larga Duraci\u00f3n \u2013 Caj\u00f3n Profesional"},"content":{"rendered":"","protected":false},"excerpt":{"rendered":"<p>Nuestro\u00a0<em>Caj\u00f3n profesional<\/em>\u00a0es el CaSela o similar.<\/p>\n<p>Los alquileres a Largo Plazo\u00a0<strong>se pagan mensualmente<\/strong>\u00a0y tienen una permanencia\u00a0<strong>m\u00ednima de 4 meses<\/strong>. El\u00a0<strong>pago en la p\u00e1gina web reserva el instrumento\u00a0<\/strong>y\u00a0<b>paga por el primer mes de alquiler<\/b><\/p>\n<p>Una vez confirmes tu pedido,\u00a0<strong>uno de nuestros simp\u00e1ticos agentes le contactar\u00e1 en las pr\u00f3ximas 24 horas<\/strong>\u00a0para dejarlo todo listo y confirmado.<\/p>\n<p>\u00bfNecesitas m\u00e1s opciones de Cajones para el Alquiler a Largo Plazo?<\/p>\n<h5>\u2013\u00a0<a href=\"http:\/\/www.shinemusicrental.com\/es\/product\/larga-duracion-cajon-de-iniciacion\/\"><u>Caj\u00f3n de Iniciaci\u00f3n<\/u><\/a><br \/>\n\u2013\u00a0<a href=\"http:\/\/www.shinemusicrental.com\/es\/product\/larga-duracion-cajon-intermedio\/\"><u>Caj\u00f3n Intermedio<\/u><\/a><br \/>\n\u2013\u00a0Caj\u00f3n Profesional \u2013 Actual<\/h5>\n","protected":false},"featured_media":1888,"comment_status":"open","ping_status":"closed","template":"","meta":{"_acf_changed":false,"content-type":""},"product_brand":[],"product_cat":[256,274],"product_tag":[],"class_list":{"0":"post-3128","1":"product","2":"type-product","3":"status-publish","4":"has-post-thumbnail","6":"long_term_tag-baterias-percusion","7":"long_term_level-profesional","8":"product_cat-largo-plazo","9":"product_cat-cajon-es","11":"first","12":"instock","13":"sale","14":"shipping-taxable","15":"purchasable","16":"product-type-simple"},"booking_location":null,"booking_location_type":null,"booking_duration":null,"booking_duration_unit":null,"booking_buffer":null,"booking_cost":null,"booking_resources":null,"exclude_global_add_ons":[],"addons":[],"acf":{"set_to_be_sold":false,"sale_description":"","sale_price":""},"_links":{"self":[{"href":"https:\/\/shinemusicrental.com\/es\/wp-json\/wp\/v2\/product\/3128","targetHints":{"allow":["GET"]}}],"collection":[{"href":"https:\/\/shinemusicrental.com\/es\/wp-json\/wp\/v2\/product"}],"about":[{"href":"https:\/\/shinemusicrental.com\/es\/wp-json\/wp\/v2\/types\/product"}],"replies":[{"embeddable":true,"href":"https:\/\/shinemusicrental.com\/es\/wp-json\/wp\/v2\/comments?post=3128"}],"wp:featuredmedia":[{"embeddable":true,"href":"https:\/\/shinemusicrental.com\/es\/wp-json\/wp\/v2\/media\/1888"}],"wp:attachment":[{"href":"https:\/\/shinemusicrental.com\/es\/wp-json\/wp\/v2\/media?parent=3128"}],"wp:term":[{"taxonomy":"product_brand","embeddable":true,"href":"https:\/\/shinemusicrental.com\/es\/wp-json\/wp\/v2\/product_brand?post=3128"},{"taxonomy":"product_cat","embeddable":true,"href":"https:\/\/shinemusicrental.com\/es\/wp-json\/wp\/v2\/product_cat?post=3128"},{"taxonomy":"product_tag","embeddable":true,"href":"https:\/\/shinemusicrental.com\/es\/wp-json\/wp\/v2\/product_tag?post=3128"}],"curies":[{"name":"wp","href":"https:\/\/api.w.org\/{rel}","templated":true}]}}