{"id":3114,"date":"2022-11-03T17:48:22","date_gmt":"2022-11-03T15:48:22","guid":{"rendered":"http:\/\/www.shinemusicrental.com\/product\/larga-duracion-bateria-intermedia\/"},"modified":"2022-12-07T13:12:03","modified_gmt":"2022-12-07T11:12:03","slug":"larga-duracion-bateria-intermedia","status":"publish","type":"product","link":"https:\/\/shinemusicrental.com\/es\/product\/larga-duracion-bateria-intermedia\/","title":{"rendered":"Larga Duraci\u00f3n \u2013 Bater\u00eda Intermedia"},"content":{"rendered":"","protected":false},"excerpt":{"rendered":"<p>Nuestra\u00a0<em>Bater\u00eda Intermedia<\/em>\u00a0es la Bater\u00eda Pearl RS585C C31 Roadshow o similar.<\/p>\n<p>Los alquileres a Largo Plazo\u00a0<strong>se pagan mensualmente<\/strong>\u00a0y tienen una permanencia\u00a0<strong>m\u00ednima de 4 meses<\/strong>. El\u00a0<strong>pago en la p\u00e1gina web reserva el instrumento\u00a0<\/strong>y\u00a0<b>paga por el primer mes de alquiler<\/b><\/p>\n<p>Una vez confirmes tu pedido,\u00a0<strong>uno de nuestros simp\u00e1ticos agentes le contactar\u00e1 en las pr\u00f3ximas 24 horas<\/strong>\u00a0para dejarlo todo listo y confirmado.<\/p>\n<p>\u00bfNecesitas m\u00e1s opciones de Bater\u00edas para el Alquiler a Largo Plazo?<\/p>\n<h5>\u2013 <a href=\"http:\/\/www.shinemusicrental.com\/es\/product\/larga-duracion-bateria-de-iniciacion\/\">Bater\u00eda\u00a0<strong>de Iniciaci\u00f3n<\/strong><\/a><br \/>\n\u2013 Bater\u00eda Intermedia \u2013 Actual<br \/>\n\u2013 <a href=\"http:\/\/www.shinemusicrental.com\/es\/product\/larga-duracion-bateria-profesional\/\">Bater\u00eda Profesional<\/a><\/h5>\n","protected":false},"featured_media":1934,"comment_status":"open","ping_status":"closed","template":"","meta":{"_acf_changed":false,"content-type":""},"product_brand":[],"product_cat":[256,286],"product_tag":[],"class_list":{"0":"post-3114","1":"product","2":"type-product","3":"status-publish","4":"has-post-thumbnail","6":"long_term_tag-baterias-percusion","7":"long_term_level-intermedio","8":"product_cat-largo-plazo","9":"product_cat-baterias","11":"first","12":"instock","13":"sale","14":"shipping-taxable","15":"purchasable","16":"product-type-simple"},"booking_location":null,"booking_location_type":null,"booking_duration":null,"booking_duration_unit":null,"booking_buffer":null,"booking_cost":null,"booking_resources":null,"exclude_global_add_ons":[],"addons":[],"acf":{"set_to_be_sold":false,"sale_description":"","sale_price":""},"_links":{"self":[{"href":"https:\/\/shinemusicrental.com\/es\/wp-json\/wp\/v2\/product\/3114","targetHints":{"allow":["GET"]}}],"collection":[{"href":"https:\/\/shinemusicrental.com\/es\/wp-json\/wp\/v2\/product"}],"about":[{"href":"https:\/\/shinemusicrental.com\/es\/wp-json\/wp\/v2\/types\/product"}],"replies":[{"embeddable":true,"href":"https:\/\/shinemusicrental.com\/es\/wp-json\/wp\/v2\/comments?post=3114"}],"wp:featuredmedia":[{"embeddable":true,"href":"https:\/\/shinemusicrental.com\/es\/wp-json\/wp\/v2\/media\/1934"}],"wp:attachment":[{"href":"https:\/\/shinemusicrental.com\/es\/wp-json\/wp\/v2\/media?parent=3114"}],"wp:term":[{"taxonomy":"product_brand","embeddable":true,"href":"https:\/\/shinemusicrental.com\/es\/wp-json\/wp\/v2\/product_brand?post=3114"},{"taxonomy":"product_cat","embeddable":true,"href":"https:\/\/shinemusicrental.com\/es\/wp-json\/wp\/v2\/product_cat?post=3114"},{"taxonomy":"product_tag","embeddable":true,"href":"https:\/\/shinemusicrental.com\/es\/wp-json\/wp\/v2\/product_tag?post=3114"}],"curies":[{"name":"wp","href":"https:\/\/api.w.org\/{rel}","templated":true}]}}