{"id":3014,"date":"2022-11-03T15:49:42","date_gmt":"2022-11-03T13:49:42","guid":{"rendered":"http:\/\/www.shinemusicrental.com\/product\/larga-duracion-pack-de-bajo-electrico-de-iniciacion\/"},"modified":"2022-12-09T12:39:01","modified_gmt":"2022-12-09T10:39:01","slug":"larga-duracion-pack-de-bajo-electrico-de-iniciacion","status":"publish","type":"product","link":"https:\/\/shinemusicrental.com\/es\/product\/larga-duracion-pack-de-bajo-electrico-de-iniciacion\/","title":{"rendered":"Larga Duraci\u00f3n \u2013 Pack de Bajo El\u00e9ctrico de Iniciaci\u00f3n"},"content":{"rendered":"","protected":false},"excerpt":{"rendered":"<p>Nuestro\u00a0<em>Set de Bajo El\u00e9ctrico de Iniciaci\u00f3n<\/em>\u00a0es de Fender Squire o similar.<\/p>\n<p>Los alquileres a Largo Plazo\u00a0<strong>se pagan mensualmente<\/strong>\u00a0y tienen una permanencia\u00a0<strong>m\u00ednima de 4 meses<\/strong>. El\u00a0<strong>pago en la p\u00e1gina web reserva el instrumento\u00a0<\/strong>y\u00a0<b>paga por el primer mes de alquiler<\/b><\/p>\n<p>Una vez confirmes tu pedido,\u00a0<strong>uno de nuestros simp\u00e1ticos agentes le contactar\u00e1 en las pr\u00f3ximas 24 horas<\/strong>\u00a0para dejarlo todo listo y confirmado.<\/p>\n<p>\u00bfNecesitas m\u00e1s opciones de Sets de Bajo El\u00e9ctrico para el Alquiler a Largo Plazo?<\/p>\n<h5>\u2013 Set de Bajo El\u00e9ctrico<u>\u00a0<strong>de Iniciaci\u00f3n \u2013 Actual<\/strong><\/u><br \/>\n\u2013 Set de Bajo El\u00e9ctrico\u00a0<u>Intermedio<\/u><br \/>\n\u2013 Set de Bajo El\u00e9ctrico Profesional<\/h5>\n","protected":false},"featured_media":1050,"comment_status":"open","ping_status":"closed","template":"","meta":{"_acf_changed":false,"content-type":""},"product_brand":[],"product_cat":[256,272],"product_tag":[],"class_list":{"0":"post-3014","1":"product","2":"type-product","3":"status-publish","4":"has-post-thumbnail","6":"long_term_tag-guitarras-bajos","7":"long_term_level-iniciacion","8":"product_cat-largo-plazo","9":"product_cat-pack-de-bajo-electrico","11":"first","12":"instock","13":"shipping-taxable","14":"purchasable","15":"product-type-simple"},"booking_location":null,"booking_location_type":null,"booking_duration":null,"booking_duration_unit":null,"booking_buffer":null,"booking_cost":null,"booking_resources":null,"exclude_global_add_ons":[],"addons":[],"acf":{"set_to_be_sold":false,"sale_description":"","sale_price":""},"_links":{"self":[{"href":"https:\/\/shinemusicrental.com\/es\/wp-json\/wp\/v2\/product\/3014","targetHints":{"allow":["GET"]}}],"collection":[{"href":"https:\/\/shinemusicrental.com\/es\/wp-json\/wp\/v2\/product"}],"about":[{"href":"https:\/\/shinemusicrental.com\/es\/wp-json\/wp\/v2\/types\/product"}],"replies":[{"embeddable":true,"href":"https:\/\/shinemusicrental.com\/es\/wp-json\/wp\/v2\/comments?post=3014"}],"wp:featuredmedia":[{"embeddable":true,"href":"https:\/\/shinemusicrental.com\/es\/wp-json\/wp\/v2\/media\/1050"}],"wp:attachment":[{"href":"https:\/\/shinemusicrental.com\/es\/wp-json\/wp\/v2\/media?parent=3014"}],"wp:term":[{"taxonomy":"product_brand","embeddable":true,"href":"https:\/\/shinemusicrental.com\/es\/wp-json\/wp\/v2\/product_brand?post=3014"},{"taxonomy":"product_cat","embeddable":true,"href":"https:\/\/shinemusicrental.com\/es\/wp-json\/wp\/v2\/product_cat?post=3014"},{"taxonomy":"product_tag","embeddable":true,"href":"https:\/\/shinemusicrental.com\/es\/wp-json\/wp\/v2\/product_tag?post=3014"}],"curies":[{"name":"wp","href":"https:\/\/api.w.org\/{rel}","templated":true}]}}