{"id":27763,"date":"2026-05-11T11:20:48","date_gmt":"2026-05-11T09:20:48","guid":{"rendered":"https:\/\/shinemusicrental.com\/?post_type=product&#038;p=27763"},"modified":"2026-05-11T11:29:17","modified_gmt":"2026-05-11T09:29:17","slug":"traktor-kontrol-s4-mk3-controlador-dj","status":"publish","type":"product","link":"https:\/\/shinemusicrental.com\/es\/product\/traktor-kontrol-s4-mk3-controlador-dj\/","title":{"rendered":"Traktor Kontrol S4 MK3 Controlador DJ"},"content":{"rendered":"<p>El Controlador de DJ Traktor Kontrol S4 MK3\u00a0 es una unidad de mezcla digital de cuatro canales dise\u00f1ada para la interpretaci\u00f3n con software de DJ. Incorpora jog wheels motorizadas con retroalimentaci\u00f3n h\u00e1ptica, proporcionando respuesta t\u00e1ctil para el control de cue y tempo. El controlador integra faders de canal de recorrido completo, crossfader y secciones de ecualizaci\u00f3n dedicadas para cada deck. Su interfaz de audio integrada ofrece salida de baja latencia con conexiones master balanceadas. El dise\u00f1o incluye pads de rendimiento RGB para activar loops, cues y muestras. La secci\u00f3n de mezcla est\u00e1 optimizada para el control directo de funciones del software Traktor. Una pantalla de alta resoluci\u00f3n muestra informaci\u00f3n de pista en tiempo real y visualizaci\u00f3n de formas de onda. Para usos temporales, los servicios de alquiler de controladores DJ permiten acceder a este modelo.<\/p>\n","protected":false},"excerpt":{"rendered":"<p>El Controlador de DJ Traktor Kontrol S4 MK3\u00a0 es una unidad de mezcla digital de cuatro canales dise\u00f1ada para la interpretaci\u00f3n con software de DJ.<\/p>\n","protected":false},"featured_media":27766,"comment_status":"open","ping_status":"closed","template":"","meta":{"_acf_changed":false,"content-type":""},"product_brand":[],"product_cat":[331,343],"product_tag":[461,584,560,463,489,591,557,981,505,507,511,509,503,559],"class_list":{"0":"post-27763","1":"product","2":"type-product","3":"status-publish","4":"has-post-thumbnail","6":"product_cat-equipos-pa-y-de-audiodifusion","7":"product_cat-mesas-mezclas-equipo-dj","8":"product_tag-alquiler-de-instrumentos","9":"product_tag-alquiler-de-instrumentos-es-2","10":"product_tag-alquiler-de-instrumentos-es","11":"product_tag-alquiler-de-instrumentos-barcelona","12":"product_tag-alquiler-de-instrumentos-barcelona-es","13":"product_tag-alquiler-de-instrumentos-espana-es","14":"product_tag-alquiler-de-instrumentos-espana","15":"product_tag-dj-set-es","16":"product_tag-equipo-de-estudio","17":"product_tag-equipo-de-estudio-barcelona","18":"product_tag-equipo-de-estudio-de-alquiler","19":"product_tag-equipo-de-estudio-es","20":"product_tag-estudio","21":"product_tag-instrumentos-de-contratacion","23":"first","24":"instock","25":"featured","26":"sold-individually","27":"shipping-taxable","28":"purchasable","29":"product-type-booking"},"booking_location":"","booking_location_type":"","booking_duration":1,"booking_duration_unit":"day","booking_buffer":0,"booking_cost":0,"booking_resources":[],"exclude_global_add_ons":false,"addons":[{"name":"Deposit","type":"checkbox","position":0,"required":true,"title_format":"hide","default":"","description_enable":false,"description":"","placeholder_enable":false,"placeholder":"","display":"select","restrictions_type":"any_text","adjust_price":false,"price":"","price_type":"flat_fee","restrictions":false,"min":"0","max":"0","options":[{"label":"Deposit","price":"450","price_type":"flat_fee","image":0,"visibility":true}],"id":1778498957},{"name":"ALTAVOCES PA","type":"checkbox","position":0,"required":false,"title_format":"label","default":"","description_enable":false,"description":"","placeholder_enable":false,"placeholder":"","display":"select","restrictions_type":"any_text","adjust_price":false,"price":"","price_type":"flat_fee","restrictions":false,"min":"0","max":"0","options":[{"label":"Cable de Instrumento Jack 1\/4","price":"5.00","price_type":"quantity_based","image":0,"visibility":true},{"label":"Cable XLR","price":"5.00","price_type":"quantity_based","image":0,"visibility":true},{"label":"Mesa de Mezclas (est\u00e1ndar)","price":"55.00","price_type":"quantity_based","image":0,"visibility":true},{"label":"Soporte","price":"19.00","price_type":"quantity_based","image":0,"visibility":true},{"label":"DI Box","price":"5","price_type":"quantity_based","image":0,"visibility":true}]}],"acf":{"set_to_be_sold":false,"sale_description":"","sale_price":""},"_links":{"self":[{"href":"https:\/\/shinemusicrental.com\/es\/wp-json\/wp\/v2\/product\/27763","targetHints":{"allow":["GET"]}}],"collection":[{"href":"https:\/\/shinemusicrental.com\/es\/wp-json\/wp\/v2\/product"}],"about":[{"href":"https:\/\/shinemusicrental.com\/es\/wp-json\/wp\/v2\/types\/product"}],"replies":[{"embeddable":true,"href":"https:\/\/shinemusicrental.com\/es\/wp-json\/wp\/v2\/comments?post=27763"}],"wp:featuredmedia":[{"embeddable":true,"href":"https:\/\/shinemusicrental.com\/es\/wp-json\/wp\/v2\/media\/27766"}],"wp:attachment":[{"href":"https:\/\/shinemusicrental.com\/es\/wp-json\/wp\/v2\/media?parent=27763"}],"wp:term":[{"taxonomy":"product_brand","embeddable":true,"href":"https:\/\/shinemusicrental.com\/es\/wp-json\/wp\/v2\/product_brand?post=27763"},{"taxonomy":"product_cat","embeddable":true,"href":"https:\/\/shinemusicrental.com\/es\/wp-json\/wp\/v2\/product_cat?post=27763"},{"taxonomy":"product_tag","embeddable":true,"href":"https:\/\/shinemusicrental.com\/es\/wp-json\/wp\/v2\/product_tag?post=27763"}],"curies":[{"name":"wp","href":"https:\/\/api.w.org\/{rel}","templated":true}]}}