{"id":2758,"date":"2022-11-02T14:34:39","date_gmt":"2022-11-02T12:34:39","guid":{"rendered":"http:\/\/www.shinemusicrental.com\/product\/h-bague-stii-mate-guitarra-clasica\/"},"modified":"2023-03-20T15:10:19","modified_gmt":"2023-03-20T14:10:19","slug":"h-bague-stii-mate-guitarra-clasica","status":"publish","type":"product","link":"https:\/\/shinemusicrental.com\/es\/product\/h-bague-stii-mate-guitarra-clasica\/","title":{"rendered":"H. Bague STII Mate Guitarra Cl\u00e1sica"},"content":{"rendered":"<p>La guitarra cl\u00e1sica H. Bague STII Mate es un instrumento musical magn\u00edficamente elaborado que satisface las necesidades tanto de m\u00fasicos inexpertos como veteranos. Exhibe una calidad de sonido sonora y meliflua y una tocabilidad f\u00e1cil de usar que gratifica al m\u00fasico. El \u00e1pice resonante de abeto de la guitarra y el fondo y los aros de caoba producen un sonido armonioso y vigoroso que concuerda perfectamente con el g\u00e9nero de la m\u00fasica cl\u00e1sica. La guitarra cl\u00e1sica H. Bague STII Mate presenta un exquisito acabado mate que emana una est\u00e9tica moderna pero atemporal. El diapas\u00f3n de palisandro con un dise\u00f1o de traste cl\u00e1sico proporciona una experiencia de interpretaci\u00f3n sin esfuerzo, lo que permite al m\u00fasico crear melod\u00edas dulces sin esfuerzo. Si est\u00e1 buscando una guitarra cl\u00e1sica de calidad superior que pueda acentuar su destreza musical durante su pr\u00f3xima actuaci\u00f3n o grabaci\u00f3n, entonces considere alquilar la guitarra cl\u00e1sica H. Bague STII Mate. Es una opci\u00f3n excepcional para cualquiera que desee agregar un toque de sofisticaci\u00f3n y elegancia a su m\u00fasica.<\/p>\n","protected":false},"excerpt":{"rendered":"<p><b>Dep\u00f3sito: \u20ac70<\/b><\/p>\n<div id=\"gtx-trans\" style=\"position: absolute; left: 31px; top: -10.6667px;\">\n<div class=\"gtx-trans-icon\"><\/div>\n<\/div>\n","protected":false},"featured_media":0,"comment_status":"open","ping_status":"closed","template":"","meta":{"_acf_changed":false,"content-type":""},"product_brand":[],"product_cat":[177,193,207],"product_tag":[560,461,584,463,489,591,557,567,569,571,563,459,565,559],"class_list":{"0":"post-2758","1":"product","2":"type-product","3":"status-publish","5":"product_cat-guitarras-y-bajos","6":"product_cat-guitarras-clasicas","7":"product_cat-guitarras-espanolas","8":"product_tag-alquiler-de-instrumentos-es","9":"product_tag-alquiler-de-instrumentos","10":"product_tag-alquiler-de-instrumentos-es-2","11":"product_tag-alquiler-de-instrumentos-barcelona","12":"product_tag-alquiler-de-instrumentos-barcelona-es","13":"product_tag-alquiler-de-instrumentos-espana-es","14":"product_tag-alquiler-de-instrumentos-espana","15":"product_tag-guitarra","16":"product_tag-guitarra-barcelona","17":"product_tag-guitarra-de-alquiler","18":"product_tag-guitarra-espana","19":"product_tag-guitarras","20":"product_tag-guitarras-es","21":"product_tag-instrumentos-de-contratacion","23":"first","24":"instock","25":"sold-individually","26":"shipping-taxable","27":"purchasable","28":"product-type-booking"},"booking_location":"","booking_location_type":"","booking_duration":1,"booking_duration_unit":"day","booking_buffer":0,"booking_cost":0,"booking_resources":[],"exclude_global_add_ons":false,"addons":[{"name":"Dep\u00f3sito","type":"checkbox","position":0,"required":false,"title_format":"hide","default":"","description_enable":false,"description":"","placeholder_enable":false,"placeholder":"","display":"select","restrictions_type":"any_text","adjust_price":false,"price":"","price_type":"flat_fee","restrictions":false,"min":"0","max":"0","options":[{"label":"Dep\u00f3sito","price":"70","price_type":"flat_fee","image":0,"visibility":true}]},{"name":"Guitarras Cl\u00e1sicas","type":"checkbox","position":0,"required":false,"title_format":"label","default":"","description_enable":false,"description":"","placeholder_enable":false,"placeholder":"","display":"select","restrictions_type":"any_text","adjust_price":false,"price":"","price_type":"flat_fee","restrictions":false,"min":"0","max":"0","options":[{"label":"Afinador","price":"5.00","price_type":"quantity_based","image":0,"visibility":true},{"label":"Apoyapi\u00e9s para Guitarra de Calidad","price":"9.00","price_type":"quantity_based","image":0,"visibility":true},{"label":"Apoyapi\u00e9s para Guitarra Est\u00e1ndar","price":"5.00","price_type":"quantity_based","image":0,"visibility":true},{"label":"Atril de Calidad","price":"9.00","price_type":"quantity_based","image":0,"visibility":true},{"label":"Atril","price":"5.00","price_type":"quantity_based","image":0,"visibility":true},{"label":"Capo - Guitarra Cl\u00e1sica","price":"5.00","price_type":"quantity_based","image":0,"visibility":true},{"label":"P\u00faa de Calidad","price":"2.00","price_type":"quantity_based","image":0,"visibility":true},{"label":"P\u00faa Est\u00e1ndar","price":"1.00","price_type":"quantity_based","image":0,"visibility":true}]}],"acf":{"set_to_be_sold":false,"sale_description":"","sale_price":""},"_links":{"self":[{"href":"https:\/\/shinemusicrental.com\/es\/wp-json\/wp\/v2\/product\/2758","targetHints":{"allow":["GET"]}}],"collection":[{"href":"https:\/\/shinemusicrental.com\/es\/wp-json\/wp\/v2\/product"}],"about":[{"href":"https:\/\/shinemusicrental.com\/es\/wp-json\/wp\/v2\/types\/product"}],"replies":[{"embeddable":true,"href":"https:\/\/shinemusicrental.com\/es\/wp-json\/wp\/v2\/comments?post=2758"}],"wp:attachment":[{"href":"https:\/\/shinemusicrental.com\/es\/wp-json\/wp\/v2\/media?parent=2758"}],"wp:term":[{"taxonomy":"product_brand","embeddable":true,"href":"https:\/\/shinemusicrental.com\/es\/wp-json\/wp\/v2\/product_brand?post=2758"},{"taxonomy":"product_cat","embeddable":true,"href":"https:\/\/shinemusicrental.com\/es\/wp-json\/wp\/v2\/product_cat?post=2758"},{"taxonomy":"product_tag","embeddable":true,"href":"https:\/\/shinemusicrental.com\/es\/wp-json\/wp\/v2\/product_tag?post=2758"}],"curies":[{"name":"wp","href":"https:\/\/api.w.org\/{rel}","templated":true}]}}