{"id":2744,"date":"2022-11-02T14:14:48","date_gmt":"2022-11-02T12:14:48","guid":{"rendered":"http:\/\/www.shinemusicrental.com\/product\/jupiter-jtr1110rq-trompeta\/"},"modified":"2024-04-10T14:09:21","modified_gmt":"2024-04-10T12:09:21","slug":"jupiter-jtr1110rq-trompeta","status":"publish","type":"product","link":"https:\/\/shinemusicrental.com\/es\/product\/jupiter-jtr1110rq-trompeta\/","title":{"rendered":"Jupiter JTR1110RQ Trompeta"},"content":{"rendered":"<p>La trompeta Jupiter JTR1110RQ es un instrumento de viento metal de alta calidad dise\u00f1ado para m\u00fasicos experimentados. Este modelo en particular cuenta con una campana martillada a mano de una sola pieza, lo que produce un sonido tonalmente rico y c\u00e1lido adecuado para una amplia variedad de g\u00e9neros musicales. Su orificio medio-grande facilita una excelente proyecci\u00f3n e intonaci\u00f3n, mientras que sus pistones de Monel garantizan una experiencia de juego suave y receptiva. Para mayor comodidad y conveniencia, el JTR1110RQ incluye un anillo deslizante ajustable en la tercera v\u00e1lvula y una silla de pulgar en la primera v\u00e1lvula. Si tiene una presentaci\u00f3n o sesi\u00f3n de grabaci\u00f3n pr\u00f3ximas que requieren una trompeta de alta calidad, es posible que desee considerar opciones de alquiler de instrumentos que ofrezcan la Jupiter JTR1110RQ. Este excepcional instrumento es confiable e impresionante, lo que garantiza que su m\u00fasica acierte todas las notas correctas.<\/p>\n","protected":false},"excerpt":{"rendered":"<p><strong>Dep\u00f3sito: \u20ac450<\/strong><\/p>\n<div id=\"gtx-trans\" style=\"position: absolute; left: 36px; top: 38.3333px;\">\n<div class=\"gtx-trans-icon\"><\/div>\n<\/div>\n","protected":false},"featured_media":2644,"comment_status":"open","ping_status":"closed","template":"","meta":{"_acf_changed":false,"content-type":""},"product_brand":[],"product_cat":[353,372],"product_tag":[461,560,584,463,489,591,557,515,559,517,519,523,521,525,595,757],"class_list":{"0":"post-2744","1":"product","2":"type-product","3":"status-publish","4":"has-post-thumbnail","6":"product_cat-instrumentos-de-viento","7":"product_cat-trompetas-es","8":"product_tag-alquiler-de-instrumentos","9":"product_tag-alquiler-de-instrumentos-es","10":"product_tag-alquiler-de-instrumentos-es-2","11":"product_tag-alquiler-de-instrumentos-barcelona","12":"product_tag-alquiler-de-instrumentos-barcelona-es","13":"product_tag-alquiler-de-instrumentos-espana-es","14":"product_tag-alquiler-de-instrumentos-espana","15":"product_tag-instrumento-de-viento","16":"product_tag-instrumentos-de-contratacion","17":"product_tag-instrumentos-de-viento-es","18":"product_tag-instrumentos-de-viento-barcelona","19":"product_tag-instrumentos-de-viento-de-alquiler","20":"product_tag-instrumentos-de-viento-es-es","21":"product_tag-instrumentos-de-viento-espana","22":"product_tag-trompeta","23":"product_tag-trompeta-de-alquiler","25":"first","26":"instock","27":"sold-individually","28":"shipping-taxable","29":"purchasable","30":"product-type-booking"},"booking_location":"","booking_location_type":"","booking_duration":1,"booking_duration_unit":"day","booking_buffer":0,"booking_cost":0,"booking_resources":[],"exclude_global_add_ons":false,"addons":[{"name":"Dep\u00f3sito","type":"checkbox","position":0,"required":false,"title_format":"hide","default":"","description_enable":false,"description":"","placeholder_enable":false,"placeholder":"","display":"select","restrictions_type":"any_text","adjust_price":false,"price":"","price_type":"flat_fee","restrictions":false,"min":"0","max":"0","options":[{"label":"Dep\u00f3sito","price":"450","price_type":"flat_fee","image":0,"visibility":true}]},{"name":"INSTRUMENTOS DE VIENTO (todos)","type":"checkbox","position":0,"required":false,"title_format":"label","default":"","description_enable":false,"description":"","placeholder_enable":false,"placeholder":"","display":"select","restrictions_type":"any_text","adjust_price":false,"price":"","price_type":"flat_fee","restrictions":false,"min":"0","max":"0","options":[{"label":"Leng\u00fceta","price":"5.00","price_type":"quantity_based","image":0,"visibility":true},{"label":"Atril","price":"5.00","price_type":"flat_fee","image":0,"visibility":true},{"label":"Atril de Calidad","price":"9.00","price_type":"flat_fee","image":0,"visibility":true}]}],"acf":{"set_to_be_sold":false,"sale_description":"","sale_price":""},"_links":{"self":[{"href":"https:\/\/shinemusicrental.com\/es\/wp-json\/wp\/v2\/product\/2744","targetHints":{"allow":["GET"]}}],"collection":[{"href":"https:\/\/shinemusicrental.com\/es\/wp-json\/wp\/v2\/product"}],"about":[{"href":"https:\/\/shinemusicrental.com\/es\/wp-json\/wp\/v2\/types\/product"}],"replies":[{"embeddable":true,"href":"https:\/\/shinemusicrental.com\/es\/wp-json\/wp\/v2\/comments?post=2744"}],"wp:featuredmedia":[{"embeddable":true,"href":"https:\/\/shinemusicrental.com\/es\/wp-json\/wp\/v2\/media\/2644"}],"wp:attachment":[{"href":"https:\/\/shinemusicrental.com\/es\/wp-json\/wp\/v2\/media?parent=2744"}],"wp:term":[{"taxonomy":"product_brand","embeddable":true,"href":"https:\/\/shinemusicrental.com\/es\/wp-json\/wp\/v2\/product_brand?post=2744"},{"taxonomy":"product_cat","embeddable":true,"href":"https:\/\/shinemusicrental.com\/es\/wp-json\/wp\/v2\/product_cat?post=2744"},{"taxonomy":"product_tag","embeddable":true,"href":"https:\/\/shinemusicrental.com\/es\/wp-json\/wp\/v2\/product_tag?post=2744"}],"curies":[{"name":"wp","href":"https:\/\/api.w.org\/{rel}","templated":true}]}}