{"id":2738,"date":"2022-11-02T14:09:14","date_gmt":"2022-11-02T12:09:14","guid":{"rendered":"http:\/\/www.shinemusicrental.com\/product\/yamaha-ydp165-b-piano-digital\/"},"modified":"2023-03-17T11:01:40","modified_gmt":"2023-03-17T10:01:40","slug":"yamaha-ydp165-b-piano-digital","status":"publish","type":"product","link":"https:\/\/shinemusicrental.com\/es\/product\/yamaha-ydp165-b-piano-digital\/","title":{"rendered":"Yamaha YDP165 B Piano Digital"},"content":{"rendered":"<p>El piano digital Yamaha YDP165 B es un excelente instrumento que presenta una aut\u00e9ntica experiencia de piano ac\u00fastico en forma digital. Muestra el muy elogiado teclado Graded Hammer Action de Yamaha, que emula el tacto y la sensaci\u00f3n de un piano ac\u00fastico tradicional. Adem\u00e1s, el piano incorpora la sofisticada tecnolog\u00eda de muestreo Advanced Wave Memory de Yamaha, que reproduce con precisi\u00f3n el sonido opulento y detallado de un piano de cola de Yamaha. Este excepcional piano digital ofrece un total de 10 voces, incluidas cuerdas, \u00f3rganos y clavic\u00e9mbalo, brindando a los usuarios una amplia gama de alternativas de sonido.<\/p>\n<p>El Yamaha YDP165 B es una preferencia destacada para los servicios de alquiler de instrumentos, ya que proporciona un piano digital de alta calidad que se adapta tanto a estudiantes como a profesionales. Es una opci\u00f3n \u00f3ptima para las personas que desean alquilar un piano digital para practicar o tocar. Con este piano digital, su interpretaci\u00f3n se elevar\u00e1 alto como un \u00e1guila volando por los cielos, sin restricciones y libre.<\/p>\n","protected":false},"excerpt":{"rendered":"<p><strong>Dep\u00f3sito: \u20ac450<\/strong><\/p>\n<div id=\"gtx-trans\" style=\"position: absolute; left: -4px; top: -10.6667px;\">\n<div class=\"gtx-trans-icon\"><\/div>\n<\/div>\n","protected":false},"featured_media":2631,"comment_status":"open","ping_status":"closed","template":"","meta":{"_acf_changed":false,"content-type":""},"product_brand":[],"product_cat":[116,117],"product_tag":[661,461,560,584,463,489,591,557,559,477,659,480,487,481,483,485],"class_list":{"0":"post-2738","1":"product","2":"type-product","3":"status-publish","4":"has-post-thumbnail","6":"product_cat-instrumentos-de-teclado","7":"product_cat-pianos-digitales","8":"product_tag-alquilar-piano-digital","9":"product_tag-alquiler-de-instrumentos","10":"product_tag-alquiler-de-instrumentos-es","11":"product_tag-alquiler-de-instrumentos-es-2","12":"product_tag-alquiler-de-instrumentos-barcelona","13":"product_tag-alquiler-de-instrumentos-barcelona-es","14":"product_tag-alquiler-de-instrumentos-espana-es","15":"product_tag-alquiler-de-instrumentos-espana","16":"product_tag-instrumentos-de-contratacion","17":"product_tag-piano-es-2","18":"product_tag-piano-digital","19":"product_tag-piano-es-es","20":"product_tag-piano-espana","21":"product_tag-pianos-es","22":"product_tag-pianos-barcelona-es","23":"product_tag-pianos-de-alquiler","25":"first","26":"instock","27":"sold-individually","28":"shipping-taxable","29":"purchasable","30":"product-type-booking"},"booking_location":"","booking_location_type":"","booking_duration":1,"booking_duration_unit":"day","booking_buffer":0,"booking_cost":0,"booking_resources":[],"exclude_global_add_ons":false,"addons":[{"name":"Dep\u00f3sito","type":"checkbox","position":0,"required":false,"title_format":"hide","default":"","description_enable":false,"description":"","placeholder_enable":false,"placeholder":"","display":"select","restrictions_type":"any_text","adjust_price":false,"price":"","price_type":"flat_fee","restrictions":false,"min":"0","max":"0","options":[{"label":"Dep\u00f3sito","price":"450","price_type":"flat_fee","image":0,"visibility":true}]},{"name":"PIANO EL\u00c9CTRICO","type":"checkbox","position":0,"required":true,"title_format":"label","default":"","description_enable":false,"description":"","placeholder_enable":false,"placeholder":"","display":"select","restrictions_type":"any_text","adjust_price":false,"price":"","price_type":"flat_fee","restrictions":false,"min":"0","max":"0","options":[{"label":"Pedal de Sustain de Calidad","price":"10.00","price_type":"quantity_based","image":0,"visibility":true},{"label":"Soporte","price":"10.00","price_type":"quantity_based","image":0,"visibility":true},{"label":"Taburete de Piano de Calidad","price":"25.00","price_type":"quantity_based","image":0,"visibility":true},{"label":"Taburete de Piano","price":"10.00","price_type":"quantity_based","image":0,"visibility":true}]}],"acf":{"set_to_be_sold":false,"sale_description":"","sale_price":""},"_links":{"self":[{"href":"https:\/\/shinemusicrental.com\/es\/wp-json\/wp\/v2\/product\/2738","targetHints":{"allow":["GET"]}}],"collection":[{"href":"https:\/\/shinemusicrental.com\/es\/wp-json\/wp\/v2\/product"}],"about":[{"href":"https:\/\/shinemusicrental.com\/es\/wp-json\/wp\/v2\/types\/product"}],"replies":[{"embeddable":true,"href":"https:\/\/shinemusicrental.com\/es\/wp-json\/wp\/v2\/comments?post=2738"}],"wp:featuredmedia":[{"embeddable":true,"href":"https:\/\/shinemusicrental.com\/es\/wp-json\/wp\/v2\/media\/2631"}],"wp:attachment":[{"href":"https:\/\/shinemusicrental.com\/es\/wp-json\/wp\/v2\/media?parent=2738"}],"wp:term":[{"taxonomy":"product_brand","embeddable":true,"href":"https:\/\/shinemusicrental.com\/es\/wp-json\/wp\/v2\/product_brand?post=2738"},{"taxonomy":"product_cat","embeddable":true,"href":"https:\/\/shinemusicrental.com\/es\/wp-json\/wp\/v2\/product_cat?post=2738"},{"taxonomy":"product_tag","embeddable":true,"href":"https:\/\/shinemusicrental.com\/es\/wp-json\/wp\/v2\/product_tag?post=2738"}],"curies":[{"name":"wp","href":"https:\/\/api.w.org\/{rel}","templated":true}]}}