{"id":2729,"date":"2022-11-02T13:43:00","date_gmt":"2022-11-02T11:43:00","guid":{"rendered":"http:\/\/www.shinemusicrental.com\/product\/beamz-maquina-de-humo\/"},"modified":"2024-04-10T14:01:50","modified_gmt":"2024-04-10T12:01:50","slug":"beamz-maquina-de-humo","status":"publish","type":"product","link":"https:\/\/shinemusicrental.com\/es\/product\/beamz-maquina-de-humo\/","title":{"rendered":"BeamZ Maquina de Humo"},"content":{"rendered":"<p>La m\u00e1quina de humo BeamZ es una herramienta en la que se puede confiar para infundir cualquier ocasi\u00f3n con un toque de atm\u00f3sfera. Al generar niebla voluminosa, eleva los efectos visuales de iluminaci\u00f3n y crea un ambiente cautivador. Esta m\u00e1quina de humo, liviana y port\u00e1til, es una excelente opci\u00f3n para las empresas que alquilan instrumentos.<\/p>\n<p>La m\u00e1quina de humo BeamZ puede emitir humo de forma continua durante un m\u00e1ximo de 40 segundos, gracias a su potencia de salida de 900 vatios. Tiene un tiempo de calentamiento notablemente r\u00e1pido de cuatro minutos y se puede operar a trav\u00e9s de un control remoto o manualmente. La m\u00e1quina est\u00e1 equipada con un dep\u00f3sito de l\u00edquido de 1 litro de capacidad, lo que permite largos periodos de uso.<\/p>\n<p>Al alquilar la m\u00e1quina de humo BeamZ, uno puede agregar un activo valioso a cualquier ocasi\u00f3n y convertirla en una experiencia inolvidable. Esta m\u00e1quina tiene el potencial de transformar un entorno ordinario en un reino m\u00e1gico, como la varita de un mago.<\/p>\n","protected":false},"excerpt":{"rendered":"<p><strong>Dep\u00f3sito: \u20ac40<\/strong><\/p>\n<div id=\"gtx-trans\" style=\"position: absolute; left: 32px; top: 38.3333px;\">\n<div class=\"gtx-trans-icon\"><\/div>\n<\/div>\n","protected":false},"featured_media":2603,"comment_status":"open","ping_status":"closed","template":"","meta":{"_acf_changed":false,"content-type":""},"product_brand":[],"product_cat":[331,1175],"product_tag":[560,461,584,463,489,591,557,559,977],"class_list":{"0":"post-2729","1":"product","2":"type-product","3":"status-publish","4":"has-post-thumbnail","6":"product_cat-equipos-pa-y-de-audiodifusion","7":"product_cat-iluminacion-y-escenario","8":"product_tag-alquiler-de-instrumentos-es","9":"product_tag-alquiler-de-instrumentos","10":"product_tag-alquiler-de-instrumentos-es-2","11":"product_tag-alquiler-de-instrumentos-barcelona","12":"product_tag-alquiler-de-instrumentos-barcelona-es","13":"product_tag-alquiler-de-instrumentos-espana-es","14":"product_tag-alquiler-de-instrumentos-espana","15":"product_tag-instrumentos-de-contratacion","16":"product_tag-maquina-de-humo","18":"first","19":"instock","20":"sold-individually","21":"shipping-taxable","22":"purchasable","23":"product-type-booking"},"booking_location":"","booking_location_type":"","booking_duration":1,"booking_duration_unit":"day","booking_buffer":0,"booking_cost":0,"booking_resources":[],"exclude_global_add_ons":false,"addons":[{"name":"Dep\u00f3sito","type":"checkbox","position":0,"required":false,"title_format":"hide","default":"","description_enable":false,"description":"","placeholder_enable":false,"placeholder":"","display":"select","restrictions_type":"any_text","adjust_price":false,"price":"","price_type":"flat_fee","restrictions":false,"min":"0","max":"0","options":[{"label":"Dep\u00f3sito","price":"40","price_type":"flat_fee","image":0,"visibility":true}]}],"acf":{"set_to_be_sold":false,"sale_description":"","sale_price":""},"_links":{"self":[{"href":"https:\/\/shinemusicrental.com\/es\/wp-json\/wp\/v2\/product\/2729","targetHints":{"allow":["GET"]}}],"collection":[{"href":"https:\/\/shinemusicrental.com\/es\/wp-json\/wp\/v2\/product"}],"about":[{"href":"https:\/\/shinemusicrental.com\/es\/wp-json\/wp\/v2\/types\/product"}],"replies":[{"embeddable":true,"href":"https:\/\/shinemusicrental.com\/es\/wp-json\/wp\/v2\/comments?post=2729"}],"wp:featuredmedia":[{"embeddable":true,"href":"https:\/\/shinemusicrental.com\/es\/wp-json\/wp\/v2\/media\/2603"}],"wp:attachment":[{"href":"https:\/\/shinemusicrental.com\/es\/wp-json\/wp\/v2\/media?parent=2729"}],"wp:term":[{"taxonomy":"product_brand","embeddable":true,"href":"https:\/\/shinemusicrental.com\/es\/wp-json\/wp\/v2\/product_brand?post=2729"},{"taxonomy":"product_cat","embeddable":true,"href":"https:\/\/shinemusicrental.com\/es\/wp-json\/wp\/v2\/product_cat?post=2729"},{"taxonomy":"product_tag","embeddable":true,"href":"https:\/\/shinemusicrental.com\/es\/wp-json\/wp\/v2\/product_tag?post=2729"}],"curies":[{"name":"wp","href":"https:\/\/api.w.org\/{rel}","templated":true}]}}