{"id":2713,"date":"2022-11-02T13:10:16","date_gmt":"2022-11-02T11:10:16","guid":{"rendered":"http:\/\/www.shinemusicrental.com\/product\/mason-al-308f-saxofon-alto\/"},"modified":"2023-03-21T11:25:49","modified_gmt":"2023-03-21T10:25:49","slug":"mason-al-308f-saxofon-alto","status":"publish","type":"product","link":"https:\/\/shinemusicrental.com\/es\/product\/mason-al-308f-saxofon-alto\/","title":{"rendered":"Mason AL-308F Saxof\u00f3n Alto"},"content":{"rendered":"<p>El saxof\u00f3n alto Mason AL-308F es una s\u00f3lida opci\u00f3n para los m\u00fasicos que buscan un instrumento confiable para dar vida a su m\u00fasica. Con su cuerpo de lat\u00f3n y acabado lacado, cuenta con un dise\u00f1o elegante y duradero que puede soportar los rigores del uso frecuente. El saxof\u00f3n tambi\u00e9n cuenta con un reposamanos ajustable, botones de tecla y una tecla alta F#, lo que lo hace c\u00f3modo y f\u00e1cil de tocar. Su tono brillante y claro es adecuado para una variedad de g\u00e9neros musicales, desde el jazz hasta la m\u00fasica cl\u00e1sica. El instrumento es perfecto para los servicios de alquiler de instrumentos, ya que es ligero y f\u00e1cil de transportar. El saxof\u00f3n alto Mason AL-308F se puede comparar con un compa\u00f1ero confiable, siempre listo para ayudarte a alcanzar todas las notas correctas cada vez que tocas.<\/p>\n","protected":false},"excerpt":{"rendered":"<p><strong>Dep\u00f3sito: \u20ac200<\/strong><\/p>\n<div id=\"gtx-trans\" style=\"position: absolute; left: 11px; top: -10.6667px;\">\n<div class=\"gtx-trans-icon\"><\/div>\n<\/div>\n","protected":false},"featured_media":0,"comment_status":"open","ping_status":"closed","template":"","meta":{"_acf_changed":false,"content-type":""},"product_brand":[],"product_cat":[353,368],"product_tag":[461,560,584,463,489,591,557,515,559,517,519,523,521,525,732,588,858,860],"class_list":{"0":"post-2713","1":"product","2":"type-product","3":"status-publish","5":"product_cat-instrumentos-de-viento","6":"product_cat-saxofones","7":"product_tag-alquiler-de-instrumentos","8":"product_tag-alquiler-de-instrumentos-es","9":"product_tag-alquiler-de-instrumentos-es-2","10":"product_tag-alquiler-de-instrumentos-barcelona","11":"product_tag-alquiler-de-instrumentos-barcelona-es","12":"product_tag-alquiler-de-instrumentos-espana-es","13":"product_tag-alquiler-de-instrumentos-espana","14":"product_tag-instrumento-de-viento","15":"product_tag-instrumentos-de-contratacion","16":"product_tag-instrumentos-de-viento-es","17":"product_tag-instrumentos-de-viento-barcelona","18":"product_tag-instrumentos-de-viento-de-alquiler","19":"product_tag-instrumentos-de-viento-es-es","20":"product_tag-instrumentos-de-viento-espana","21":"product_tag-saxo-alto-es","22":"product_tag-saxofon-es-2","23":"product_tag-saxofon-alto","24":"product_tag-saxofon-de-alquiler","26":"first","27":"instock","28":"sold-individually","29":"shipping-taxable","30":"purchasable","31":"product-type-booking"},"booking_location":"","booking_location_type":"","booking_duration":1,"booking_duration_unit":"day","booking_buffer":0,"booking_cost":0,"booking_resources":[],"exclude_global_add_ons":false,"addons":[{"name":"Dep\u00f3sito","type":"checkbox","position":0,"required":false,"title_format":"hide","default":"","description_enable":false,"description":"","placeholder_enable":false,"placeholder":"","display":"select","restrictions_type":"any_text","adjust_price":false,"price":"","price_type":"flat_fee","restrictions":false,"min":"0","max":"0","options":[{"label":"Dep\u00f3sito","price":"200","price_type":"flat_fee","image":0,"visibility":true}]},{"name":"INSTRUMENTOS DE VIENTO (todos)","type":"checkbox","position":0,"required":false,"title_format":"label","default":"","description_enable":false,"description":"","placeholder_enable":false,"placeholder":"","display":"select","restrictions_type":"any_text","adjust_price":false,"price":"","price_type":"flat_fee","restrictions":false,"min":"0","max":"0","options":[{"label":"Leng\u00fceta","price":"5.00","price_type":"quantity_based","image":0,"visibility":true},{"label":"Atril","price":"5.00","price_type":"flat_fee","image":0,"visibility":true},{"label":"Atril de Calidad","price":"9.00","price_type":"flat_fee","image":0,"visibility":true}]}],"acf":{"set_to_be_sold":false,"sale_description":"","sale_price":""},"_links":{"self":[{"href":"https:\/\/shinemusicrental.com\/es\/wp-json\/wp\/v2\/product\/2713","targetHints":{"allow":["GET"]}}],"collection":[{"href":"https:\/\/shinemusicrental.com\/es\/wp-json\/wp\/v2\/product"}],"about":[{"href":"https:\/\/shinemusicrental.com\/es\/wp-json\/wp\/v2\/types\/product"}],"replies":[{"embeddable":true,"href":"https:\/\/shinemusicrental.com\/es\/wp-json\/wp\/v2\/comments?post=2713"}],"wp:attachment":[{"href":"https:\/\/shinemusicrental.com\/es\/wp-json\/wp\/v2\/media?parent=2713"}],"wp:term":[{"taxonomy":"product_brand","embeddable":true,"href":"https:\/\/shinemusicrental.com\/es\/wp-json\/wp\/v2\/product_brand?post=2713"},{"taxonomy":"product_cat","embeddable":true,"href":"https:\/\/shinemusicrental.com\/es\/wp-json\/wp\/v2\/product_cat?post=2713"},{"taxonomy":"product_tag","embeddable":true,"href":"https:\/\/shinemusicrental.com\/es\/wp-json\/wp\/v2\/product_tag?post=2713"}],"curies":[{"name":"wp","href":"https:\/\/api.w.org\/{rel}","templated":true}]}}