{"id":2701,"date":"2022-11-02T12:36:26","date_gmt":"2022-11-02T10:36:26","guid":{"rendered":"http:\/\/www.shinemusicrental.com\/product\/ltd-b-10-bajo-electrico\/"},"modified":"2023-03-21T11:44:12","modified_gmt":"2023-03-21T10:44:12","slug":"ltd-b-10-bajo-electrico","status":"publish","type":"product","link":"https:\/\/shinemusicrental.com\/es\/product\/ltd-b-10-bajo-electrico\/","title":{"rendered":"LTD B-10 Bajo El\u00e9ctrico"},"content":{"rendered":"<p>El bajo LTD B-10 es una opci\u00f3n econ\u00f3mica y confiable para bajistas de todos los niveles. Su cuerpo de tilo y su tija de arce generan un timbre completo y contundente, mientras que el diapas\u00f3n de palisandro ofrece una agradable experiencia al tocar. El bajo tambi\u00e9n posee una pastilla de bobina dividida y una gesti\u00f3n de tono inactiva, lo que proporciona una amplia gama de moldeado s\u00f3nico. Su dise\u00f1o ligero y resistente hace que sea f\u00e1cil de transportar a actuaciones o pr\u00e1cticas, lo que lo convierte en una alternativa impecable para los servicios de arrendamiento de herramientas musicales. El bajo LTD B-10 sirve como un fiel colaborador musical, presentando constantemente una base firme e inquebrantable para sus composiciones.<\/p>\n","protected":false},"excerpt":{"rendered":"<p><strong>Dep\u00f3sito: \u20ac100<\/strong><\/p>\n<div id=\"gtx-trans\" style=\"position: absolute; left: 10px; top: 38.3333px;\">\n<div class=\"gtx-trans-icon\"><\/div>\n<\/div>\n","protected":false},"featured_media":2553,"comment_status":"open","ping_status":"closed","template":"","meta":{"_acf_changed":false,"content-type":""},"product_brand":[],"product_cat":[177,187],"product_tag":[461,560,584,463,591,557,527,531,453,455,529,559,632],"class_list":{"0":"post-2701","1":"product","2":"type-product","3":"status-publish","4":"has-post-thumbnail","6":"product_cat-guitarras-y-bajos","7":"product_cat-bajos-electricos","8":"product_tag-alquiler-de-instrumentos","9":"product_tag-alquiler-de-instrumentos-es","10":"product_tag-alquiler-de-instrumentos-es-2","11":"product_tag-alquiler-de-instrumentos-barcelona","12":"product_tag-alquiler-de-instrumentos-espana-es","13":"product_tag-alquiler-de-instrumentos-espana","14":"product_tag-bajos-barcelona","15":"product_tag-bajos-de-alquiler","16":"product_tag-bajos-electricos","17":"product_tag-bajos-electricos-es","18":"product_tag-bajos-espana","19":"product_tag-instrumentos-de-contratacion","20":"product_tag-renting-instruments-barcelona-share-es","22":"first","23":"instock","24":"sold-individually","25":"shipping-taxable","26":"purchasable","27":"product-type-booking"},"booking_location":"","booking_location_type":"","booking_duration":1,"booking_duration_unit":"day","booking_buffer":0,"booking_cost":0,"booking_resources":[],"exclude_global_add_ons":false,"addons":[{"name":"Dep\u00f3sito","type":"checkbox","position":0,"required":false,"title_format":"hide","default":"","description_enable":false,"description":"","placeholder_enable":false,"placeholder":"","display":"select","restrictions_type":"any_text","adjust_price":false,"price":"","price_type":"flat_fee","restrictions":false,"min":"0","max":"0","options":[{"label":"Dep\u00f3sito","price":"100","price_type":"flat_fee","image":0,"visibility":true}]}],"acf":{"set_to_be_sold":false,"sale_description":"","sale_price":""},"_links":{"self":[{"href":"https:\/\/shinemusicrental.com\/es\/wp-json\/wp\/v2\/product\/2701","targetHints":{"allow":["GET"]}}],"collection":[{"href":"https:\/\/shinemusicrental.com\/es\/wp-json\/wp\/v2\/product"}],"about":[{"href":"https:\/\/shinemusicrental.com\/es\/wp-json\/wp\/v2\/types\/product"}],"replies":[{"embeddable":true,"href":"https:\/\/shinemusicrental.com\/es\/wp-json\/wp\/v2\/comments?post=2701"}],"wp:featuredmedia":[{"embeddable":true,"href":"https:\/\/shinemusicrental.com\/es\/wp-json\/wp\/v2\/media\/2553"}],"wp:attachment":[{"href":"https:\/\/shinemusicrental.com\/es\/wp-json\/wp\/v2\/media?parent=2701"}],"wp:term":[{"taxonomy":"product_brand","embeddable":true,"href":"https:\/\/shinemusicrental.com\/es\/wp-json\/wp\/v2\/product_brand?post=2701"},{"taxonomy":"product_cat","embeddable":true,"href":"https:\/\/shinemusicrental.com\/es\/wp-json\/wp\/v2\/product_cat?post=2701"},{"taxonomy":"product_tag","embeddable":true,"href":"https:\/\/shinemusicrental.com\/es\/wp-json\/wp\/v2\/product_tag?post=2701"}],"curies":[{"name":"wp","href":"https:\/\/api.w.org\/{rel}","templated":true}]}}