{"id":2691,"date":"2022-11-02T12:21:35","date_gmt":"2022-11-02T10:21:35","guid":{"rendered":"http:\/\/www.shinemusicrental.com\/product\/mackie-mix8-mesa-de-mezclas\/"},"modified":"2023-03-15T15:55:14","modified_gmt":"2023-03-15T14:55:14","slug":"mackie-mix8-mesa-de-mezclas","status":"publish","type":"product","link":"https:\/\/shinemusicrental.com\/es\/product\/mackie-mix8-mesa-de-mezclas\/","title":{"rendered":"Mackie Mix8 Mesa de Mezclas"},"content":{"rendered":"<p>El mezclador Mackie Mix8 es una alternativa econ\u00f3mica y compacta para las empresas de alquiler de instrumentos que buscan alquilar un mezclador para eventos y actuaciones m\u00e1s peque\u00f1as. Este mezclador cuenta con 2 entradas de micr\u00f3fono\/l\u00ednea, 2 entradas de l\u00ednea est\u00e9reo y un ecualizador de 2 bandas en todos los canales para una f\u00e1cil configuraci\u00f3n del sonido.<\/p>\n<p>El mezclador est\u00e1 dise\u00f1ado para proporcionar una operaci\u00f3n confiable y sin complicaciones, con un resistente chasis met\u00e1lico y componentes de alta calidad. El tama\u00f1o compacto facilita su transporte y configuraci\u00f3n, mientras que el dise\u00f1o intuitivo garantiza que cualquier persona, incluso aquellas con poca experiencia t\u00e9cnica, pueda manejarlo sin problemas.<\/p>\n<p>Usar el mezclador Mackie Mix8 es como tener un fiel compa\u00f1ero para su sistema de sonido. Puede ser peque\u00f1o, pero es confiable y siempre est\u00e1 ah\u00ed cuando lo necesita, ayud\u00e1ndolo a lograr el sonido que desea sin ning\u00fan problema. Ya sea que sea un m\u00fasico buscando un mezclador simple para su pr\u00f3ximo concierto o un planificador de eventos buscando una opci\u00f3n de refuerzo de sonido econ\u00f3mica, el mezclador Mackie Mix8 es una opci\u00f3n s\u00f3lida.<\/p>\n","protected":false},"excerpt":{"rendered":"<p><strong>Dep\u00f3sito: \u20ac50<\/strong><\/p>\n<div id=\"gtx-trans\" style=\"position: absolute; left: 31px; top: 38.3333px;\">\n<div class=\"gtx-trans-icon\"><\/div>\n<\/div>\n","protected":false},"featured_media":2533,"comment_status":"open","ping_status":"closed","template":"","meta":{"_acf_changed":false,"content-type":""},"product_brand":[],"product_cat":[331,343],"product_tag":[461,560,584,463,489,591,557,505,507,511,509,513,503,559,788,791,786],"class_list":{"0":"post-2691","1":"product","2":"type-product","3":"status-publish","4":"has-post-thumbnail","6":"product_cat-equipos-pa-y-de-audiodifusion","7":"product_cat-mesas-mezclas-equipo-dj","8":"product_tag-alquiler-de-instrumentos","9":"product_tag-alquiler-de-instrumentos-es","10":"product_tag-alquiler-de-instrumentos-es-2","11":"product_tag-alquiler-de-instrumentos-barcelona","12":"product_tag-alquiler-de-instrumentos-barcelona-es","13":"product_tag-alquiler-de-instrumentos-espana-es","14":"product_tag-alquiler-de-instrumentos-espana","15":"product_tag-equipo-de-estudio","16":"product_tag-equipo-de-estudio-barcelona","17":"product_tag-equipo-de-estudio-de-alquiler","18":"product_tag-equipo-de-estudio-es","19":"product_tag-equipo-de-estudio-espana","20":"product_tag-estudio","21":"product_tag-instrumentos-de-contratacion","22":"product_tag-mesa-de-mezclas","23":"product_tag-mesa-de-mezclas-de-alquiler","24":"product_tag-mixer-es","26":"first","27":"instock","28":"sold-individually","29":"shipping-taxable","30":"purchasable","31":"product-type-booking"},"booking_location":"","booking_location_type":"","booking_duration":1,"booking_duration_unit":"day","booking_buffer":0,"booking_cost":0,"booking_resources":[],"exclude_global_add_ons":false,"addons":[{"name":"Dep\u00f3sito","type":"checkbox","position":0,"required":false,"title_format":"hide","default":"","description_enable":false,"description":"","placeholder_enable":false,"placeholder":"","display":"select","restrictions_type":"any_text","adjust_price":false,"price":"","price_type":"flat_fee","restrictions":false,"min":"0","max":"0","options":[{"label":"Dep\u00f3sito","price":"50","price_type":"flat_fee","image":0,"visibility":true}]},{"name":"ALTAVOCES PA","type":"checkbox","position":0,"required":false,"title_format":"label","default":"","description_enable":false,"description":"","placeholder_enable":false,"placeholder":"","display":"select","restrictions_type":"any_text","adjust_price":false,"price":"","price_type":"flat_fee","restrictions":false,"min":"0","max":"0","options":[{"label":"Cable de Instrumento Jack 1\/4","price":"5.00","price_type":"quantity_based","image":0,"visibility":true},{"label":"Cable XLR","price":"5.00","price_type":"quantity_based","image":0,"visibility":true},{"label":"Mesa de Mezclas (est\u00e1ndar)","price":"55.00","price_type":"quantity_based","image":0,"visibility":true},{"label":"Soporte","price":"19.00","price_type":"quantity_based","image":0,"visibility":true},{"label":"DI Box","price":"5","price_type":"quantity_based","image":0,"visibility":true}]}],"acf":{"set_to_be_sold":false,"sale_description":"","sale_price":""},"_links":{"self":[{"href":"https:\/\/shinemusicrental.com\/es\/wp-json\/wp\/v2\/product\/2691","targetHints":{"allow":["GET"]}}],"collection":[{"href":"https:\/\/shinemusicrental.com\/es\/wp-json\/wp\/v2\/product"}],"about":[{"href":"https:\/\/shinemusicrental.com\/es\/wp-json\/wp\/v2\/types\/product"}],"replies":[{"embeddable":true,"href":"https:\/\/shinemusicrental.com\/es\/wp-json\/wp\/v2\/comments?post=2691"}],"wp:featuredmedia":[{"embeddable":true,"href":"https:\/\/shinemusicrental.com\/es\/wp-json\/wp\/v2\/media\/2533"}],"wp:attachment":[{"href":"https:\/\/shinemusicrental.com\/es\/wp-json\/wp\/v2\/media?parent=2691"}],"wp:term":[{"taxonomy":"product_brand","embeddable":true,"href":"https:\/\/shinemusicrental.com\/es\/wp-json\/wp\/v2\/product_brand?post=2691"},{"taxonomy":"product_cat","embeddable":true,"href":"https:\/\/shinemusicrental.com\/es\/wp-json\/wp\/v2\/product_cat?post=2691"},{"taxonomy":"product_tag","embeddable":true,"href":"https:\/\/shinemusicrental.com\/es\/wp-json\/wp\/v2\/product_tag?post=2691"}],"curies":[{"name":"wp","href":"https:\/\/api.w.org\/{rel}","templated":true}]}}