{"id":2689,"date":"2022-11-02T12:18:36","date_gmt":"2022-11-02T10:18:36","guid":{"rendered":"http:\/\/www.shinemusicrental.com\/product\/e-kreutzer-school-i-eb-violonchelo\/"},"modified":"2023-03-21T11:39:19","modified_gmt":"2023-03-21T10:39:19","slug":"e-kreutzer-school-i-eb-violonchelo","status":"publish","type":"product","link":"https:\/\/shinemusicrental.com\/es\/product\/e-kreutzer-school-i-eb-violonchelo\/","title":{"rendered":"E. Kreutzer School I EB Violonchelo"},"content":{"rendered":"<p>El E. Kreutzer School I EB Cello es un instrumento musical de alta calidad dise\u00f1ado para estudiantes serios y m\u00fasicos intermedios. Su tapa de abeto macizo y la parte trasera, el cuello y los costados de arce producen un sonido c\u00e1lido y resonante, mientras que el diapas\u00f3n y los clavijeros de \u00e9bano brindan una experiencia de interpretaci\u00f3n c\u00f3moda y precisa. El cello tambi\u00e9n cuenta con un cordal Wittner con cuatro afinadores finos incorporados, lo que facilita lograr una entonaci\u00f3n perfecta. Su bolsa acolchada y dise\u00f1o liviano lo hacen f\u00e1cil de transportar a clases o presentaciones, convirti\u00e9ndolo en una opci\u00f3n perfecta para servicios de alquiler de instrumentos. El E. Kreutzer School I EB Cello es como un compa\u00f1ero confiable, siempre all\u00ed para apoyarte mientras creces como violonchelista y alcanzas nuevas alturas en tu interpretaci\u00f3n.<\/p>\n","protected":false},"excerpt":{"rendered":"<p><strong>Dep\u00f3sito: \u20ac180<\/strong><\/p>\n<div id=\"gtx-trans\" style=\"position: absolute; left: 19px; top: 38.3333px;\">\n<div class=\"gtx-trans-icon\"><\/div>\n<\/div>\n","protected":false},"featured_media":2529,"comment_status":"open","ping_status":"closed","template":"","meta":{"_acf_changed":false,"content-type":""},"product_brand":[],"product_cat":[321,320],"product_tag":[461,560,584,463,489,591,557,712,559,491,493,495,499,497,501,710],"class_list":{"0":"post-2689","1":"product","2":"type-product","3":"status-publish","4":"has-post-thumbnail","6":"product_cat-instrumentos-de-cuerda","7":"product_cat-violonchelos","8":"product_tag-alquiler-de-instrumentos","9":"product_tag-alquiler-de-instrumentos-es","10":"product_tag-alquiler-de-instrumentos-es-2","11":"product_tag-alquiler-de-instrumentos-barcelona","12":"product_tag-alquiler-de-instrumentos-barcelona-es","13":"product_tag-alquiler-de-instrumentos-espana-es","14":"product_tag-alquiler-de-instrumentos-espana","15":"product_tag-chelo-de-alquiler","16":"product_tag-instrumentos-de-contratacion","17":"product_tag-instrumentos-de-cuerda","18":"product_tag-instrumentos-de-cuerda-es","19":"product_tag-instrumentos-de-cuerda-barcelona","20":"product_tag-instrumentos-de-cuerda-de-alquiler","21":"product_tag-instrumentos-de-cuerda-es-es","22":"product_tag-instrumentos-de-cuerda-espana","23":"product_tag-violonchelo","25":"first","26":"instock","27":"sold-individually","28":"shipping-taxable","29":"purchasable","30":"product-type-booking"},"booking_location":"","booking_location_type":"","booking_duration":1,"booking_duration_unit":"day","booking_buffer":0,"booking_cost":0,"booking_resources":[],"exclude_global_add_ons":false,"addons":[{"name":"Dep\u00f3sito","type":"checkbox","position":0,"required":false,"title_format":"hide","default":"","description_enable":false,"description":"","placeholder_enable":false,"placeholder":"","display":"select","restrictions_type":"any_text","adjust_price":false,"price":"","price_type":"flat_fee","restrictions":false,"min":"0","max":"0","options":[{"label":"Dep\u00f3sito","price":"180","price_type":"flat_fee","image":0,"visibility":true}]},{"name":"CHELO","type":"checkbox","position":0,"required":false,"title_format":"label","default":"","description_enable":false,"description":"","placeholder_enable":false,"placeholder":"","display":"select","restrictions_type":"any_text","adjust_price":false,"price":"","price_type":"flat_fee","restrictions":false,"min":"0","max":"0","options":[{"label":"Correa Antideslizante","price":"5.00","price_type":"quantity_based","image":0,"visibility":true},{"label":"Atril","price":"5.00","price_type":"quantity_based","image":0,"visibility":true},{"label":"Atril de Calidad","price":"9.00","price_type":"quantity_based","image":0,"visibility":true},{"label":"Soporte de Chelo","price":"10.00","price_type":"quantity_based","image":0,"visibility":true}]}],"acf":{"set_to_be_sold":false,"sale_description":"","sale_price":""},"_links":{"self":[{"href":"https:\/\/shinemusicrental.com\/es\/wp-json\/wp\/v2\/product\/2689","targetHints":{"allow":["GET"]}}],"collection":[{"href":"https:\/\/shinemusicrental.com\/es\/wp-json\/wp\/v2\/product"}],"about":[{"href":"https:\/\/shinemusicrental.com\/es\/wp-json\/wp\/v2\/types\/product"}],"replies":[{"embeddable":true,"href":"https:\/\/shinemusicrental.com\/es\/wp-json\/wp\/v2\/comments?post=2689"}],"wp:featuredmedia":[{"embeddable":true,"href":"https:\/\/shinemusicrental.com\/es\/wp-json\/wp\/v2\/media\/2529"}],"wp:attachment":[{"href":"https:\/\/shinemusicrental.com\/es\/wp-json\/wp\/v2\/media?parent=2689"}],"wp:term":[{"taxonomy":"product_brand","embeddable":true,"href":"https:\/\/shinemusicrental.com\/es\/wp-json\/wp\/v2\/product_brand?post=2689"},{"taxonomy":"product_cat","embeddable":true,"href":"https:\/\/shinemusicrental.com\/es\/wp-json\/wp\/v2\/product_cat?post=2689"},{"taxonomy":"product_tag","embeddable":true,"href":"https:\/\/shinemusicrental.com\/es\/wp-json\/wp\/v2\/product_tag?post=2689"}],"curies":[{"name":"wp","href":"https:\/\/api.w.org\/{rel}","templated":true}]}}