{"id":26691,"date":"2025-11-20T14:42:47","date_gmt":"2025-11-20T13:42:47","guid":{"rendered":"https:\/\/shinemusicrental.com\/?post_type=product&#038;p=26691"},"modified":"2025-11-20T15:02:40","modified_gmt":"2025-11-20T14:02:40","slug":"komplete-kontrol-a61","status":"publish","type":"product","link":"https:\/\/shinemusicrental.com\/es\/product\/komplete-kontrol-a61\/","title":{"rendered":"Komplete kontrol A61"},"content":{"rendered":"<p dir=\"auto\">El Native Instruments Komplete Kontrol A61 es un controlador MIDI de teclado de 61 teclas inteligente y compacto que ofrece una integraci\u00f3n perfecta con instrumentos virtuales y DAWs. Su keybed semi-pesado de alta calidad proporciona una sensaci\u00f3n de interpretaci\u00f3n expresiva, mientras que el encoder push de 4 direcciones y la pantalla OLED facilitan la navegaci\u00f3n r\u00e1pida y sin esfuerzo por miles de presets. Con ocho knobs sensibles al tacto, ruedas de pitch y modulaci\u00f3n, adem\u00e1s de las funciones Smart Play para escalas, acordes y arpegios, potencia la creatividad tanto al componer como al actuar en vivo. Los controles pre-mapeados para todos los instrumentos Komplete, cientos de plugins NKS y una integraci\u00f3n profunda con el transporte de DAW garantizan un flujo de trabajo optimizado desde el primer momento. Este vers\u00e1til controlador est\u00e1 disponible para alquilar a un precio asequible, ideal para productores que quieran ampliar su setup sin compromiso.<\/p>\n","protected":false},"excerpt":{"rendered":"<p>El Native Instruments Komplete Kontrol A61 es un controlador MIDI de teclado de 61 teclas inteligente y compacto que ofrece una integraci\u00f3n perfecta con instrumentos virtuales y DAWs. Su keybed semi-pesado de alta calidad proporciona una sensaci\u00f3n de interpretaci\u00f3n expresiva, mientras que el encoder push de 4 direcciones y la pantalla OLED facilitan la navegaci\u00f3n r\u00e1pida y sin esfuerzo por miles de presets.<\/p>\n","protected":false},"featured_media":26697,"comment_status":"open","ping_status":"closed","template":"","meta":{"_acf_changed":false,"content-type":""},"product_brand":[],"product_cat":[116,376],"product_tag":[461,560,584,463,489,591,557,559,477,480,487,481,483,485,921,922],"class_list":{"0":"post-26691","1":"product","2":"type-product","3":"status-publish","4":"has-post-thumbnail","6":"product_cat-instrumentos-de-teclado","7":"product_cat-teclados-es","8":"product_tag-alquiler-de-instrumentos","9":"product_tag-alquiler-de-instrumentos-es","10":"product_tag-alquiler-de-instrumentos-es-2","11":"product_tag-alquiler-de-instrumentos-barcelona","12":"product_tag-alquiler-de-instrumentos-barcelona-es","13":"product_tag-alquiler-de-instrumentos-espana-es","14":"product_tag-alquiler-de-instrumentos-espana","15":"product_tag-instrumentos-de-contratacion","16":"product_tag-piano-es-2","17":"product_tag-piano-es-es","18":"product_tag-piano-espana","19":"product_tag-pianos-es","20":"product_tag-pianos-barcelona-es","21":"product_tag-pianos-de-alquiler","22":"product_tag-teclado","23":"product_tag-teclado-de-alquiler","25":"first","26":"instock","27":"featured","28":"sold-individually","29":"shipping-taxable","30":"purchasable","31":"product-type-booking"},"booking_location":"","booking_location_type":"","booking_duration":1,"booking_duration_unit":"day","booking_buffer":0,"booking_cost":55,"booking_resources":[],"exclude_global_add_ons":false,"addons":[{"name":"Deposit","type":"checkbox","position":0,"required":true,"title_format":"hide","default":"","description_enable":false,"description":"","placeholder_enable":false,"placeholder":"","display":"select","restrictions_type":"any_text","adjust_price":false,"price":"","price_type":"flat_fee","restrictions":false,"min":"0","max":"0","options":[{"label":"Deposit","price":"450","price_type":"flat_fee","image":0,"visibility":true}]},{"name":"PIANO EL\u00c9CTRICO","type":"checkbox","position":0,"required":true,"title_format":"label","default":"","description_enable":false,"description":"","placeholder_enable":false,"placeholder":"","display":"select","restrictions_type":"any_text","adjust_price":false,"price":"","price_type":"flat_fee","restrictions":false,"min":"0","max":"0","options":[{"label":"Pedal de Sustain de Calidad","price":"10.00","price_type":"quantity_based","image":0,"visibility":true},{"label":"Soporte","price":"10.00","price_type":"quantity_based","image":0,"visibility":true},{"label":"Taburete de Piano de Calidad","price":"25.00","price_type":"quantity_based","image":0,"visibility":true},{"label":"Taburete de Piano","price":"10.00","price_type":"quantity_based","image":0,"visibility":true}]}],"acf":{"set_to_be_sold":false,"sale_description":"","sale_price":""},"_links":{"self":[{"href":"https:\/\/shinemusicrental.com\/es\/wp-json\/wp\/v2\/product\/26691","targetHints":{"allow":["GET"]}}],"collection":[{"href":"https:\/\/shinemusicrental.com\/es\/wp-json\/wp\/v2\/product"}],"about":[{"href":"https:\/\/shinemusicrental.com\/es\/wp-json\/wp\/v2\/types\/product"}],"replies":[{"embeddable":true,"href":"https:\/\/shinemusicrental.com\/es\/wp-json\/wp\/v2\/comments?post=26691"}],"wp:featuredmedia":[{"embeddable":true,"href":"https:\/\/shinemusicrental.com\/es\/wp-json\/wp\/v2\/media\/26697"}],"wp:attachment":[{"href":"https:\/\/shinemusicrental.com\/es\/wp-json\/wp\/v2\/media?parent=26691"}],"wp:term":[{"taxonomy":"product_brand","embeddable":true,"href":"https:\/\/shinemusicrental.com\/es\/wp-json\/wp\/v2\/product_brand?post=26691"},{"taxonomy":"product_cat","embeddable":true,"href":"https:\/\/shinemusicrental.com\/es\/wp-json\/wp\/v2\/product_cat?post=26691"},{"taxonomy":"product_tag","embeddable":true,"href":"https:\/\/shinemusicrental.com\/es\/wp-json\/wp\/v2\/product_tag?post=26691"}],"curies":[{"name":"wp","href":"https:\/\/api.w.org\/{rel}","templated":true}]}}