{"id":26678,"date":"2025-11-18T19:45:14","date_gmt":"2025-11-18T18:45:14","guid":{"rendered":"https:\/\/shinemusicrental.com\/?post_type=product&#038;p=26678"},"modified":"2025-11-18T19:55:55","modified_gmt":"2025-11-18T18:55:55","slug":"universal-audio-volt-2","status":"publish","type":"product","link":"https:\/\/shinemusicrental.com\/es\/product\/universal-audio-volt-2\/","title":{"rendered":"Universal Audio Volt 2"},"content":{"rendered":"<p dir=\"auto\">El Universal Audio Volt 2 es una interfaz de audio USB 2-in\/2-out compacta y alimentada por bus que ofrece calidad de grabaci\u00f3n profesional en un formato port\u00e1til. Incorpora dos preamplificadores de micr\u00f3fono\/l\u00ednea de alta calidad con modo Vintage conmutable, que emula el c\u00e1lido y rico tono del legendario preamplificador de tubo UA 610 para aportar car\u00e1cter adicional a voces e instrumentos. Gracias a sus convertidores l\u00edderes en su clase de 24 bits\/192 kHz, conectividad MIDI I\/O y monitorizaci\u00f3n directa sin latencia, esta interfaz proporciona una claridad y versatilidad excepcionales para estudios caseros, configuraciones m\u00f3viles o podcasting. Su construcci\u00f3n robusta garantiza fiabilidad en cualquier situaci\u00f3n, mientras que la compatibilidad con Mac, PC, iPad e iPhone facilita su integraci\u00f3n en cualquier flujo de trabajo. Alquilar el Volt 2 representa una forma asequible de acceder al sonido premium de Universal Audio sin una gran inversi\u00f3n inicial.<\/p>\n","protected":false},"excerpt":{"rendered":"<p>El Universal Audio Volt 2 es una interfaz de audio USB 2-in\/2-out compacta y alimentada por bus que ofrece calidad de grabaci\u00f3n profesional en un formato port\u00e1til. Incorpora dos preamplificadores de micr\u00f3fono\/l\u00ednea de alta calidad con modo Vintage conmutable, que emula el c\u00e1lido y rico tono del legendario preamplificador de tubo UA 610 para aportar car\u00e1cter adicional a voces e instrumentos.<\/p>\n","protected":false},"featured_media":26681,"comment_status":"open","ping_status":"closed","template":"","meta":{"_acf_changed":false,"content-type":""},"product_brand":[],"product_cat":[331,333],"product_tag":[461,560,584,463,489,591,557,505,507,511,509,513,503,559,821,822],"class_list":{"0":"post-26678","1":"product","2":"type-product","3":"status-publish","4":"has-post-thumbnail","6":"product_cat-equipos-pa-y-de-audiodifusion","7":"product_cat-interfaces-de-audio-y-controladores","8":"product_tag-alquiler-de-instrumentos","9":"product_tag-alquiler-de-instrumentos-es","10":"product_tag-alquiler-de-instrumentos-es-2","11":"product_tag-alquiler-de-instrumentos-barcelona","12":"product_tag-alquiler-de-instrumentos-barcelona-es","13":"product_tag-alquiler-de-instrumentos-espana-es","14":"product_tag-alquiler-de-instrumentos-espana","15":"product_tag-equipo-de-estudio","16":"product_tag-equipo-de-estudio-barcelona","17":"product_tag-equipo-de-estudio-de-alquiler","18":"product_tag-equipo-de-estudio-es","19":"product_tag-equipo-de-estudio-espana","20":"product_tag-estudio","21":"product_tag-instrumentos-de-contratacion","22":"product_tag-interfaz-de-audio","23":"product_tag-interfaz-de-audio-de-alquiler","25":"first","26":"instock","27":"featured","28":"sold-individually","29":"shipping-taxable","30":"purchasable","31":"product-type-booking"},"booking_location":"","booking_location_type":"","booking_duration":1,"booking_duration_unit":"day","booking_buffer":0,"booking_cost":45,"booking_resources":[],"exclude_global_add_ons":false,"addons":[{"name":"Deposit","type":"checkbox","position":0,"required":true,"title_format":"hide","default":"","description_enable":false,"description":"","placeholder_enable":false,"placeholder":"","display":"select","restrictions_type":"any_text","adjust_price":false,"price":"","price_type":"flat_fee","restrictions":false,"min":"0","max":"0","options":[{"label":"Deposit","price":"450","price_type":"flat_fee","image":0,"visibility":true}]}],"acf":{"set_to_be_sold":false,"sale_description":"","sale_price":""},"_links":{"self":[{"href":"https:\/\/shinemusicrental.com\/es\/wp-json\/wp\/v2\/product\/26678","targetHints":{"allow":["GET"]}}],"collection":[{"href":"https:\/\/shinemusicrental.com\/es\/wp-json\/wp\/v2\/product"}],"about":[{"href":"https:\/\/shinemusicrental.com\/es\/wp-json\/wp\/v2\/types\/product"}],"replies":[{"embeddable":true,"href":"https:\/\/shinemusicrental.com\/es\/wp-json\/wp\/v2\/comments?post=26678"}],"wp:featuredmedia":[{"embeddable":true,"href":"https:\/\/shinemusicrental.com\/es\/wp-json\/wp\/v2\/media\/26681"}],"wp:attachment":[{"href":"https:\/\/shinemusicrental.com\/es\/wp-json\/wp\/v2\/media?parent=26678"}],"wp:term":[{"taxonomy":"product_brand","embeddable":true,"href":"https:\/\/shinemusicrental.com\/es\/wp-json\/wp\/v2\/product_brand?post=26678"},{"taxonomy":"product_cat","embeddable":true,"href":"https:\/\/shinemusicrental.com\/es\/wp-json\/wp\/v2\/product_cat?post=26678"},{"taxonomy":"product_tag","embeddable":true,"href":"https:\/\/shinemusicrental.com\/es\/wp-json\/wp\/v2\/product_tag?post=26678"}],"curies":[{"name":"wp","href":"https:\/\/api.w.org\/{rel}","templated":true}]}}