{"id":26532,"date":"2025-11-06T19:16:22","date_gmt":"2025-11-06T18:16:22","guid":{"rendered":"https:\/\/shinemusicrental.com\/?post_type=product&#038;p=26532"},"modified":"2025-11-07T16:42:00","modified_gmt":"2025-11-07T15:42:00","slug":"cameo-phantom-f3","status":"publish","type":"product","link":"https:\/\/shinemusicrental.com\/es\/product\/cameo-phantom-f3\/","title":{"rendered":"Cameo Phantom F3"},"content":{"rendered":"<p>La Cameo Phantom F3 M\u00e1quina de Niebla es un generador de humo profesional dise\u00f1ado para escenarios, estudios y eventos en vivo. Cuenta con un elemento calefactor de alta potencia que permite una producci\u00f3n constante de niebla densa en cortos per\u00edodos de activaci\u00f3n. La unidad incluye control DMX de 3 o 5 canales, ofreciendo regulaci\u00f3n precisa de salida, temperatura y tiempo de activaci\u00f3n. Su dep\u00f3sito de fluido tiene capacidad suficiente para sesiones prolongadas, mientras que un sistema de bombeo integrado garantiza flujo uniforme. La carcasa met\u00e1lica resistente facilita la disipaci\u00f3n de calor y asegura estabilidad estructural. Conectores est\u00e1ndar IEC permiten alimentaci\u00f3n confiable.<\/p>\n","protected":false},"excerpt":{"rendered":"<p>La Cameo Phantom F3 M\u00e1quina de Niebla es un generador de humo profesional dise\u00f1ado para escenarios, estudios y eventos en vivo. Cuenta con un elemento calefactor de alta potencia que permite una producci\u00f3n constante de niebla densa en cortos per\u00edodos de activaci\u00f3n.<\/p>\n","protected":false},"featured_media":26542,"comment_status":"open","ping_status":"closed","template":"","meta":{"_acf_changed":false,"content-type":""},"product_brand":[],"product_cat":[331,1175],"product_tag":[560,461,584,463,489,591,557,559,977],"class_list":{"0":"post-26532","1":"product","2":"type-product","3":"status-publish","4":"has-post-thumbnail","6":"product_cat-equipos-pa-y-de-audiodifusion","7":"product_cat-iluminacion-y-escenario","8":"product_tag-alquiler-de-instrumentos-es","9":"product_tag-alquiler-de-instrumentos","10":"product_tag-alquiler-de-instrumentos-es-2","11":"product_tag-alquiler-de-instrumentos-barcelona","12":"product_tag-alquiler-de-instrumentos-barcelona-es","13":"product_tag-alquiler-de-instrumentos-espana-es","14":"product_tag-alquiler-de-instrumentos-espana","15":"product_tag-instrumentos-de-contratacion","16":"product_tag-maquina-de-humo","18":"first","19":"instock","20":"sold-individually","21":"shipping-taxable","22":"purchasable","23":"product-type-booking"},"booking_location":"","booking_location_type":"","booking_duration":1,"booking_duration_unit":"day","booking_buffer":0,"booking_cost":0,"booking_resources":[],"exclude_global_add_ons":false,"addons":[{"name":"Deposit","type":"checkbox","position":0,"required":true,"title_format":"hide","default":"","description_enable":false,"description":"","placeholder_enable":false,"placeholder":"","display":"select","restrictions_type":"any_text","adjust_price":false,"price":"","price_type":"flat_fee","restrictions":false,"min":"0","max":"0","options":[{"label":"Deposit","price":"450","price_type":"flat_fee","image":0,"visibility":true}]}],"acf":{"set_to_be_sold":false,"sale_description":"","sale_price":""},"_links":{"self":[{"href":"https:\/\/shinemusicrental.com\/es\/wp-json\/wp\/v2\/product\/26532","targetHints":{"allow":["GET"]}}],"collection":[{"href":"https:\/\/shinemusicrental.com\/es\/wp-json\/wp\/v2\/product"}],"about":[{"href":"https:\/\/shinemusicrental.com\/es\/wp-json\/wp\/v2\/types\/product"}],"replies":[{"embeddable":true,"href":"https:\/\/shinemusicrental.com\/es\/wp-json\/wp\/v2\/comments?post=26532"}],"wp:featuredmedia":[{"embeddable":true,"href":"https:\/\/shinemusicrental.com\/es\/wp-json\/wp\/v2\/media\/26542"}],"wp:attachment":[{"href":"https:\/\/shinemusicrental.com\/es\/wp-json\/wp\/v2\/media?parent=26532"}],"wp:term":[{"taxonomy":"product_brand","embeddable":true,"href":"https:\/\/shinemusicrental.com\/es\/wp-json\/wp\/v2\/product_brand?post=26532"},{"taxonomy":"product_cat","embeddable":true,"href":"https:\/\/shinemusicrental.com\/es\/wp-json\/wp\/v2\/product_cat?post=26532"},{"taxonomy":"product_tag","embeddable":true,"href":"https:\/\/shinemusicrental.com\/es\/wp-json\/wp\/v2\/product_tag?post=26532"}],"curies":[{"name":"wp","href":"https:\/\/api.w.org\/{rel}","templated":true}]}}