{"id":26513,"date":"2025-11-06T16:59:47","date_gmt":"2025-11-06T15:59:47","guid":{"rendered":"https:\/\/shinemusicrental.com\/?post_type=product&#038;p=26513"},"modified":"2025-11-06T17:29:09","modified_gmt":"2025-11-06T16:29:09","slug":"palmer-ilm-caja-di-pasiva-simuladora-de-altavoz","status":"publish","type":"product","link":"https:\/\/shinemusicrental.com\/es\/product\/palmer-ilm-caja-di-pasiva-simuladora-de-altavoz\/","title":{"rendered":"Palmer ILM Caja DI pasiva simuladora de altavoz"},"content":{"rendered":"<p>El Palmer ILM Guitar DI es una caja de inyecci\u00f3n directa compacta dise\u00f1ada para la transmisi\u00f3n precisa de la se\u00f1al de guitarras el\u00e9ctricas y ac\u00fasticas hacia consolas de mezcla. Cuenta con un chasis met\u00e1lico resistente y un transformador de alta calidad, garantizando salida balanceada con bajo ruido a lo largo de un amplio rango de frecuencias. La impedancia de entrada est\u00e1 optimizada para pastillas pasivas y activas, preservando claridad tonal y din\u00e1mica. Incluye un interruptor de aislamiento de tierra para eliminar zumbidos y un control de atenuaci\u00f3n de nivel para ajustar la se\u00f1al seg\u00fan distintos entornos de escenario o estudio. Sus conexiones de 1\/4&#8243; y XLR permiten opciones de enrutamiento vers\u00e1tiles. Instrument Rental puede ofrecer el Palmer ILM DI para ensayos o presentaciones, asegurando audio profesional consistente.<\/p>\n","protected":false},"excerpt":{"rendered":"<p>El Palmer ILM Guitar DI es una caja de inyecci\u00f3n directa compacta dise\u00f1ada para la transmisi\u00f3n precisa de la se\u00f1al de guitarras el\u00e9ctricas y ac\u00fasticas hacia consolas de mezcla. Cuenta con un chasis met\u00e1lico resistente y un transformador de alta calidad, garantizando salida balanceada con bajo ruido a lo largo de un amplio rango de frecuencias.<\/p>\n","protected":false},"featured_media":26516,"comment_status":"open","ping_status":"closed","template":"","meta":{"_acf_changed":false,"content-type":""},"product_brand":[],"product_cat":[177,201,205,331,335,348],"product_tag":[560,584,461,489,463,591,557,781,527,531,453,455,529,903,505,507,511,509,513,503,567,569,571,563,459,565,559,905],"class_list":{"0":"post-26513","1":"product","2":"type-product","3":"status-publish","4":"has-post-thumbnail","6":"product_cat-guitarras-y-bajos","7":"product_cat-amplificadores-de-guitarra-electrica","8":"product_cat-procesador-y-pedales-de-efectos-para-guitarra","9":"product_cat-equipos-pa-y-de-audiodifusion","10":"product_cat-cables-y-adaptadores","11":"product_cat-soportes-y-accesorios","12":"product_tag-alquiler-de-instrumentos-es","13":"product_tag-alquiler-de-instrumentos-es-2","14":"product_tag-alquiler-de-instrumentos","15":"product_tag-alquiler-de-instrumentos-barcelona-es","16":"product_tag-alquiler-de-instrumentos-barcelona","17":"product_tag-alquiler-de-instrumentos-espana-es","18":"product_tag-alquiler-de-instrumentos-espana","19":"product_tag-auriculares","20":"product_tag-bajos-barcelona","21":"product_tag-bajos-de-alquiler","22":"product_tag-bajos-electricos","23":"product_tag-bajos-electricos-es","24":"product_tag-bajos-espana","25":"product_tag-delay-es","26":"product_tag-equipo-de-estudio","27":"product_tag-equipo-de-estudio-barcelona","28":"product_tag-equipo-de-estudio-de-alquiler","29":"product_tag-equipo-de-estudio-es","30":"product_tag-equipo-de-estudio-espana","31":"product_tag-estudio","32":"product_tag-guitarra","33":"product_tag-guitarra-barcelona","34":"product_tag-guitarra-de-alquiler","35":"product_tag-guitarra-espana","36":"product_tag-guitarras","37":"product_tag-guitarras-es","38":"product_tag-instrumentos-de-contratacion","39":"product_tag-pedal-de-efectos","41":"first","42":"instock","43":"featured","44":"sold-individually","45":"shipping-taxable","46":"purchasable","47":"product-type-booking"},"booking_location":"","booking_location_type":"","booking_duration":1,"booking_duration_unit":"day","booking_buffer":0,"booking_cost":0,"booking_resources":[],"exclude_global_add_ons":false,"addons":[{"name":"Deposit","type":"checkbox","position":0,"required":true,"title_format":"hide","default":"","description_enable":false,"description":"","placeholder_enable":false,"placeholder":"","display":"select","restrictions_type":"any_text","adjust_price":false,"price":"","price_type":"flat_fee","restrictions":false,"min":"0","max":"0","options":[{"label":"Deposit","price":"450","price_type":"flat_fee","image":0,"visibility":true}]},{"name":"AMPLIFICADORES (todos)","type":"checkbox","position":0,"required":false,"title_format":"label","default":"","description_enable":false,"description":"","placeholder_enable":false,"placeholder":"","display":"select","restrictions_type":"any_text","adjust_price":false,"price":"","price_type":"flat_fee","restrictions":false,"min":"0","max":"0","options":[{"label":"Cable de Instrumento Jack 1\/4","price":"5.00","price_type":"quantity_based","image":0,"visibility":true},{"label":"DI Box","price":"5.00","price_type":"quantity_based","image":0,"visibility":true}]}],"acf":{"set_to_be_sold":false,"sale_description":"","sale_price":""},"_links":{"self":[{"href":"https:\/\/shinemusicrental.com\/es\/wp-json\/wp\/v2\/product\/26513","targetHints":{"allow":["GET"]}}],"collection":[{"href":"https:\/\/shinemusicrental.com\/es\/wp-json\/wp\/v2\/product"}],"about":[{"href":"https:\/\/shinemusicrental.com\/es\/wp-json\/wp\/v2\/types\/product"}],"replies":[{"embeddable":true,"href":"https:\/\/shinemusicrental.com\/es\/wp-json\/wp\/v2\/comments?post=26513"}],"wp:featuredmedia":[{"embeddable":true,"href":"https:\/\/shinemusicrental.com\/es\/wp-json\/wp\/v2\/media\/26516"}],"wp:attachment":[{"href":"https:\/\/shinemusicrental.com\/es\/wp-json\/wp\/v2\/media?parent=26513"}],"wp:term":[{"taxonomy":"product_brand","embeddable":true,"href":"https:\/\/shinemusicrental.com\/es\/wp-json\/wp\/v2\/product_brand?post=26513"},{"taxonomy":"product_cat","embeddable":true,"href":"https:\/\/shinemusicrental.com\/es\/wp-json\/wp\/v2\/product_cat?post=26513"},{"taxonomy":"product_tag","embeddable":true,"href":"https:\/\/shinemusicrental.com\/es\/wp-json\/wp\/v2\/product_tag?post=26513"}],"curies":[{"name":"wp","href":"https:\/\/api.w.org\/{rel}","templated":true}]}}