{"id":23023,"date":"2025-07-22T17:28:01","date_gmt":"2025-07-22T15:28:02","guid":{"rendered":"https:\/\/shinemusicrental.com\/?post_type=product&#038;p=23023"},"modified":"2025-07-22T17:35:39","modified_gmt":"2025-07-22T15:35:39","slug":"rode-m5-microfono-de-condensador","status":"publish","type":"product","link":"https:\/\/shinemusicrental.com\/es\/product\/rode-m5-microfono-de-condensador\/","title":{"rendered":"Rode M5 Micr\u00f3fono de Condensador"},"content":{"rendered":"<p>El Rode M5 es un micr\u00f3fono de condensador cardioide compacto de \u00bd pulgada, ideal para sonorizaci\u00f3n en estudio y en vivo. Ofrece un rango de frecuencia de 20 Hz a 20 kHz y un bajo ruido propio de 19 dBA, lo que lo hace ideal para grabaciones detalladas de instrumentos ac\u00fasticos, coros o micr\u00f3fonos a\u00e9reos. Cada par de micr\u00f3fonos se selecciona de f\u00e1brica para garantizar niveles de sensibilidad constantes, lo cual es beneficioso para grabaciones est\u00e9reo. Su revestimiento cer\u00e1mico negro mate reduce los reflejos en la iluminaci\u00f3n del estudio y es resistente a las marcas de manipulaci\u00f3n. El M5 funciona con alimentaci\u00f3n phantom de 24 V o 48 V e incluye protectores antiviento WS5 y soportes RM5. Este modelo se puede alquilar para proyectos temporales. Tambi\u00e9n se puede alquilar un micr\u00f3fono como el M5 cuando la consistencia y la claridad son prioritarias.<\/p>\n","protected":false},"excerpt":{"rendered":"<p>El Rode M5 es un micr\u00f3fono de condensador cardioide compacto de \u00bd pulgada, ideal para sonorizaci\u00f3n en estudio y en [&hellip;]<\/p>\n","protected":false},"featured_media":23026,"comment_status":"open","ping_status":"closed","template":"","meta":{"_acf_changed":false,"content-type":""},"product_brand":[],"product_cat":[331,341],"product_tag":[461,560,584,463,489,591,557,505,507,511,509,513,503,559,772,776,774,773],"class_list":{"0":"post-23023","1":"product","2":"type-product","3":"status-publish","4":"has-post-thumbnail","6":"product_cat-equipos-pa-y-de-audiodifusion","7":"product_cat-microfonos","8":"product_tag-alquiler-de-instrumentos","9":"product_tag-alquiler-de-instrumentos-es","10":"product_tag-alquiler-de-instrumentos-es-2","11":"product_tag-alquiler-de-instrumentos-barcelona","12":"product_tag-alquiler-de-instrumentos-barcelona-es","13":"product_tag-alquiler-de-instrumentos-espana-es","14":"product_tag-alquiler-de-instrumentos-espana","15":"product_tag-equipo-de-estudio","16":"product_tag-equipo-de-estudio-barcelona","17":"product_tag-equipo-de-estudio-de-alquiler","18":"product_tag-equipo-de-estudio-es","19":"product_tag-equipo-de-estudio-espana","20":"product_tag-estudio","21":"product_tag-instrumentos-de-contratacion","22":"product_tag-micro","23":"product_tag-microfono","24":"product_tag-microfono-de-alquiler","25":"product_tag-shure-sm58-es","27":"first","28":"instock","29":"featured","30":"sold-individually","31":"shipping-taxable","32":"purchasable","33":"product-type-booking"},"booking_location":"","booking_location_type":"","booking_duration":1,"booking_duration_unit":"day","booking_buffer":0,"booking_cost":0,"booking_resources":[],"exclude_global_add_ons":false,"addons":[{"name":"Deposit","type":"checkbox","position":0,"required":true,"title_format":"hide","default":"","description_enable":false,"description":"","placeholder_enable":false,"placeholder":"","display":"select","restrictions_type":"any_text","adjust_price":false,"price":"","price_type":"flat_fee","restrictions":false,"min":"0","max":"0","options":[{"label":"Deposit","price":"450","price_type":"flat_fee","image":0,"visibility":true}]}],"acf":{"set_to_be_sold":false,"sale_description":"","sale_price":""},"_links":{"self":[{"href":"https:\/\/shinemusicrental.com\/es\/wp-json\/wp\/v2\/product\/23023","targetHints":{"allow":["GET"]}}],"collection":[{"href":"https:\/\/shinemusicrental.com\/es\/wp-json\/wp\/v2\/product"}],"about":[{"href":"https:\/\/shinemusicrental.com\/es\/wp-json\/wp\/v2\/types\/product"}],"replies":[{"embeddable":true,"href":"https:\/\/shinemusicrental.com\/es\/wp-json\/wp\/v2\/comments?post=23023"}],"wp:featuredmedia":[{"embeddable":true,"href":"https:\/\/shinemusicrental.com\/es\/wp-json\/wp\/v2\/media\/23026"}],"wp:attachment":[{"href":"https:\/\/shinemusicrental.com\/es\/wp-json\/wp\/v2\/media?parent=23023"}],"wp:term":[{"taxonomy":"product_brand","embeddable":true,"href":"https:\/\/shinemusicrental.com\/es\/wp-json\/wp\/v2\/product_brand?post=23023"},{"taxonomy":"product_cat","embeddable":true,"href":"https:\/\/shinemusicrental.com\/es\/wp-json\/wp\/v2\/product_cat?post=23023"},{"taxonomy":"product_tag","embeddable":true,"href":"https:\/\/shinemusicrental.com\/es\/wp-json\/wp\/v2\/product_tag?post=23023"}],"curies":[{"name":"wp","href":"https:\/\/api.w.org\/{rel}","templated":true}]}}