{"id":2261,"date":"2022-10-31T12:29:58","date_gmt":"2022-10-31T10:29:58","guid":{"rendered":"http:\/\/www.shinemusicrental.com\/product\/casio-px-s1000-piano-digital\/"},"modified":"2023-03-16T15:59:23","modified_gmt":"2023-03-16T14:59:23","slug":"casio-px-s1000-piano-digital","status":"publish","type":"product","link":"https:\/\/shinemusicrental.com\/es\/product\/casio-px-s1000-piano-digital\/","title":{"rendered":"Casio PX-S1000 Piano Digital"},"content":{"rendered":"<p>El piano digital Casio PX-S1000 es un modelo elegante y delgado que ofrece una calidad de sonido y un rendimiento impresionantes. El teclado cuenta con 88 teclas completamente ponderadas con texturas simuladas de \u00e9bano e marfil, lo que le brinda una sensaci\u00f3n c\u00f3moda y realista. Tiene una polifon\u00eda m\u00e1xima de 192 notas, lo que permite tocar incluso las piezas m\u00e1s complejas con facilidad. El PX-S1000 incluye 18 tonos integrados, incluyendo el piano de cola, el piano el\u00e9ctrico y el \u00f3rgano, todos con efectos personalizables. Tambi\u00e9n cuenta con conectividad Bluetooth, lo que facilita la conexi\u00f3n a varios dispositivos. El piano tiene una caracter\u00edstica \u00fanica de respuesta del martillo, que ajusta la sensibilidad de la tecla seg\u00fan la fuerza del toque del jugador. Para aquellos que desean probarlo, el alquiler de instrumentos podr\u00eda ser una gran opci\u00f3n.<\/p>\n","protected":false},"excerpt":{"rendered":"<p><strong>Dep\u00f2sito: \u20ac210<\/strong><\/p>\n<div id=\"gtx-trans\" style=\"position: absolute; left: 40px; top: -10.6667px;\">\n<div class=\"gtx-trans-icon\"><\/div>\n<\/div>\n","protected":false},"featured_media":2258,"comment_status":"open","ping_status":"closed","template":"","meta":{"_acf_changed":false,"content-type":""},"product_brand":[],"product_cat":[116,117],"product_tag":[661,461,560,584,463,489,591,557,559,477,659,480,487,481,483,485],"class_list":{"0":"post-2261","1":"product","2":"type-product","3":"status-publish","4":"has-post-thumbnail","6":"product_cat-instrumentos-de-teclado","7":"product_cat-pianos-digitales","8":"product_tag-alquilar-piano-digital","9":"product_tag-alquiler-de-instrumentos","10":"product_tag-alquiler-de-instrumentos-es","11":"product_tag-alquiler-de-instrumentos-es-2","12":"product_tag-alquiler-de-instrumentos-barcelona","13":"product_tag-alquiler-de-instrumentos-barcelona-es","14":"product_tag-alquiler-de-instrumentos-espana-es","15":"product_tag-alquiler-de-instrumentos-espana","16":"product_tag-instrumentos-de-contratacion","17":"product_tag-piano-es-2","18":"product_tag-piano-digital","19":"product_tag-piano-es-es","20":"product_tag-piano-espana","21":"product_tag-pianos-es","22":"product_tag-pianos-barcelona-es","23":"product_tag-pianos-de-alquiler","25":"first","26":"instock","27":"sold-individually","28":"shipping-taxable","29":"purchasable","30":"product-type-booking"},"booking_location":"","booking_location_type":"","booking_duration":1,"booking_duration_unit":"day","booking_buffer":0,"booking_cost":0,"booking_resources":[],"exclude_global_add_ons":false,"addons":[{"name":"Dep\u00f2sito","type":"checkbox","position":0,"required":false,"title_format":"hide","default":"","description_enable":false,"description":"","placeholder_enable":false,"placeholder":"","display":"select","restrictions_type":"any_text","adjust_price":false,"price":"","price_type":"flat_fee","restrictions":false,"min":"0","max":"0","options":[{"label":"Dep\u00f2sito","price":"210","price_type":"flat_fee","image":0,"visibility":true}]},{"name":"PIANO EL\u00c9CTRICO","type":"checkbox","position":0,"required":true,"title_format":"label","default":"","description_enable":false,"description":"","placeholder_enable":false,"placeholder":"","display":"select","restrictions_type":"any_text","adjust_price":false,"price":"","price_type":"flat_fee","restrictions":false,"min":"0","max":"0","options":[{"label":"Pedal de Sustain de Calidad","price":"10.00","price_type":"quantity_based","image":0,"visibility":true},{"label":"Soporte","price":"10.00","price_type":"quantity_based","image":0,"visibility":true},{"label":"Taburete de Piano de Calidad","price":"25.00","price_type":"quantity_based","image":0,"visibility":true},{"label":"Taburete de Piano","price":"10.00","price_type":"quantity_based","image":0,"visibility":true}]}],"acf":{"set_to_be_sold":false,"sale_description":"","sale_price":""},"_links":{"self":[{"href":"https:\/\/shinemusicrental.com\/es\/wp-json\/wp\/v2\/product\/2261","targetHints":{"allow":["GET"]}}],"collection":[{"href":"https:\/\/shinemusicrental.com\/es\/wp-json\/wp\/v2\/product"}],"about":[{"href":"https:\/\/shinemusicrental.com\/es\/wp-json\/wp\/v2\/types\/product"}],"replies":[{"embeddable":true,"href":"https:\/\/shinemusicrental.com\/es\/wp-json\/wp\/v2\/comments?post=2261"}],"wp:featuredmedia":[{"embeddable":true,"href":"https:\/\/shinemusicrental.com\/es\/wp-json\/wp\/v2\/media\/2258"}],"wp:attachment":[{"href":"https:\/\/shinemusicrental.com\/es\/wp-json\/wp\/v2\/media?parent=2261"}],"wp:term":[{"taxonomy":"product_brand","embeddable":true,"href":"https:\/\/shinemusicrental.com\/es\/wp-json\/wp\/v2\/product_brand?post=2261"},{"taxonomy":"product_cat","embeddable":true,"href":"https:\/\/shinemusicrental.com\/es\/wp-json\/wp\/v2\/product_cat?post=2261"},{"taxonomy":"product_tag","embeddable":true,"href":"https:\/\/shinemusicrental.com\/es\/wp-json\/wp\/v2\/product_tag?post=2261"}],"curies":[{"name":"wp","href":"https:\/\/api.w.org\/{rel}","templated":true}]}}