{"id":2219,"date":"2022-10-31T12:10:27","date_gmt":"2022-10-31T10:10:27","guid":{"rendered":"http:\/\/www.shinemusicrental.com\/product\/boss-katana-artist-amplificador-de-guitarra\/"},"modified":"2023-03-16T15:00:31","modified_gmt":"2023-03-16T14:00:31","slug":"boss-katana-artist-amplificador-de-guitarra","status":"publish","type":"product","link":"https:\/\/shinemusicrental.com\/es\/product\/boss-katana-artist-amplificador-de-guitarra\/","title":{"rendered":"Boss Katana Artist Amplificador de Guitarra"},"content":{"rendered":"<p>El amplificador de guitarra Boss Katana Artist es una potencia en cuanto a la amplificaci\u00f3n de guitarra, proporcionando un excelente tono y versatilidad para cualquier m\u00fasico. Con una potencia de salida de hasta 100 vatios, este amplificador puede manejar cualquier lugar, desde peque\u00f1os clubes hasta grandes salas de conciertos. Cuenta con cinco caracteres de amplificador \u00fanicos y m\u00e1s de 60 efectos, incluyendo distorsi\u00f3n, delay y reverb, lo que permite a los m\u00fasicos crear su propio sonido distintivo.<\/p>\n<p>Este amplificador de guitarra es una gran opci\u00f3n para aquellos que buscan el alquiler de instrumentos, proporcionando una soluci\u00f3n todo en uno para cualquier guitarrista. Su construcci\u00f3n s\u00f3lida y su interfaz intuitiva lo hacen f\u00e1cil de usar, mientras que sus caracter\u00edsticas avanzadas lo convierten en una excelente opci\u00f3n para m\u00fasicos profesionales. Con el Boss Katana Artist Guitar Amp, los m\u00fasicos pueden liberar su h\u00e9roe interno de la guitarra y tocar como nunca antes, como un surfista cabalgando la ola perfecta.<\/p>\n","protected":false},"excerpt":{"rendered":"<p><strong>Dep\u00f3sito: \u20ac200<\/strong><\/p>\n<div id=\"gtx-trans\" style=\"position: absolute; left: 38px; top: 38.3333px;\">\n<div class=\"gtx-trans-icon\"><\/div>\n<\/div>\n","protected":false},"featured_media":2217,"comment_status":"open","ping_status":"closed","template":"","meta":{"_acf_changed":false,"content-type":""},"product_brand":[],"product_cat":[177,201],"product_tag":[560,461,584,463,489,591,557,680,682,950,567,569,571,563,459,565,559],"class_list":{"0":"post-2219","1":"product","2":"type-product","3":"status-publish","4":"has-post-thumbnail","6":"product_cat-guitarras-y-bajos","7":"product_cat-amplificadores-de-guitarra-electrica","8":"product_tag-alquiler-de-instrumentos-es","9":"product_tag-alquiler-de-instrumentos","10":"product_tag-alquiler-de-instrumentos-es-2","11":"product_tag-alquiler-de-instrumentos-barcelona","12":"product_tag-alquiler-de-instrumentos-barcelona-es","13":"product_tag-alquiler-de-instrumentos-espana-es","14":"product_tag-alquiler-de-instrumentos-espana","15":"product_tag-amplificador","16":"product_tag-amplificador-de-guitarra","17":"product_tag-amplificador-fender","18":"product_tag-guitarra","19":"product_tag-guitarra-barcelona","20":"product_tag-guitarra-de-alquiler","21":"product_tag-guitarra-espana","22":"product_tag-guitarras","23":"product_tag-guitarras-es","24":"product_tag-instrumentos-de-contratacion","26":"first","27":"instock","28":"sold-individually","29":"shipping-taxable","30":"purchasable","31":"product-type-booking"},"booking_location":"","booking_location_type":"","booking_duration":1,"booking_duration_unit":"day","booking_buffer":0,"booking_cost":0,"booking_resources":[],"exclude_global_add_ons":false,"addons":[{"name":"Dep\u00f3sito","type":"checkbox","position":0,"required":false,"title_format":"hide","default":"","description_enable":false,"description":"","placeholder_enable":false,"placeholder":"","display":"select","restrictions_type":"any_text","adjust_price":false,"price":"","price_type":"flat_fee","restrictions":false,"min":"0","max":"0","options":[{"label":"Dep\u00f3sito","price":"200","price_type":"flat_fee","image":0,"visibility":true}]},{"name":"AMPLIFICADORES (todos)","type":"checkbox","position":0,"required":false,"title_format":"label","default":"","description_enable":false,"description":"","placeholder_enable":false,"placeholder":"","display":"select","restrictions_type":"any_text","adjust_price":false,"price":"","price_type":"flat_fee","restrictions":false,"min":"0","max":"0","options":[{"label":"Cable de Instrumento Jack 1\/4","price":"5.00","price_type":"quantity_based","image":0,"visibility":true},{"label":"DI Box","price":"5.00","price_type":"quantity_based","image":0,"visibility":true}]}],"acf":{"set_to_be_sold":false,"sale_description":"","sale_price":""},"_links":{"self":[{"href":"https:\/\/shinemusicrental.com\/es\/wp-json\/wp\/v2\/product\/2219","targetHints":{"allow":["GET"]}}],"collection":[{"href":"https:\/\/shinemusicrental.com\/es\/wp-json\/wp\/v2\/product"}],"about":[{"href":"https:\/\/shinemusicrental.com\/es\/wp-json\/wp\/v2\/types\/product"}],"replies":[{"embeddable":true,"href":"https:\/\/shinemusicrental.com\/es\/wp-json\/wp\/v2\/comments?post=2219"}],"wp:featuredmedia":[{"embeddable":true,"href":"https:\/\/shinemusicrental.com\/es\/wp-json\/wp\/v2\/media\/2217"}],"wp:attachment":[{"href":"https:\/\/shinemusicrental.com\/es\/wp-json\/wp\/v2\/media?parent=2219"}],"wp:term":[{"taxonomy":"product_brand","embeddable":true,"href":"https:\/\/shinemusicrental.com\/es\/wp-json\/wp\/v2\/product_brand?post=2219"},{"taxonomy":"product_cat","embeddable":true,"href":"https:\/\/shinemusicrental.com\/es\/wp-json\/wp\/v2\/product_cat?post=2219"},{"taxonomy":"product_tag","embeddable":true,"href":"https:\/\/shinemusicrental.com\/es\/wp-json\/wp\/v2\/product_tag?post=2219"}],"curies":[{"name":"wp","href":"https:\/\/api.w.org\/{rel}","templated":true}]}}